{"id":612,"date":"2021-03-26T10:04:13","date_gmt":"2021-03-26T10:04:13","guid":{"rendered":"http:\/\/localhost\/nuss\/?page_id=612"},"modified":"2025-12-04T09:14:56","modified_gmt":"2025-12-04T09:14:56","slug":"ristorante","status":"publish","type":"page","link":"https:\/\/sunworldhotelwangfujing.com\/it\/ristorante\/","title":{"rendered":"Ristorante"},"content":{"rendered":"<div data-elementor-type=\"wp-page\" data-elementor-id=\"612\" class=\"elementor elementor-612\">\n\t\t\t\t\t\t<section class=\"elementor-section elementor-top-section elementor-element elementor-element-e2effe8 elementor-section-boxed elementor-section-gap-beside-yes elementor-section-height-default elementor-section-height-default elementor-section-column-vertical-align-stretch\" data-id=\"e2effe8\" data-element_type=\"section\" data-e-type=\"section\">\n\t\t\t\t\t\t<div class=\"elementor-container elementor-column-gap-extended\">\n\t\t\t\t\t<div class=\"elementor-column elementor-col-100 elementor-top-column elementor-element elementor-element-e18f688\" data-id=\"e18f688\" data-element_type=\"column\" data-e-type=\"column\">\n\t\t\t<div class=\"elementor-widget-wrap elementor-element-populated\">\n\t\t\t\t\t\t<div class=\"elementor-element elementor-element-6db146d elementor-widget__width-initial elementor-invisible elementor-widget elementor-widget-text-editor\" data-id=\"6db146d\" data-element_type=\"widget\" data-e-type=\"widget\" data-settings=\"{&quot;_animation&quot;:&quot;nussFadeInUp&quot;}\" data-widget_type=\"text-editor.default\">\n\t\t\t\t\t\t\t\t\t<p>Assaporate i sapori della tradizione e della cucina globale nel ristorante in loco del Sunworld Hotel di Pechino<\/p>\t\t\t\t\t\t\t\t<\/div>\n\t\t\t\t\t<\/div>\n\t\t<\/div>\n\t\t\t\t\t<\/div>\n\t\t<\/section>\n\t\t<div class=\"elementor-element elementor-element-4f691db e-flex e-con-boxed e-con e-parent\" data-id=\"4f691db\" data-element_type=\"container\" data-e-type=\"container\">\n\t\t\t\t\t<div class=\"e-con-inner\">\n\t\t<div class=\"elementor-element elementor-element-0a085d6 e-con-full e-flex e-con e-child\" data-id=\"0a085d6\" data-element_type=\"container\" data-e-type=\"container\">\n\t\t\t\t<div class=\"elementor-element elementor-element-438a8ed elementor-widget elementor-widget-text-editor\" data-id=\"438a8ed\" data-element_type=\"widget\" data-e-type=\"widget\" data-widget_type=\"text-editor.default\">\n\t\t\t\t\t\t\t\t\t<p data-spm-anchor-id=\"a2ty_o01.29997173.0.i58.3c1ec921Rt8uS3\">Immerso nel cuore della capitale cinese a <strong>No. 88 Dengshikou Street, Distretto di Dongcheng (Pechino, 100006) <\/strong>, IL <strong>Sunworld Hotel Pechino <\/strong> Offre pi\u00f9 di una semplice posizione comoda e sistemazioni eleganti: \u00e8 la sede di un&#039;esperienza culinaria che delizia sia gli ospiti che i clienti locali. Il nostro ristorante in loco, progettato con cura all&#039;insegna del comfort e dell&#039;eleganza, \u00e8 un punto di riferimento per nutrirsi, rilassarsi ed esplorare la cultura attraverso il cibo.<\/p><p data-spm-anchor-id=\"a2ty_o01.29997173.0.i59.3c1ec921Rt8uS3\">Che tu voglia iniziare la giornata con una ricca colazione prima di esplorare la Citt\u00e0 Proibita, gustarti un pranzo soddisfacente dopo una mattinata di riunioni o rilassarti con una deliziosa cena dopo una lunga giornata di visite turistiche, il nostro ristorante \u00e8 pensato per soddisfare le tue esigenze con stile e gusto.<\/p>\t\t\t\t\t\t\t\t<\/div>\n\t\t\t\t<\/div>\n\t\t<div class=\"elementor-element elementor-element-d1d0c67 e-con-full e-flex e-con e-child\" data-id=\"d1d0c67\" data-element_type=\"container\" data-e-type=\"container\">\n\t\t\t\t<div class=\"elementor-element elementor-element-0f936b8 elementor-widget elementor-widget-image\" data-id=\"0f936b8\" data-element_type=\"widget\" data-e-type=\"widget\" data-widget_type=\"image.default\">\n\t\t\t\t\t\t\t\t\t\t\t\t\t\t\t<img fetchpriority=\"high\" decoding=\"async\" width=\"1024\" height=\"682\" src=\"https:\/\/sunworldhotelwangfujing.com\/wp-content\/uploads\/2025\/07\/Sunworld-Hotel-Wangfujing-Beijing-23-1024x682.webp\" class=\"attachment-large size-large wp-image-5570\" alt=\"\" srcset=\"https:\/\/sunworldhotelwangfujing.com\/wp-content\/uploads\/2025\/07\/Sunworld-Hotel-Wangfujing-Beijing-23-1024x682.webp 1024w, https:\/\/sunworldhotelwangfujing.com\/wp-content\/uploads\/2025\/07\/Sunworld-Hotel-Wangfujing-Beijing-23-300x200.webp 300w, https:\/\/sunworldhotelwangfujing.com\/wp-content\/uploads\/2025\/07\/Sunworld-Hotel-Wangfujing-Beijing-23-768x512.webp 768w, https:\/\/sunworldhotelwangfujing.com\/wp-content\/uploads\/2025\/07\/Sunworld-Hotel-Wangfujing-Beijing-23-18x12.webp 18w, https:\/\/sunworldhotelwangfujing.com\/wp-content\/uploads\/2025\/07\/Sunworld-Hotel-Wangfujing-Beijing-23.webp 1280w\" sizes=\"(max-width: 1024px) 100vw, 1024px\" \/>\t\t\t\t\t\t\t\t\t\t\t\t\t\t\t<\/div>\n\t\t\t\t<\/div>\n\t\t\t\t\t<\/div>\n\t\t\t\t<\/div>\n\t\t<div class=\"elementor-element elementor-element-abb8f30 e-flex e-con-boxed e-con e-parent\" data-id=\"abb8f30\" data-element_type=\"container\" data-e-type=\"container\">\n\t\t\t\t\t<div class=\"e-con-inner\">\n\t\t<div class=\"elementor-element elementor-element-6fe7cd9 e-con-full e-flex e-con e-child\" data-id=\"6fe7cd9\" data-element_type=\"container\" data-e-type=\"container\">\n\t\t\t\t<div class=\"elementor-element elementor-element-b504cf1 elementor-widget elementor-widget-image\" data-id=\"b504cf1\" data-element_type=\"widget\" data-e-type=\"widget\" data-widget_type=\"image.default\">\n\t\t\t\t\t\t\t\t\t\t\t\t\t\t\t<img decoding=\"async\" width=\"572\" height=\"853\" src=\"https:\/\/sunworldhotelwangfujing.com\/wp-content\/uploads\/2025\/07\/Sunworld-Hotel-Wangfujing-Beijing-28.webp\" class=\"attachment-large size-large wp-image-5575\" alt=\"\" srcset=\"https:\/\/sunworldhotelwangfujing.com\/wp-content\/uploads\/2025\/07\/Sunworld-Hotel-Wangfujing-Beijing-28.webp 572w, https:\/\/sunworldhotelwangfujing.com\/wp-content\/uploads\/2025\/07\/Sunworld-Hotel-Wangfujing-Beijing-28-201x300.webp 201w, https:\/\/sunworldhotelwangfujing.com\/wp-content\/uploads\/2025\/07\/Sunworld-Hotel-Wangfujing-Beijing-28-8x12.webp 8w\" sizes=\"(max-width: 572px) 100vw, 572px\" \/>\t\t\t\t\t\t\t\t\t\t\t\t\t\t\t<\/div>\n\t\t\t\t<\/div>\n\t\t<div class=\"elementor-element elementor-element-3e84584 e-con-full e-flex e-con e-child\" data-id=\"3e84584\" data-element_type=\"container\" data-e-type=\"container\">\n\t\t\t\t<div class=\"elementor-element elementor-element-58b065e elementor-widget elementor-widget-text-editor\" data-id=\"58b065e\" data-element_type=\"widget\" data-e-type=\"widget\" data-widget_type=\"text-editor.default\">\n\t\t\t\t\t\t\t\t\t<h4 data-spm-anchor-id=\"a2ty_o01.29997173.0.i61.3c1ec921Rt8uS3\">Un viaggio culinario radicato nell&#039;autenticit\u00e0<\/h4><p data-spm-anchor-id=\"a2ty_o01.29997173.0.i60.3c1ec921Rt8uS3\">Al Sunworld Hotel di Pechino, crediamo che il cibo sia uno dei modi pi\u00f9 autentici per vivere una destinazione e il nostro ristorante riflette questa filosofia. Il nostro menu \u00e8 un mix accuratamente selezionato di <strong>cucina tradizionale cinese <\/strong>, che mette in mostra specialit\u00e0 regionali provenienti da tutto il paese e <strong>piatti internazionali <\/strong> che soddisfano i gusti di tutto il mondo. Dai saporiti dim sum all&#039;anatra alla pechinese, dalla pasta in stile occidentale alla carne alla griglia e alle insalate fresche, ce n&#039;\u00e8 per tutti i gusti.<\/p><p>I nostri chef portano in cucina anni di esperienza e passione, utilizzando <strong>ingredienti freschi di provenienza locale <\/strong> Per creare piatti non solo saporiti, ma anche sani e visivamente accattivanti. Ogni piatto racconta una storia, che si tratti della tradizione secolare di una classica ricetta pechinese o del tocco moderno aggiunto a un amato piatto internazionale.<\/p><h4>Un&#039;esperienza culinaria pensata per il comfort e la praticit\u00e0<\/h4><p>L&#039;atmosfera del nostro ristorante completa la ricca offerta culinaria. Con un&#039;atmosfera calda e accogliente, un arredamento contemporaneo e un servizio attento, cenare qui \u00e8 come prendersi una pausa dal trambusto cittadino. Che viaggiate da soli, in famiglia o in gruppo, la nostra disposizione garantisce un&#039;esperienza confortevole per ogni tipo di ospite.<\/p><p data-spm-anchor-id=\"a2ty_o01.29997173.0.i62.3c1ec921Rt8uS3\">Aperto tutti i giorni per <strong>colazione, pranzo e cena <\/strong>, il ristorante offre anche <strong>servizio in camera <\/strong>, cos\u00ec potrai gustare un pasto nella privacy della tua camera dopo un lungo viaggio o un&#039;intera giornata trascorsa ad esplorare le principali attrazioni di Pechino. <strong>tempistica conveniente <\/strong>, <strong>servizio efficiente <\/strong>, E <strong>variet\u00e0 di opzioni <\/strong> rendendolo uno dei preferiti sia dagli ospiti dell&#039;hotel che dai visitatori delle vicinanze.<\/p>\t\t\t\t\t\t\t\t<\/div>\n\t\t\t\t<\/div>\n\t\t\t\t\t<\/div>\n\t\t\t\t<\/div>\n\t\t<div class=\"elementor-element elementor-element-e80eb9f e-flex e-con-boxed e-con e-parent\" data-id=\"e80eb9f\" data-element_type=\"container\" data-e-type=\"container\">\n\t\t\t\t\t<div class=\"e-con-inner\">\n\t\t<div class=\"elementor-element elementor-element-a67b618 e-con-full e-flex e-con e-child\" data-id=\"a67b618\" data-element_type=\"container\" data-e-type=\"container\">\n\t\t\t\t<div class=\"elementor-element elementor-element-1b02627 elementor-widget elementor-widget-text-editor\" data-id=\"1b02627\" data-element_type=\"widget\" data-e-type=\"widget\" data-widget_type=\"text-editor.default\">\n\t\t\t\t\t\t\t\t\t<h4 data-spm-anchor-id=\"a2ty_o01.29997173.0.i64.3c1ec921Rt8uS3\">Posizionato perfettamente per l&#039;esplorazione<\/h4><p>Grazie alla nostra posizione privilegiata in <strong>Distretto di Dongcheng <\/strong>, a pochi minuti da <strong>Piazza Tienanmen <\/strong>, IL <strong>Citt\u00e0 Proibita <\/strong>, E <strong>Via dello shopping Wangfujing <\/strong>Molti viaggiatori scelgono di iniziare o concludere la giornata con un pasto nel nostro ristorante. \u00c8 il luogo perfetto per rifocillarsi tra una visita ai monumenti storici di Pechino e l&#039;altra o per rilassarsi con una tazza di t\u00e8 appena fatto mentre si pianifica la prossima avventura.<\/p><p>I professionisti del settore locale, i turisti e persino gli ospiti abituali elogiano spesso il nostro ristorante per il suo <strong>qualit\u00e0 costante <\/strong>, <strong>sapori autentici <\/strong>, E <strong>ambiente confortevole <\/strong>Recensioni su piattaforme come <strong>TripAdvisor <\/strong>, <strong>Prenotazione.com <\/strong>, E <strong>Agoda <\/strong> spesso evidenziano il <strong>porzioni generose <\/strong>, <strong>ambiente pulito <\/strong>, E <strong>personale attento <\/strong> che contribuiscono a rendere piacevole l&#039;esperienza culinaria.<\/p><h4>Sostenibilit\u00e0 e qualit\u00e0 da assaporare<\/h4><p data-spm-anchor-id=\"a2ty_o01.29997173.0.i63.3c1ec921Rt8uS3\">Oltre ad offrire un men\u00f9 vario e delizioso, ci impegniamo a mantenere elevati standard di <strong>sicurezza alimentare, igiene e sostenibilit\u00e0 <\/strong>Collaboriamo a stretto contatto con fornitori fidati per garantire che i nostri ingredienti siano freschi, di provenienza etica e rispettosi dell&#039;ambiente. Questa dedizione alla qualit\u00e0 \u00e8 evidente in ogni boccone e sottolinea il nostro impegno nel offrire un&#039;esperienza culinaria che faccia sentire bene gli ospiti.<\/p>\t\t\t\t\t\t\t\t<\/div>\n\t\t\t\t<\/div>\n\t\t<div class=\"elementor-element elementor-element-bfdfcff e-con-full e-flex e-con e-child\" data-id=\"bfdfcff\" data-element_type=\"container\" data-e-type=\"container\">\n\t\t\t\t<div class=\"elementor-element elementor-element-e874a17 elementor-widget elementor-widget-image\" data-id=\"e874a17\" data-element_type=\"widget\" data-e-type=\"widget\" data-widget_type=\"image.default\">\n\t\t\t\t\t\t\t\t\t\t\t\t\t\t\t<img decoding=\"async\" width=\"1024\" height=\"682\" src=\"https:\/\/sunworldhotelwangfujing.com\/wp-content\/uploads\/2025\/07\/Sunworld-Hotel-Wangfujing-Beijing-20-1024x682.webp\" class=\"attachment-large size-large wp-image-5567\" alt=\"\" srcset=\"https:\/\/sunworldhotelwangfujing.com\/wp-content\/uploads\/2025\/07\/Sunworld-Hotel-Wangfujing-Beijing-20-1024x682.webp 1024w, https:\/\/sunworldhotelwangfujing.com\/wp-content\/uploads\/2025\/07\/Sunworld-Hotel-Wangfujing-Beijing-20-300x200.webp 300w, https:\/\/sunworldhotelwangfujing.com\/wp-content\/uploads\/2025\/07\/Sunworld-Hotel-Wangfujing-Beijing-20-768x512.webp 768w, https:\/\/sunworldhotelwangfujing.com\/wp-content\/uploads\/2025\/07\/Sunworld-Hotel-Wangfujing-Beijing-20-18x12.webp 18w, https:\/\/sunworldhotelwangfujing.com\/wp-content\/uploads\/2025\/07\/Sunworld-Hotel-Wangfujing-Beijing-20.webp 1280w\" sizes=\"(max-width: 1024px) 100vw, 1024px\" \/>\t\t\t\t\t\t\t\t\t\t\t\t\t\t\t<\/div>\n\t\t\t\t<\/div>\n\t\t\t\t\t<\/div>\n\t\t\t\t<\/div>\n\t\t<div class=\"elementor-element elementor-element-8dc9fa9 e-flex e-con-boxed e-con e-parent\" data-id=\"8dc9fa9\" data-element_type=\"container\" data-e-type=\"container\">\n\t\t\t\t\t<div class=\"e-con-inner\">\n\t\t\t\t<div class=\"elementor-element elementor-element-6b42d56 elementor-widget elementor-widget-nuss-heading\" data-id=\"6b42d56\" data-element_type=\"widget\" data-e-type=\"widget\" data-widget_type=\"nuss-heading.default\">\n\t\t\t\t<div class=\"elementor-widget-container\">\n\t\t\t\t\t\t\t<div class=\"nuss-modern-heading\">\r\n\t\t\t\t\t\t<div class=\"heading-secondary-wrap\">\r\n\t\t\t\t<h3 class=\"heading-secondary elementor-heading-title\">Vieni a provare la differenza <\/h3>\t\t\t<\/div>\r\n\t\t\r\n\t\t\t\r\n\t\t\t\r\n\t\t\t\t\t<\/div>\r\n\t\t\t\t\t<\/div>\n\t\t\t\t<\/div>\n\t\t\t\t<div class=\"elementor-element elementor-element-ffea837 elementor-widget elementor-widget-text-editor\" data-id=\"ffea837\" data-element_type=\"widget\" data-e-type=\"widget\" data-widget_type=\"text-editor.default\">\n\t\t\t\t\t\t\t\t\t<p>Che tu abbia voglia delle spezie audaci della cucina del Sichuan, dei sapori delicati dei piatti cantonesi o della confortante familiarit\u00e0 della cucina occidentale, il ristorante di <strong>Sunworld Hotel Pechino <\/strong> promette un viaggio culinario memorabile. Il nostro team \u00e8 orgoglioso di servire piatti che vanno oltre il semplice sostentamento: offrono un assaggio della cultura, del calore e dell&#039;ospitalit\u00e0 che definiscono il nostro marchio.<\/p><p>Allora, venite a trovarci a <strong>Via Dengshikou n. 88 <\/strong> e concediti un pasto che soddisfi ben pi\u00f9 del tuo appetito. Al Sunworld Hotel Beijing, ogni piatto \u00e8 preparato con cura, ogni ospite \u00e8 accolto come uno di famiglia e ogni pasto \u00e8 un motivo in pi\u00f9 per innamorarsi della citt\u00e0.<\/p><div class=\"my-2\">\u00a0<\/div><div class=\"py-2 my-3\"><hr \/><\/div><p><strong>Prenota oggi stesso il tuo soggiorno e scopri perch\u00e9 il nostro ristorante sta diventando una meta imperdibile nel distretto di Dongcheng. Le tue papille gustative e i tuoi ricordi di viaggio ti ringrazieranno. <\/strong><\/p>\t\t\t\t\t\t\t\t<\/div>\n\t\t\t\t\t<\/div>\n\t\t\t\t<\/div>\n\t\t\t\t<\/div>","protected":false},"excerpt":{"rendered":"<p>Savor the Flavors of Tradition &amp; Global Cuisine at Sunworld Hotel Beijing\u2019s On-Site Restaurant Nestled in the heart of China\u2019s capital at No. 88 Dengshikou Street, Dongcheng District (Beijing, 100006) , the Sunworld Hotel Beijing offers more than just a convenient location and elegant accommodations \u2014 it is home to a culinary experience that delights [&hellip;]<\/p>\n","protected":false},"author":1,"featured_media":0,"parent":0,"menu_order":0,"comment_status":"closed","ping_status":"closed","template":"","meta":{"footnotes":""},"class_list":["post-612","page","type-page","status-publish","hentry","post-no-thumbnail"],"_links":{"self":[{"href":"https:\/\/sunworldhotelwangfujing.com\/it\/wp-json\/wp\/v2\/pages\/612","targetHints":{"allow":["GET"]}}],"collection":[{"href":"https:\/\/sunworldhotelwangfujing.com\/it\/wp-json\/wp\/v2\/pages"}],"about":[{"href":"https:\/\/sunworldhotelwangfujing.com\/it\/wp-json\/wp\/v2\/types\/page"}],"author":[{"embeddable":true,"href":"https:\/\/sunworldhotelwangfujing.com\/it\/wp-json\/wp\/v2\/users\/1"}],"replies":[{"embeddable":true,"href":"https:\/\/sunworldhotelwangfujing.com\/it\/wp-json\/wp\/v2\/comments?post=612"}],"version-history":[{"count":0,"href":"https:\/\/sunworldhotelwangfujing.com\/it\/wp-json\/wp\/v2\/pages\/612\/revisions"}],"wp:attachment":[{"href":"https:\/\/sunworldhotelwangfujing.com\/it\/wp-json\/wp\/v2\/media?parent=612"}],"curies":[{"name":"parola chiave","href":"https:\/\/api.w.org\/{rel}","templated":true}]}}