{"id":2108,"date":"2021-03-26T06:46:16","date_gmt":"2021-03-26T06:46:16","guid":{"rendered":"http:\/\/localhost\/nuss\/?page_id=437"},"modified":"2025-12-04T09:15:17","modified_gmt":"2025-12-04T09:15:17","slug":"centro-benessere","status":"publish","type":"page","link":"https:\/\/sunworldhotelwangfujing.com\/it\/centro-benessere\/","title":{"rendered":"Spa"},"content":{"rendered":"<div data-elementor-type=\"wp-page\" data-elementor-id=\"2108\" class=\"elementor elementor-2108\">\n\t\t\t\t\t\t<section class=\"elementor-section elementor-top-section elementor-element elementor-element-e56a0cd elementor-section-boxed elementor-section-gap-beside-yes elementor-section-height-default elementor-section-height-default elementor-section-column-vertical-align-stretch\" data-id=\"e56a0cd\" data-element_type=\"section\" data-e-type=\"section\">\n\t\t\t\t\t\t<div class=\"elementor-container elementor-column-gap-extended\">\n\t\t\t\t\t<div class=\"elementor-column elementor-col-100 elementor-top-column elementor-element elementor-element-0b4465f\" data-id=\"0b4465f\" data-element_type=\"column\" data-e-type=\"column\">\n\t\t\t<div class=\"elementor-widget-wrap elementor-element-populated\">\n\t\t\t\t\t\t<div class=\"elementor-element elementor-element-c5bfb65 elementor-widget__width-initial elementor-invisible elementor-widget elementor-widget-text-editor\" data-id=\"c5bfb65\" data-element_type=\"widget\" data-e-type=\"widget\" data-settings=\"{&quot;_animation&quot;:&quot;nussFadeInUp&quot;}\" data-widget_type=\"text-editor.default\">\n\t\t\t\t\t\t\t\t\t<p data-spm-anchor-id=\"a2ty_o01.29997173.0.i106.3c1ec921Rt8uS3\">Nel cuore del frenetico paesaggio urbano di Pechino, trovare uno spazio che favorisca la tranquillit\u00e0 pu\u00f2 essere raro, ma al Sunworld Hotel abbiamo creato un&#039;oasi dove il lusso moderno incontra le arti curative tradizionali cinesi. Che siate in viaggio d&#039;affari, per turismo o per un&#039;immersione culturale, i nostri centri benessere sono attentamente curati per offrire una fuga olistica dalle esigenze della vita quotidiana.<\/p>\t\t\t\t\t\t\t\t<\/div>\n\t\t\t\t\t<\/div>\n\t\t<\/div>\n\t\t\t\t\t<\/div>\n\t\t<\/section>\n\t\t<div class=\"elementor-element elementor-element-118eab0 e-flex e-con-boxed e-con e-parent\" data-id=\"118eab0\" data-element_type=\"container\" data-e-type=\"container\">\n\t\t\t\t\t<div class=\"e-con-inner\">\n\t\t\t\t<div class=\"elementor-element elementor-element-08dcd7f elementor-widget elementor-widget-image\" data-id=\"08dcd7f\" data-element_type=\"widget\" data-e-type=\"widget\" data-widget_type=\"image.default\">\n\t\t\t\t\t\t\t\t\t\t\t\t\t\t\t<img fetchpriority=\"high\" decoding=\"async\" width=\"1024\" height=\"640\" src=\"https:\/\/sunworldhotelwangfujing.com\/wp-content\/uploads\/2025\/07\/Sunworld-Hotel-Wangfujing-Beijing-11-1024x640.webp\" class=\"attachment-large size-large wp-image-5558\" alt=\"\" srcset=\"https:\/\/sunworldhotelwangfujing.com\/wp-content\/uploads\/2025\/07\/Sunworld-Hotel-Wangfujing-Beijing-11-1024x640.webp 1024w, https:\/\/sunworldhotelwangfujing.com\/wp-content\/uploads\/2025\/07\/Sunworld-Hotel-Wangfujing-Beijing-11-300x188.webp 300w, https:\/\/sunworldhotelwangfujing.com\/wp-content\/uploads\/2025\/07\/Sunworld-Hotel-Wangfujing-Beijing-11-768x480.webp 768w, https:\/\/sunworldhotelwangfujing.com\/wp-content\/uploads\/2025\/07\/Sunworld-Hotel-Wangfujing-Beijing-11-18x12.webp 18w, https:\/\/sunworldhotelwangfujing.com\/wp-content\/uploads\/2025\/07\/Sunworld-Hotel-Wangfujing-Beijing-11.webp 1280w\" sizes=\"(max-width: 1024px) 100vw, 1024px\" \/>\t\t\t\t\t\t\t\t\t\t\t\t\t\t\t<\/div>\n\t\t\t\t\t<\/div>\n\t\t\t\t<\/div>\n\t\t<div class=\"elementor-element elementor-element-bae79b7 e-flex e-con-boxed e-con e-parent\" data-id=\"bae79b7\" data-element_type=\"container\" data-e-type=\"container\">\n\t\t\t\t\t<div class=\"e-con-inner\">\n\t\t\t\t<div class=\"elementor-element elementor-element-97afb62 elementor-widget elementor-widget-text-editor\" data-id=\"97afb62\" data-element_type=\"widget\" data-e-type=\"widget\" data-widget_type=\"text-editor.default\">\n\t\t\t\t\t\t\t\t\t<h4>Un santuario progettato per la serenit\u00e0<\/h4><p>Entra nel nostro <strong>Centro benessere <\/strong>, dove luci soffuse, aromi rilassanti e musica rilassante creano l&#039;atmosfera ideale per il relax. L&#039;atmosfera \u00e8 ispirata da entrambi <strong>Filosofie del benessere orientale <\/strong> E <strong>design spa contemporaneo <\/strong>, garantendo un perfetto connubio tra autenticit\u00e0 e comfort moderno. Dal momento in cui entrerete, sentirete lo stress del viaggio e della vita cittadina dissolversi.<\/p><p data-spm-anchor-id=\"a2ty_o01.29997173.0.i109.3c1ec921Rt8uS3\">Le nostre sale per trattamenti sono spaziose, insonorizzate e dotate di comfort di alta qualit\u00e0 per garantire la massima privacy e comfort. Ogni sessione \u00e8 condotta da <strong>terapisti esperti e professionalmente formati <\/strong> specializzati sia nelle terapie tradizionali cinesi che nelle tecniche di benessere internazionali.<\/p><h4 data-spm-anchor-id=\"a2ty_o01.29997173.0.i107.3c1ec921Rt8uS3\">La medicina tradizionale incontra il lusso moderno<\/h4><p>Al centro della nostra filosofia di benessere c&#039;\u00e8 la convinzione che il vero relax derivi dal trattare corpo, mente e spirito come un tutt&#039;uno. Ecco perch\u00e9 il nostro menu di servizi include:<\/p><ul><li><strong>Agopressione tradizionale cinese e massaggio Tui Na <\/strong>: Terapie dei tessuti profondi che affondano le radici in pratiche secolari per alleviare la tensione muscolare, migliorare la circolazione e ripristinare il flusso di energia.<\/li><li><strong>Massaggio aromaterapico <\/strong>: Miscele di oli essenziali personalizzate, adatte al tuo umore e alle tue esigenze, per un profondo rilassamento ed equilibrio emotivo.<\/li><li><strong>Trattamenti viso <\/strong>:Utilizzando prodotti per la cura della pelle di alta qualit\u00e0, i nostri trattamenti per il viso mirano all&#039;idratazione, alla lotta contro l&#039;invecchiamento e alla purificazione della pelle per un colorito radioso.<\/li><li><strong>Scrub e impacchi per il corpo <\/strong>: Trattamenti esfolianti che lasciano la pelle fresca e setosa.<\/li><li><strong>Riflessologia plantare <\/strong>: Un metodo terapeutico che si concentra sui punti di pressione dei piedi per promuovere la salute generale e l&#039;armonia interiore.<\/li><li><strong>Sauna e bagni di vapore <\/strong>: Ideale per la disintossicazione e il recupero muscolare dopo una lunga giornata trascorsa ad esplorare Pechino.<\/li><\/ul><p>Che si opti per una rapida sessione antistress o per un percorso benessere di un&#039;intera giornata, la nostra spa offre un approccio personalizzato alla cura di s\u00e9.<\/p><h4>Servizi gratuiti per il rilassamento olistico<\/h4><p>Oltre alla nostra offerta di trattamenti, l&#039;area benessere offre anche <strong>sauna e bagni di vapore <\/strong>, <strong>sale relax <\/strong>, E <strong>angoli per tisane <\/strong>, permettendovi di estendere la vostra esperienza oltre il lettino da massaggio. Gli ospiti sono incoraggiati a prendersi il tempo necessario prima e dopo i trattamenti, immergendosi nell&#039;atmosfera e permettendo ai benefici di integrarsi completamente nel loro corpo.<\/p><p>Forniamo anche <strong>esercizi di respirazione guidata <\/strong>, <strong>sedute di stretching leggero <\/strong>, E <strong>spazi di meditazione tranquilli <\/strong> su richiesta: perfetto per i viaggiatori che cercano chiarezza mentale e pace interiore in mezzo al ritmo frenetico della vita cittadina.<\/p><h4>Posizione perfetta per i viaggiatori in cerca di equilibrio<\/h4><p>Situato nel <strong>distretto di Dongcheng, ricco di storia <\/strong>, il Sunworld Hotel Beijing \u00e8 circondato da alcuni dei monumenti pi\u00f9 iconici della capitale, tra cui <strong>Piazza Tienanmen <\/strong>, IL <strong>Citt\u00e0 Proibita <\/strong>, E <strong>Via dello shopping Wangfujing <\/strong>Dopo un&#039;intera giornata di esplorazioni o riunioni, tornare nei nostri centri benessere diventa il modo ideale per rilassarsi e rigenerarsi.<\/p><p>La comodit\u00e0 di trovarsi a pochi minuti dalle principali attrazioni di Pechino, unita alla serenit\u00e0 del nostro ambiente benessere, rende il Sunworld Hotel una destinazione unica per i viaggiatori che apprezzano sia l&#039;avventura che la cura di s\u00e9.<\/p><h4>Impegno per la pulizia e la sicurezza<\/h4><p>Il vostro benessere \u00e8 la nostra massima priorit\u00e0. Le nostre strutture benessere aderiscono ai pi\u00f9 elevati standard igienici, con la sanificazione regolare di tutte le attrezzature, della biancheria e delle aree comuni. Tutti i terapisti seguono rigorosi protocolli sanitari e sono disponibili appuntamenti privati per garantire il distanziamento sociale e un&#039;attenzione personalizzata.<\/p><p>Offriamo anche <strong>prodotti ecocompatibili <\/strong> E <strong>ingredienti naturali <\/strong> ove possibile, riflettendo il nostro impegno verso la sostenibilit\u00e0 e la salute olistica.<\/p><div class=\"py-2 my-3\"><hr \/><\/div><h3>Perch\u00e9 scegliere i nostri centri benessere?<\/h3><ul><li>\u2705 Terapisti esperti formati nelle tradizioni del benessere sia orientali che occidentali<\/li><li>\u2705 Autentiche terapie curative cinesi come Tui Na, digitopressione e riflessologia<\/li><li>\u2705 Ambiente lussuoso pensato per il relax e la lucidit\u00e0 mentale<\/li><li>\u2705 Accesso gratuito alla sauna, al bagno turco e alla sala tisaneria<\/li><li>\u2705 Posizione strategica vicino alle principali attrazioni di Pechino<\/li><li>\u2705 Elevati standard di pulizia e sicurezza con pratiche eco-compatibili<\/li><\/ul><p>Che tu stia recuperando dal jet lag, alleviando l&#039;affaticamento muscolare dopo una giornata trascorsa a camminare tra antichi palazzi o semplicemente desiderando un momento di pace, il nostro <strong>strutture benessere al Sunworld Hotel di Pechino <\/strong> offrono il rifugio perfetto.<\/p><div class=\"py-2 my-3\"><hr \/><\/div><p data-spm-anchor-id=\"a2ty_o01.29997173.0.i102.3c1ec921Rt8uS3\"><strong data-spm-anchor-id=\"a2ty_o01.29997173.0.i104.3c1ec921Rt8uS3\">Prenota oggi stesso il tuo soggiorno e scopri il potere trasformativo del benessere olistico nel cuore della capitale cinese. Al Sunworld Hotel Beijing, non offriamo solo un posto dove dormire: ti invitiamo a guarire, rilassarti e riscoprire te stesso. <\/strong><\/p>\t\t\t\t\t\t\t\t<\/div>\n\t\t\t\t\t<\/div>\n\t\t\t\t<\/div>\n\t\t\t\t<\/div>","protected":false},"excerpt":{"rendered":"<p>In the midst of Beijing\u2019s bustling urban landscape, finding a space that nurtures tranquility can be rare \u2014 but at Sunworld Hotel, we\u2019ve created an oasis where modern luxury meets traditional Chinese healing arts. Whether you&#8217;re visiting for business, sightseeing, or cultural immersion, our wellness facilities are thoughtfully curated to offer a holistic escape from [&hellip;]<\/p>\n","protected":false},"author":1,"featured_media":0,"parent":0,"menu_order":0,"comment_status":"closed","ping_status":"closed","template":"","meta":{"footnotes":""},"class_list":["post-2108","page","type-page","status-publish","hentry","post-no-thumbnail"],"_links":{"self":[{"href":"https:\/\/sunworldhotelwangfujing.com\/it\/wp-json\/wp\/v2\/pages\/2108","targetHints":{"allow":["GET"]}}],"collection":[{"href":"https:\/\/sunworldhotelwangfujing.com\/it\/wp-json\/wp\/v2\/pages"}],"about":[{"href":"https:\/\/sunworldhotelwangfujing.com\/it\/wp-json\/wp\/v2\/types\/page"}],"author":[{"embeddable":true,"href":"https:\/\/sunworldhotelwangfujing.com\/it\/wp-json\/wp\/v2\/users\/1"}],"replies":[{"embeddable":true,"href":"https:\/\/sunworldhotelwangfujing.com\/it\/wp-json\/wp\/v2\/comments?post=2108"}],"version-history":[{"count":0,"href":"https:\/\/sunworldhotelwangfujing.com\/it\/wp-json\/wp\/v2\/pages\/2108\/revisions"}],"wp:attachment":[{"href":"https:\/\/sunworldhotelwangfujing.com\/it\/wp-json\/wp\/v2\/media?parent=2108"}],"curies":[{"name":"parola chiave","href":"https:\/\/api.w.org\/{rel}","templated":true}]}}