{"id":2104,"date":"2021-03-23T09:33:48","date_gmt":"2021-03-23T09:33:48","guid":{"rendered":"http:\/\/localhost\/nuss\/?page_id=167"},"modified":"2025-12-04T09:14:47","modified_gmt":"2025-12-04T09:14:47","slug":"la-nostra-storia","status":"publish","type":"page","link":"https:\/\/sunworldhotelwangfujing.com\/it\/la-nostra-storia\/","title":{"rendered":"La nostra storia"},"content":{"rendered":"<div data-elementor-type=\"wp-page\" data-elementor-id=\"2104\" class=\"elementor elementor-2104\">\n\t\t\t\t\t\t<section class=\"elementor-section elementor-top-section elementor-element elementor-element-8f5bb9d elementor-section-boxed elementor-section-gap-beside-yes elementor-section-height-default elementor-section-height-default elementor-section-column-vertical-align-stretch\" data-id=\"8f5bb9d\" data-element_type=\"section\" data-e-type=\"section\">\n\t\t\t\t\t\t<div class=\"elementor-container elementor-column-gap-extended\">\n\t\t\t\t\t<div class=\"elementor-column elementor-col-100 elementor-top-column elementor-element elementor-element-7ec4215\" data-id=\"7ec4215\" data-element_type=\"column\" data-e-type=\"column\">\n\t\t\t<div class=\"elementor-widget-wrap elementor-element-populated\">\n\t\t\t\t\t\t<div class=\"elementor-element elementor-element-edd9d03 elementor-widget__width-initial elementor-invisible elementor-widget elementor-widget-text-editor\" data-id=\"edd9d03\" data-element_type=\"widget\" data-e-type=\"widget\" data-settings=\"{&quot;_animation&quot;:&quot;nussFadeInUp&quot;}\" data-widget_type=\"text-editor.default\">\n\t\t\t\t\t\t\t\t\t<p>La nostra storia \u2013 Il viaggio del Sunworld Hotel di Pechino<\/p>\t\t\t\t\t\t\t\t<\/div>\n\t\t\t\t\t<\/div>\n\t\t<\/div>\n\t\t\t\t\t<\/div>\n\t\t<\/section>\n\t\t<div class=\"elementor-element elementor-element-58eb78b e-flex e-con-boxed e-con e-parent\" data-id=\"58eb78b\" data-element_type=\"container\" data-e-type=\"container\">\n\t\t\t\t\t<div class=\"e-con-inner\">\n\t\t\t\t<div class=\"elementor-element elementor-element-b3151e7 elementor-widget elementor-widget-text-editor\" data-id=\"b3151e7\" data-element_type=\"widget\" data-e-type=\"widget\" data-widget_type=\"text-editor.default\">\n\t\t\t\t\t\t\t\t\t<p>Nel cuore di una delle citt\u00e0 pi\u00f9 ricche di storia e culturalmente vivaci al mondo, il **Sunworld Hotel Beijing** \u00e8 simbolo di un&#039;ospitalit\u00e0 moderna radicata nella tradizione, nel servizio e nell&#039;innovazione. Situato al numero 88 di Dengshikou Street, distretto di Dongcheng (Pechino, 100006)**, il nostro hotel \u00e8 pi\u00f9 di un semplice luogo in cui soggiornare: \u00e8 il culmine di una visione volta a creare una destinazione accogliente dove i viaggiatori di tutto il mondo possano sperimentare il calore dell&#039;ospitalit\u00e0 cinese, godendo al contempo dei comfort di un design contemporaneo e della massima praticit\u00e0.<\/p><p>#### Un&#039;eredit\u00e0 radicata nell&#039;eccellenza<\/p><p>La storia del Sunworld Hotel Beijing inizia con un&#039;idea semplice ma potente: offrire agli ospiti un mix perfetto di comfort, accessibilit\u00e0 e autenticit\u00e0 culturale. Parte del gruppo in crescita **Sunworld Hospitality Group**, noto per il suo impegno verso la qualit\u00e0 e la soddisfazione degli ospiti in tutta l&#039;Asia, la struttura di Pechino \u00e8 stata fondata per accogliere sia i visitatori internazionali che i viaggiatori nazionali in cerca di una sistemazione affidabile e di alto livello nel centro storico della citt\u00e0.<\/p><p>Fin dall&#039;inizio, la nostra missione \u00e8 stata chiara: offrire agli ospiti un&#039;esperienza indimenticabile attraverso un servizio personalizzato, una posizione strategica e spazi progettati con cura, che riflettano sia la modernit\u00e0 sia il fascino profondo di Pechino.<\/p><p>#### Scegliere il cuore della storia e della cultura<\/p><p>Nella scelta della posizione perfetta per il Sunworld Hotel Beijing, sapevamo che doveva essere pi\u00f9 che semplicemente comoda: doveva essere anche stimolante. Ecco perch\u00e9 abbiamo scelto **Dengshikou Street nel distretto di Dongcheng**, un&#039;area ricca di storia e circondata da alcuni dei monumenti pi\u00f9 iconici della capitale. A pochi passi da **Piazza Tienanmen**, dalla **Citt\u00e0 Proibita** e dalla **Wangfujing Shopping Street**, il nostro hotel offre agli ospiti un accesso diretto al passato imperiale e al dinamico presente di Pechino.<\/p><p>Questa posizione privilegiata non \u00e8 stata scelta a caso; riflette la nostra convinzione che il viaggio debba essere una connessione, non solo con i luoghi, ma anche con le persone, la cultura e le esperienze. Che siate qui per lavoro, svago o per esplorare, soggiornare al Sunworld Hotel significa immergersi nell&#039;anima di Pechino.<\/p><p>#### Costruire una casa lontano da casa<\/p><p>Fin dall&#039;apertura, abbiamo lavorato instancabilmente per creare uno spazio che trasmettesse la sensazione di una vera **casa lontano da casa**. Il nostro team sa che ogni viaggiatore \u00e8 unico, che si tratti di un volo a lungo raggio, di una riunione importante o della prima visita in Cina. Ecco perch\u00e9 abbiamo progettato il nostro hotel pensando sia alla praticit\u00e0 che al comfort.<\/p><p>Dalle camere e suite elegantemente arredate al nostro ristorante in loco che serve specialit\u00e0 locali e internazionali, ogni dettaglio \u00e8 stato curato per rendere il vostro soggiorno indimenticabile. Abbiamo investito in servizi all&#039;avanguardia come **Wi-Fi ad alta velocit\u00e0**, **assistenza concierge 24 ore su 24, 7 giorni su 7**, **sale riunioni** e la nostra esclusiva **Wellness Spa**, il tutto per garantire che ogni ospite si senta rigenerato, connesso e ispirato.<\/p><p>#### Crescere con uno scopo<\/p><p>Nel corso degli anni, il Sunworld Hotel Beijing \u00e8 cresciuto non solo in termini di reputazione, ma anche di obiettivi. Siamo orgogliosi di aver accolto migliaia di ospiti da ogni angolo del mondo: dirigenti d&#039;azienda, famiglie, viaggiatori singoli, diplomatici, studenti e avventurieri. Il loro feedback ha plasmato la nostra evoluzione, aiutandoci a perfezionare i nostri servizi, migliorare le nostre strutture e approfondire il nostro impegno per la sostenibilit\u00e0, l&#039;assistenza clienti e il coinvolgimento della comunit\u00e0.<\/p><p>Ci impegniamo costantemente per sostenere i nostri valori di **integrit\u00e0, innovazione e inclusivit\u00e0**, assicurandoci che ogni ospite, indipendentemente dall&#039;origine, dal background o dal motivo della visita, si senta rispettato, apprezzato e accudito.<\/p><p>#### Guardando avanti<\/p><p>Mentre continuiamo il nostro viaggio, rimaniamo concentrati su ci\u00f2 che conta di pi\u00f9: **i nostri ospiti**. Al Sunworld Hotel Beijing, crediamo che l&#039;ospitalit\u00e0 non consista solo nel fornire una camera, ma nel creare momenti che contino. Che si tratti del sorriso di un membro dello staff che ricorda il vostro nome, del profumo della colazione servita fresca ogni mattina o della tranquillit\u00e0 di sapere di soggiornare in uno degli hotel pi\u00f9 rinomati di Pechino, questi sono i dettagli che definiscono la nostra storia.<\/p><p>Grazie per aver fatto parte del nostro viaggio. Non vediamo l&#039;ora di darvi il benvenuto al Sunworld Hotel di Pechino, dove la tradizione incontra la modernit\u00e0 e ogni ospite diventa parte integrante della nostra eredit\u00e0 in continua evoluzione.<\/p><p>\u2014<\/p><p>**Vieni a scoprire la storia dietro il soggiorno. Prenota il tuo viaggio con noi oggi stesso.**<\/p>\t\t\t\t\t\t\t\t<\/div>\n\t\t\t\t\t<\/div>\n\t\t\t\t<\/div>\n\t\t\t\t<\/div>","protected":false},"excerpt":{"rendered":"<p>Our Story \u2013 The Journey of Sunworld Hotel Beijing At the heart of one of the world\u2019s most historically rich and culturally vibrant cities, **Sunworld Hotel Beijing** stands as a symbol of modern hospitality rooted in tradition, service, and innovation. Located at **No. 88 Dengshikou Street, Dongcheng District (Beijing, 100006)**, our hotel is more than [&hellip;]<\/p>\n","protected":false},"author":1,"featured_media":0,"parent":0,"menu_order":0,"comment_status":"closed","ping_status":"closed","template":"","meta":{"footnotes":""},"class_list":["post-2104","page","type-page","status-publish","hentry","post-no-thumbnail"],"_links":{"self":[{"href":"https:\/\/sunworldhotelwangfujing.com\/it\/wp-json\/wp\/v2\/pages\/2104","targetHints":{"allow":["GET"]}}],"collection":[{"href":"https:\/\/sunworldhotelwangfujing.com\/it\/wp-json\/wp\/v2\/pages"}],"about":[{"href":"https:\/\/sunworldhotelwangfujing.com\/it\/wp-json\/wp\/v2\/types\/page"}],"author":[{"embeddable":true,"href":"https:\/\/sunworldhotelwangfujing.com\/it\/wp-json\/wp\/v2\/users\/1"}],"replies":[{"embeddable":true,"href":"https:\/\/sunworldhotelwangfujing.com\/it\/wp-json\/wp\/v2\/comments?post=2104"}],"version-history":[{"count":0,"href":"https:\/\/sunworldhotelwangfujing.com\/it\/wp-json\/wp\/v2\/pages\/2104\/revisions"}],"wp:attachment":[{"href":"https:\/\/sunworldhotelwangfujing.com\/it\/wp-json\/wp\/v2\/media?parent=2104"}],"curies":[{"name":"parola chiave","href":"https:\/\/api.w.org\/{rel}","templated":true}]}}