{"id":2103,"date":"2021-03-23T04:33:54","date_gmt":"2021-03-23T04:33:54","guid":{"rendered":"http:\/\/localhost\/nuss\/?page_id=103"},"modified":"2025-12-04T09:14:01","modified_gmt":"2025-12-04T09:14:01","slug":"chi-siamo","status":"publish","type":"page","link":"https:\/\/sunworldhotelwangfujing.com\/it\/chi-siamo\/","title":{"rendered":"Chi siamo"},"content":{"rendered":"<div data-elementor-type=\"wp-page\" data-elementor-id=\"2103\" class=\"elementor elementor-2103\">\n\t\t\t\t\t\t<section class=\"elementor-section elementor-top-section elementor-element elementor-element-8f5bb9d elementor-section-boxed elementor-section-gap-beside-yes elementor-section-height-default elementor-section-height-default elementor-section-column-vertical-align-stretch\" data-id=\"8f5bb9d\" data-element_type=\"section\" data-e-type=\"section\">\n\t\t\t\t\t\t<div class=\"elementor-container elementor-column-gap-extended\">\n\t\t\t\t\t<div class=\"elementor-column elementor-col-100 elementor-top-column elementor-element elementor-element-7ec4215\" data-id=\"7ec4215\" data-element_type=\"column\" data-e-type=\"column\">\n\t\t\t<div class=\"elementor-widget-wrap elementor-element-populated\">\n\t\t\t\t\t\t<div class=\"elementor-element elementor-element-edd9d03 elementor-widget__width-initial elementor-invisible elementor-widget elementor-widget-text-editor\" data-id=\"edd9d03\" data-element_type=\"widget\" data-e-type=\"widget\" data-settings=\"{&quot;_animation&quot;:&quot;nussFadeInUp&quot;}\" data-widget_type=\"text-editor.default\">\n\t\t\t\t\t\t\t\t\t<p>Situato in una posizione perfetta a pochi passi da monumenti iconici come la Citt\u00e0 Proibita, Piazza Tienanmen e Wangfujing Street, questo splendido hotel offre un mix ideale di immersione culturale e lusso contemporaneo sia per i viaggiatori d&#039;affari che per i turisti.<\/p>\t\t\t\t\t\t\t\t<\/div>\n\t\t\t\t\t<\/div>\n\t\t<\/div>\n\t\t\t\t\t<\/div>\n\t\t<\/section>\n\t\t\t\t<section class=\"elementor-section elementor-top-section elementor-element elementor-element-22f368b elementor-section-boxed elementor-section-gap-beside-yes elementor-section-height-default elementor-section-height-default elementor-section-column-vertical-align-stretch\" data-id=\"22f368b\" data-element_type=\"section\" data-e-type=\"section\">\n\t\t\t\t\t\t<div class=\"elementor-container elementor-column-gap-extended\">\n\t\t\t\t\t<div class=\"elementor-column elementor-col-50 elementor-top-column elementor-element elementor-element-cd50ecf\" data-id=\"cd50ecf\" data-element_type=\"column\" data-e-type=\"column\">\n\t\t\t<div class=\"elementor-widget-wrap elementor-element-populated\">\n\t\t\t\t\t\t<div class=\"elementor-element elementor-element-e8c92e2 elementor-invisible elementor-widget elementor-widget-text-editor\" data-id=\"e8c92e2\" data-element_type=\"widget\" data-e-type=\"widget\" data-settings=\"{&quot;_animation&quot;:&quot;nussFadeInUp&quot;}\" data-widget_type=\"text-editor.default\">\n\t\t\t\t\t\t\t\t\t<p>Che vogliate esplorare la ricca storia della capitale cinese o partecipare a importanti riunioni, il Sunworld Hotel Beijing vi garantir\u00e0 un soggiorno indimenticabile grazie ai suoi comfort di prima classe, al servizio eccezionale e alla posizione privilegiata.<\/p>\t\t\t\t\t\t\t\t<\/div>\n\t\t\t\t\t<\/div>\n\t\t<\/div>\n\t\t\t\t<div class=\"elementor-column elementor-col-50 elementor-top-column elementor-element elementor-element-414be75\" data-id=\"414be75\" data-element_type=\"column\" data-e-type=\"column\">\n\t\t\t<div class=\"elementor-widget-wrap elementor-element-populated\">\n\t\t\t\t\t\t<div class=\"elementor-element elementor-element-1d6e131 elementor-invisible nuss-elementor-loading nuss-slide-in-left elementor-widget elementor-widget-image\" data-id=\"1d6e131\" data-element_type=\"widget\" data-e-type=\"widget\" data-settings=\"{&quot;_animation&quot;:&quot;nussSlideInLeft&quot;}\" data-widget_type=\"image.default\">\n\t\t\t\t\t\t\t\t\t\t\t\t\t\t\t<img fetchpriority=\"high\" decoding=\"async\" width=\"1280\" height=\"853\" src=\"https:\/\/sunworldhotelwangfujing.com\/wp-content\/uploads\/2025\/07\/Sunworld-Hotel-Wangfujing-Beijing-55.webp\" class=\"attachment-full size-full wp-image-5602\" alt=\"\" srcset=\"https:\/\/sunworldhotelwangfujing.com\/wp-content\/uploads\/2025\/07\/Sunworld-Hotel-Wangfujing-Beijing-55.webp 1280w, https:\/\/sunworldhotelwangfujing.com\/wp-content\/uploads\/2025\/07\/Sunworld-Hotel-Wangfujing-Beijing-55-300x200.webp 300w, https:\/\/sunworldhotelwangfujing.com\/wp-content\/uploads\/2025\/07\/Sunworld-Hotel-Wangfujing-Beijing-55-1024x682.webp 1024w, https:\/\/sunworldhotelwangfujing.com\/wp-content\/uploads\/2025\/07\/Sunworld-Hotel-Wangfujing-Beijing-55-768x512.webp 768w, https:\/\/sunworldhotelwangfujing.com\/wp-content\/uploads\/2025\/07\/Sunworld-Hotel-Wangfujing-Beijing-55-18x12.webp 18w\" sizes=\"(max-width: 1280px) 100vw, 1280px\" \/>\t\t\t\t\t\t\t\t\t\t\t\t\t\t\t<\/div>\n\t\t\t\t\t<\/div>\n\t\t<\/div>\n\t\t\t\t\t<\/div>\n\t\t<\/section>\n\t\t\t\t<section class=\"elementor-section elementor-top-section elementor-element elementor-element-2393bc4 elementor-section-height-min-height elementor-section-stretched elementor-section-full_width elementor-section-items-stretch elementor-section-height-default elementor-section-column-vertical-align-stretch\" data-id=\"2393bc4\" data-element_type=\"section\" data-e-type=\"section\" data-settings=\"{&quot;stretch_section&quot;:&quot;section-stretched&quot;}\">\n\t\t\t\t\t\t<div class=\"elementor-container elementor-column-gap-no\">\n\t\t\t\t\t<div class=\"elementor-column elementor-col-50 elementor-top-column elementor-element elementor-element-41b487e\" data-id=\"41b487e\" data-element_type=\"column\" data-e-type=\"column\">\n\t\t\t<div class=\"elementor-widget-wrap elementor-element-populated\">\n\t\t\t\t\t\t<div class=\"elementor-element elementor-element-d12a3c0 elementor-widget__width-initial elementor-widget-mobile__width-inherit elementor-invisible nuss-elementor-loading nuss-slide-in-right elementor-widget elementor-widget-image\" data-id=\"d12a3c0\" data-element_type=\"widget\" data-e-type=\"widget\" data-settings=\"{&quot;_animation&quot;:&quot;nussSlideInRight&quot;}\" data-widget_type=\"image.default\">\n\t\t\t\t\t\t\t\t\t\t\t\t\t\t\t<img decoding=\"async\" width=\"1280\" height=\"853\" src=\"https:\/\/sunworldhotelwangfujing.com\/wp-content\/uploads\/2025\/07\/Sunworld-Hotel-Wangfujing-Beijing-71.webp\" class=\"attachment-full size-full wp-image-5618\" alt=\"\" srcset=\"https:\/\/sunworldhotelwangfujing.com\/wp-content\/uploads\/2025\/07\/Sunworld-Hotel-Wangfujing-Beijing-71.webp 1280w, https:\/\/sunworldhotelwangfujing.com\/wp-content\/uploads\/2025\/07\/Sunworld-Hotel-Wangfujing-Beijing-71-300x200.webp 300w, https:\/\/sunworldhotelwangfujing.com\/wp-content\/uploads\/2025\/07\/Sunworld-Hotel-Wangfujing-Beijing-71-1024x682.webp 1024w, https:\/\/sunworldhotelwangfujing.com\/wp-content\/uploads\/2025\/07\/Sunworld-Hotel-Wangfujing-Beijing-71-768x512.webp 768w, https:\/\/sunworldhotelwangfujing.com\/wp-content\/uploads\/2025\/07\/Sunworld-Hotel-Wangfujing-Beijing-71-18x12.webp 18w\" sizes=\"(max-width: 1280px) 100vw, 1280px\" \/>\t\t\t\t\t\t\t\t\t\t\t\t\t\t\t<\/div>\n\t\t\t\t\t<\/div>\n\t\t<\/div>\n\t\t\t\t<div class=\"elementor-column elementor-col-50 elementor-top-column elementor-element elementor-element-281747b\" data-id=\"281747b\" data-element_type=\"column\" data-e-type=\"column\">\n\t\t\t<div class=\"elementor-widget-wrap elementor-element-populated\">\n\t\t\t\t\t\t<div class=\"elementor-element elementor-element-2ba7908 elementor-invisible elementor-widget elementor-widget-text-editor\" data-id=\"2ba7908\" data-element_type=\"widget\" data-e-type=\"widget\" data-settings=\"{&quot;_animation&quot;:&quot;nussFadeInUp&quot;}\" data-widget_type=\"text-editor.default\">\n\t\t\t\t\t\t\t\t\t<p>Tra le strutture ricettive pi\u00f9 prestigiose di Pechino, il Sunworld Hotel Beijing \u00e8 orgoglioso di offrire un&#039;esperienza impeccabile e personalizzata in base alle esigenze di ogni ospite. Entrate in un mondo di eleganza nella nostra hall dal design raffinato, dove una calorosa ospitalit\u00e0 vi accoglier\u00e0 a ogni angolo. Le nostre camere e suite, arredate con cura, sono state progettate per offrire un&#039;oasi di comfort, con arredi moderni, Wi-Fi ad alta velocit\u00e0 e una vista mozzafiato sul vivace centro citt\u00e0. Ogni dettaglio \u00e8 curato meticolosamente per garantire un soggiorno non solo confortevole, ma anche memorabile.<\/p><p>Oltre alle lussuose sistemazioni, il Sunworld Hotel Beijing offre una vasta gamma di servizi per rendere la vostra esperienza ancora pi\u00f9 indimenticabile. Assaporate deliziose creazioni culinarie nei nostri ristoranti in loco, dove vi attende una fusione di autentici sapori cinesi e cucina internazionale. Mantenetevi in forma grazie all&#039;accesso al nostro centro fitness all&#039;avanguardia o rilassatevi dopo una giornata di esplorazione con un massaggio rilassante presso la nostra spa. Per i viaggiatori d&#039;affari, le nostre sale riunioni completamente attrezzate e il centro business offrono l&#039;ambiente ideale per organizzare conferenze o concludere affari importanti con facilit\u00e0.<\/p>\t\t\t\t\t\t\t\t<\/div>\n\t\t\t\t\t<\/div>\n\t\t<\/div>\n\t\t\t\t\t<\/div>\n\t\t<\/section>\n\t\t\t\t<section class=\"elementor-section elementor-top-section elementor-element elementor-element-d1d4a0d elementor-section-height-min-height elementor-section-stretched elementor-section-full_width elementor-section-items-stretch elementor-section-height-default elementor-section-column-vertical-align-stretch\" data-id=\"d1d4a0d\" data-element_type=\"section\" data-e-type=\"section\" data-settings=\"{&quot;stretch_section&quot;:&quot;section-stretched&quot;}\">\n\t\t\t\t\t\t<div class=\"elementor-container elementor-column-gap-no\">\n\t\t\t\t\t<div class=\"elementor-column elementor-col-50 elementor-top-column elementor-element elementor-element-1d8cf73\" data-id=\"1d8cf73\" data-element_type=\"column\" data-e-type=\"column\">\n\t\t\t<div class=\"elementor-widget-wrap elementor-element-populated\">\n\t\t\t\t\t\t<div class=\"elementor-element elementor-element-35e4dd6 elementor-invisible elementor-widget elementor-widget-text-editor\" data-id=\"35e4dd6\" data-element_type=\"widget\" data-e-type=\"widget\" data-settings=\"{&quot;_animation&quot;:&quot;nussFadeInUp&quot;}\" data-widget_type=\"text-editor.default\">\n\t\t\t\t\t\t\t\t\t<p>Ci\u00f2 che distingue davvero il Sunworld Hotel Beijing \u00e8 la sua posizione imbattibile nello storico distretto di Dongcheng. Immergetevi nell&#039;arazzo culturale di Pechino con facile accesso ad alcune delle attrazioni pi\u00f9 preziose della citt\u00e0. Passeggiate per la vicina Wangfujing Street, un vivace centro commerciale dove i mercati tradizionali incontrano le boutique moderne. Ammirate la grandiosit\u00e0 architettonica della Citt\u00e0 Proibita, patrimonio mondiale dell&#039;UNESCO, o fate una breve passeggiata fino a Piazza Tienanmen per immergervi nel cuore pulsante della storia politica e culturale della Cina. Grazie al comodo accesso ai mezzi pubblici, inclusa la stazione della metropolitana di Dengshikou, esplorare le vaste meraviglie di Pechino non \u00e8 mai stato cos\u00ec facile.<\/p><p>Al Sunworld Hotel Beijing, ci impegniamo a offrire un servizio personalizzato che superi le aspettative. Il nostro personale dedicato \u00e8 sempre a disposizione per assistervi nell&#039;organizzazione del viaggio, fornirvi consigli sulla zona o qualsiasi richiesta speciale, per garantire un soggiorno perfetto. Che siate a Pechino per una vacanza in famiglia, una fuga romantica o un viaggio di lavoro, il nostro hotel offre la base ideale per vivere il meglio di questa dinamica citt\u00e0.<\/p>\t\t\t\t\t\t\t\t<\/div>\n\t\t\t\t\t<\/div>\n\t\t<\/div>\n\t\t\t\t<div class=\"elementor-column elementor-col-50 elementor-top-column elementor-element elementor-element-3a25930\" data-id=\"3a25930\" data-element_type=\"column\" data-e-type=\"column\">\n\t\t\t<div class=\"elementor-widget-wrap elementor-element-populated\">\n\t\t\t\t\t\t<div class=\"elementor-element elementor-element-d838e99 elementor-widget__width-initial elementor-widget-mobile__width-inherit elementor-invisible nuss-elementor-loading nuss-slide-in-right elementor-widget elementor-widget-image\" data-id=\"d838e99\" data-element_type=\"widget\" data-e-type=\"widget\" data-settings=\"{&quot;_animation&quot;:&quot;nussSlideInRight&quot;}\" data-widget_type=\"image.default\">\n\t\t\t\t\t\t\t\t\t\t\t\t\t\t\t<img decoding=\"async\" width=\"1280\" height=\"853\" src=\"https:\/\/sunworldhotelwangfujing.com\/wp-content\/uploads\/2025\/07\/Sunworld-Hotel-Wangfujing-Beijing-58.webp\" class=\"attachment-full size-full wp-image-5605\" alt=\"\" srcset=\"https:\/\/sunworldhotelwangfujing.com\/wp-content\/uploads\/2025\/07\/Sunworld-Hotel-Wangfujing-Beijing-58.webp 1280w, https:\/\/sunworldhotelwangfujing.com\/wp-content\/uploads\/2025\/07\/Sunworld-Hotel-Wangfujing-Beijing-58-300x200.webp 300w, https:\/\/sunworldhotelwangfujing.com\/wp-content\/uploads\/2025\/07\/Sunworld-Hotel-Wangfujing-Beijing-58-1024x682.webp 1024w, https:\/\/sunworldhotelwangfujing.com\/wp-content\/uploads\/2025\/07\/Sunworld-Hotel-Wangfujing-Beijing-58-768x512.webp 768w, https:\/\/sunworldhotelwangfujing.com\/wp-content\/uploads\/2025\/07\/Sunworld-Hotel-Wangfujing-Beijing-58-18x12.webp 18w\" sizes=\"(max-width: 1280px) 100vw, 1280px\" \/>\t\t\t\t\t\t\t\t\t\t\t\t\t\t\t<\/div>\n\t\t\t\t\t<\/div>\n\t\t<\/div>\n\t\t\t\t\t<\/div>\n\t\t<\/section>\n\t\t<div class=\"elementor-element elementor-element-387dda0 e-flex e-con-boxed e-con e-parent\" data-id=\"387dda0\" data-element_type=\"container\" data-e-type=\"container\">\n\t\t\t\t\t<div class=\"e-con-inner\">\n\t\t\t\t<div class=\"elementor-element elementor-element-1455145 elementor-widget elementor-widget-text-editor\" data-id=\"1455145\" data-element_type=\"widget\" data-e-type=\"widget\" data-widget_type=\"text-editor.default\">\n\t\t\t\t\t\t\t\t\t<div class=\"markdown-SpwdOz __markdown\" dir=\"auto\"><p>Prenota oggi stesso il tuo soggiorno al Sunworld Hotel Beijing e intraprendi un viaggio di scoperta e relax in una delle destinazioni pi\u00f9 affascinanti al mondo. Con il nostro impegno per l&#039;eccellenza e una posizione che ti pone al centro di tutto, ti invitiamo a fare del Sunworld Hotel Beijing la tua casa lontano da casa nella capitale cinese. Vivi la perfetta armonia tra tradizione e modernit\u00e0: la tua indimenticabile avventura a Pechino inizia qui.<\/p><\/div>\t\t\t\t\t\t\t\t<\/div>\n\t\t\t\t\t<\/div>\n\t\t\t\t<\/div>\n\t\t\t\t<\/div>","protected":false},"excerpt":{"rendered":"<p>Perfectly positioned just a stone\u2019s throw away from iconic landmarks such as the Forbidden City, Tiananmen Square, and Wangfujing Street, this exquisite hotel offers an ideal blend of cultural immersion and contemporary luxury for both leisure and business travelers. Whether you\u2019re exploring the rich history of China\u2019s capital or attending important meetings, Sunworld Hotel Beijing [&hellip;]<\/p>\n","protected":false},"author":1,"featured_media":0,"parent":0,"menu_order":0,"comment_status":"closed","ping_status":"closed","template":"","meta":{"footnotes":""},"class_list":["post-2103","page","type-page","status-publish","hentry","post-no-thumbnail"],"_links":{"self":[{"href":"https:\/\/sunworldhotelwangfujing.com\/it\/wp-json\/wp\/v2\/pages\/2103","targetHints":{"allow":["GET"]}}],"collection":[{"href":"https:\/\/sunworldhotelwangfujing.com\/it\/wp-json\/wp\/v2\/pages"}],"about":[{"href":"https:\/\/sunworldhotelwangfujing.com\/it\/wp-json\/wp\/v2\/types\/page"}],"author":[{"embeddable":true,"href":"https:\/\/sunworldhotelwangfujing.com\/it\/wp-json\/wp\/v2\/users\/1"}],"replies":[{"embeddable":true,"href":"https:\/\/sunworldhotelwangfujing.com\/it\/wp-json\/wp\/v2\/comments?post=2103"}],"version-history":[{"count":0,"href":"https:\/\/sunworldhotelwangfujing.com\/it\/wp-json\/wp\/v2\/pages\/2103\/revisions"}],"wp:attachment":[{"href":"https:\/\/sunworldhotelwangfujing.com\/it\/wp-json\/wp\/v2\/media?parent=2103"}],"curies":[{"name":"parola chiave","href":"https:\/\/api.w.org\/{rel}","templated":true}]}}