{"id":612,"date":"2021-03-26T10:04:13","date_gmt":"2021-03-26T10:04:13","guid":{"rendered":"http:\/\/localhost\/nuss\/?page_id=612"},"modified":"2025-12-04T09:14:56","modified_gmt":"2025-12-04T09:14:56","slug":"restaurant","status":"publish","type":"page","link":"https:\/\/sunworldhotelwangfujing.com\/fr\/restaurant\/","title":{"rendered":"Restaurant"},"content":{"rendered":"<div data-elementor-type=\"wp-page\" data-elementor-id=\"612\" class=\"elementor elementor-612\">\n\t\t\t\t\t\t<section class=\"elementor-section elementor-top-section elementor-element elementor-element-e2effe8 elementor-section-boxed elementor-section-gap-beside-yes elementor-section-height-default elementor-section-height-default elementor-section-column-vertical-align-stretch\" data-id=\"e2effe8\" data-element_type=\"section\" data-e-type=\"section\">\n\t\t\t\t\t\t<div class=\"elementor-container elementor-column-gap-extended\">\n\t\t\t\t\t<div class=\"elementor-column elementor-col-100 elementor-top-column elementor-element elementor-element-e18f688\" data-id=\"e18f688\" data-element_type=\"column\" data-e-type=\"column\">\n\t\t\t<div class=\"elementor-widget-wrap elementor-element-populated\">\n\t\t\t\t\t\t<div class=\"elementor-element elementor-element-6db146d elementor-widget__width-initial elementor-invisible elementor-widget elementor-widget-text-editor\" data-id=\"6db146d\" data-element_type=\"widget\" data-e-type=\"widget\" data-settings=\"{&quot;_animation&quot;:&quot;nussFadeInUp&quot;}\" data-widget_type=\"text-editor.default\">\n\t\t\t\t\t\t\t\t\t<p>Savourez les saveurs de la tradition et de la cuisine mondiale au restaurant sur place du Sunworld Hotel Beijing<\/p>\t\t\t\t\t\t\t\t<\/div>\n\t\t\t\t\t<\/div>\n\t\t<\/div>\n\t\t\t\t\t<\/div>\n\t\t<\/section>\n\t\t<div class=\"elementor-element elementor-element-4f691db e-flex e-con-boxed e-con e-parent\" data-id=\"4f691db\" data-element_type=\"container\" data-e-type=\"container\">\n\t\t\t\t\t<div class=\"e-con-inner\">\n\t\t<div class=\"elementor-element elementor-element-0a085d6 e-con-full e-flex e-con e-child\" data-id=\"0a085d6\" data-element_type=\"container\" data-e-type=\"container\">\n\t\t\t\t<div class=\"elementor-element elementor-element-438a8ed elementor-widget elementor-widget-text-editor\" data-id=\"438a8ed\" data-element_type=\"widget\" data-e-type=\"widget\" data-widget_type=\"text-editor.default\">\n\t\t\t\t\t\t\t\t\t<p data-spm-anchor-id=\"a2ty_o01.29997173.0.i58.3c1ec921Rt8uS3\">Nich\u00e9 au c\u0153ur de la capitale chinoise \u00e0 <strong>No. 88, rue Dengshikou, district de Dongcheng (P\u00e9kin, 100006) <\/strong>, le <strong>H\u00f4tel Sunworld P\u00e9kin <\/strong> Bien plus qu&#039;un emplacement id\u00e9al et un h\u00e9bergement \u00e9l\u00e9gant, l&#039;h\u00f4tel propose une exp\u00e9rience culinaire qui ravit aussi bien les clients que les convives locaux. Notre restaurant, soigneusement con\u00e7u pour allier confort et \u00e9l\u00e9gance, est un lieu de restauration, de d\u00e9tente et d&#039;exploration culturelle par la gastronomie.<\/p><p data-spm-anchor-id=\"a2ty_o01.29997173.0.i59.3c1ec921Rt8uS3\">Que vous commenciez votre journ\u00e9e avec un petit-d\u00e9jeuner copieux avant d&#039;explorer la Cit\u00e9 interdite, que vous profitiez d&#039;un d\u00e9jeuner satisfaisant apr\u00e8s une matin\u00e9e de r\u00e9unions ou que vous vous d\u00e9tendiez avec un d\u00e9licieux d\u00eener apr\u00e8s une longue journ\u00e9e de visites, notre restaurant est con\u00e7u pour r\u00e9pondre \u00e0 vos besoins avec style et saveur.<\/p>\t\t\t\t\t\t\t\t<\/div>\n\t\t\t\t<\/div>\n\t\t<div class=\"elementor-element elementor-element-d1d0c67 e-con-full e-flex e-con e-child\" data-id=\"d1d0c67\" data-element_type=\"container\" data-e-type=\"container\">\n\t\t\t\t<div class=\"elementor-element elementor-element-0f936b8 elementor-widget elementor-widget-image\" data-id=\"0f936b8\" data-element_type=\"widget\" data-e-type=\"widget\" data-widget_type=\"image.default\">\n\t\t\t\t\t\t\t\t\t\t\t\t\t\t\t<img fetchpriority=\"high\" decoding=\"async\" width=\"1024\" height=\"682\" src=\"https:\/\/sunworldhotelwangfujing.com\/wp-content\/uploads\/2025\/07\/Sunworld-Hotel-Wangfujing-Beijing-23-1024x682.webp\" class=\"attachment-large size-large wp-image-5570\" alt=\"\" srcset=\"https:\/\/sunworldhotelwangfujing.com\/wp-content\/uploads\/2025\/07\/Sunworld-Hotel-Wangfujing-Beijing-23-1024x682.webp 1024w, https:\/\/sunworldhotelwangfujing.com\/wp-content\/uploads\/2025\/07\/Sunworld-Hotel-Wangfujing-Beijing-23-300x200.webp 300w, https:\/\/sunworldhotelwangfujing.com\/wp-content\/uploads\/2025\/07\/Sunworld-Hotel-Wangfujing-Beijing-23-768x512.webp 768w, https:\/\/sunworldhotelwangfujing.com\/wp-content\/uploads\/2025\/07\/Sunworld-Hotel-Wangfujing-Beijing-23-18x12.webp 18w, https:\/\/sunworldhotelwangfujing.com\/wp-content\/uploads\/2025\/07\/Sunworld-Hotel-Wangfujing-Beijing-23.webp 1280w\" sizes=\"(max-width: 1024px) 100vw, 1024px\" \/>\t\t\t\t\t\t\t\t\t\t\t\t\t\t\t<\/div>\n\t\t\t\t<\/div>\n\t\t\t\t\t<\/div>\n\t\t\t\t<\/div>\n\t\t<div class=\"elementor-element elementor-element-abb8f30 e-flex e-con-boxed e-con e-parent\" data-id=\"abb8f30\" data-element_type=\"container\" data-e-type=\"container\">\n\t\t\t\t\t<div class=\"e-con-inner\">\n\t\t<div class=\"elementor-element elementor-element-6fe7cd9 e-con-full e-flex e-con e-child\" data-id=\"6fe7cd9\" data-element_type=\"container\" data-e-type=\"container\">\n\t\t\t\t<div class=\"elementor-element elementor-element-b504cf1 elementor-widget elementor-widget-image\" data-id=\"b504cf1\" data-element_type=\"widget\" data-e-type=\"widget\" data-widget_type=\"image.default\">\n\t\t\t\t\t\t\t\t\t\t\t\t\t\t\t<img decoding=\"async\" width=\"572\" height=\"853\" src=\"https:\/\/sunworldhotelwangfujing.com\/wp-content\/uploads\/2025\/07\/Sunworld-Hotel-Wangfujing-Beijing-28.webp\" class=\"attachment-large size-large wp-image-5575\" alt=\"\" srcset=\"https:\/\/sunworldhotelwangfujing.com\/wp-content\/uploads\/2025\/07\/Sunworld-Hotel-Wangfujing-Beijing-28.webp 572w, https:\/\/sunworldhotelwangfujing.com\/wp-content\/uploads\/2025\/07\/Sunworld-Hotel-Wangfujing-Beijing-28-201x300.webp 201w, https:\/\/sunworldhotelwangfujing.com\/wp-content\/uploads\/2025\/07\/Sunworld-Hotel-Wangfujing-Beijing-28-8x12.webp 8w\" sizes=\"(max-width: 572px) 100vw, 572px\" \/>\t\t\t\t\t\t\t\t\t\t\t\t\t\t\t<\/div>\n\t\t\t\t<\/div>\n\t\t<div class=\"elementor-element elementor-element-3e84584 e-con-full e-flex e-con e-child\" data-id=\"3e84584\" data-element_type=\"container\" data-e-type=\"container\">\n\t\t\t\t<div class=\"elementor-element elementor-element-58b065e elementor-widget elementor-widget-text-editor\" data-id=\"58b065e\" data-element_type=\"widget\" data-e-type=\"widget\" data-widget_type=\"text-editor.default\">\n\t\t\t\t\t\t\t\t\t<h4 data-spm-anchor-id=\"a2ty_o01.29997173.0.i61.3c1ec921Rt8uS3\">Un voyage culinaire ancr\u00e9 dans l&#039;authenticit\u00e9<\/h4><p data-spm-anchor-id=\"a2ty_o01.29997173.0.i60.3c1ec921Rt8uS3\">Au Sunworld Hotel Beijing, nous pensons que la gastronomie est l&#039;une des fa\u00e7ons les plus authentiques de d\u00e9couvrir une destination, et notre restaurant refl\u00e8te cette philosophie. Notre menu est un m\u00e9lange soigneusement s\u00e9lectionn\u00e9 de <strong>cuisine traditionnelle chinoise <\/strong>, mettant en valeur les sp\u00e9cialit\u00e9s r\u00e9gionales de tout le pays, et <strong>plats internationaux <\/strong> Des plats qui s&#039;adaptent aux go\u00fbts du monde entier. Des savoureux dim sum et canard laqu\u00e9 aux p\u00e2tes occidentales, en passant par les grillades et les salades fra\u00eeches, il y en a pour tous les go\u00fbts.<\/p><p>Nos chefs apportent des ann\u00e9es d&#039;expertise et de passion \u00e0 la cuisine, en utilisant <strong>ingr\u00e9dients frais et locaux <\/strong> Cr\u00e9er des repas non seulement savoureux, mais aussi sains et visuellement attrayants. Chaque plat raconte une histoire, qu&#039;il s&#039;agisse de l&#039;h\u00e9ritage s\u00e9culaire d&#039;une recette p\u00e9kinoise classique ou de la touche de modernit\u00e9 apport\u00e9e \u00e0 un plat international appr\u00e9ci\u00e9.<\/p><h4>Une exp\u00e9rience culinaire con\u00e7ue pour le confort et la commodit\u00e9<\/h4><p>L&#039;ambiance de notre restaurant compl\u00e8te parfaitement notre riche offre culinaire. Avec son atmosph\u00e8re chaleureuse et accueillante, sa d\u00e9coration contemporaine et son service attentionn\u00e9, d\u00eener ici est un v\u00e9ritable moment de d\u00e9tente loin de l&#039;agitation de la ville. Que vous voyagiez seul, en famille ou en groupe d&#039;affaires, notre am\u00e9nagement garantit une exp\u00e9rience confortable \u00e0 tous les types de clients.<\/p><p data-spm-anchor-id=\"a2ty_o01.29997173.0.i62.3c1ec921Rt8uS3\">Ouvert tous les jours pour <strong>petit-d\u00e9jeuner, d\u00e9jeuner et d\u00eener <\/strong>, le restaurant propose \u00e9galement <strong>service de chambre <\/strong>, afin que vous puissiez profiter d&#039;un repas dans l&#039;intimit\u00e9 de votre chambre apr\u00e8s un long voyage ou une journ\u00e9e compl\u00e8te d&#039;exploration des principales attractions de P\u00e9kin. <strong>timing opportun <\/strong>, <strong>service efficace <\/strong>, et <strong>vari\u00e9t\u00e9 d&#039;options <\/strong> en font un favori parmi les clients de l&#039;h\u00f4tel et les visiteurs \u00e0 proximit\u00e9.<\/p>\t\t\t\t\t\t\t\t<\/div>\n\t\t\t\t<\/div>\n\t\t\t\t\t<\/div>\n\t\t\t\t<\/div>\n\t\t<div class=\"elementor-element elementor-element-e80eb9f e-flex e-con-boxed e-con e-parent\" data-id=\"e80eb9f\" data-element_type=\"container\" data-e-type=\"container\">\n\t\t\t\t\t<div class=\"e-con-inner\">\n\t\t<div class=\"elementor-element elementor-element-a67b618 e-con-full e-flex e-con e-child\" data-id=\"a67b618\" data-element_type=\"container\" data-e-type=\"container\">\n\t\t\t\t<div class=\"elementor-element elementor-element-1b02627 elementor-widget elementor-widget-text-editor\" data-id=\"1b02627\" data-element_type=\"widget\" data-e-type=\"widget\" data-widget_type=\"text-editor.default\">\n\t\t\t\t\t\t\t\t\t<h4 data-spm-anchor-id=\"a2ty_o01.29997173.0.i64.3c1ec921Rt8uS3\">Id\u00e9alement positionn\u00e9 pour l&#039;exploration<\/h4><p>Gr\u00e2ce \u00e0 notre emplacement privil\u00e9gi\u00e9 \u00e0 <strong>District de Dongcheng <\/strong>, \u00e0 quelques minutes de <strong>Place Tiananmen <\/strong>, le <strong>Cit\u00e9 interdite <\/strong>, et <strong>Rue commer\u00e7ante de Wangfujing <\/strong>De nombreux voyageurs choisissent de commencer ou de terminer leur journ\u00e9e par un repas dans notre restaurant. C&#039;est l&#039;endroit id\u00e9al pour se ressourcer entre deux visites des sites historiques de P\u00e9kin ou pour se d\u00e9tendre avec une tasse de th\u00e9 fra\u00eechement infus\u00e9 tout en planifiant sa prochaine aventure.<\/p><p>Les professionnels locaux, les touristes et m\u00eame les clients fid\u00e8les f\u00e9licitent fr\u00e9quemment notre restaurant pour son <strong>qualit\u00e9 constante <\/strong>, <strong>saveurs authentiques <\/strong>, et <strong>cadre confortable <\/strong>. Avis sur des plateformes comme <strong>TripAdvisor <\/strong>, <strong>Booking.com <\/strong>, et <strong>Agoda <\/strong> mettent souvent en \u00e9vidence le <strong>portions g\u00e9n\u00e9reuses <\/strong>, <strong>environnement propre <\/strong>, et <strong>personnel attentionn\u00e9 <\/strong> qui contribuent \u00e0 une exp\u00e9rience culinaire agr\u00e9able.<\/p><h4>Durabilit\u00e9 et qualit\u00e9 que vous pouvez go\u00fbter<\/h4><p data-spm-anchor-id=\"a2ty_o01.29997173.0.i63.3c1ec921Rt8uS3\">En plus d&#039;offrir un menu vari\u00e9 et d\u00e9licieux, nous nous engageons \u00e0 maintenir des normes \u00e9lev\u00e9es de <strong>s\u00e9curit\u00e9 alimentaire, hygi\u00e8ne et durabilit\u00e9 <\/strong>Nous travaillons en \u00e9troite collaboration avec des fournisseurs de confiance afin de garantir la fra\u00eecheur de nos ingr\u00e9dients, issus de sources \u00e9thiques et respectueuses de l&#039;environnement. Cet engagement envers la qualit\u00e9 se refl\u00e8te \u00e0 chaque bouch\u00e9e et t\u00e9moigne de notre volont\u00e9 d&#039;offrir une exp\u00e9rience culinaire agr\u00e9able \u00e0 nos clients.<\/p>\t\t\t\t\t\t\t\t<\/div>\n\t\t\t\t<\/div>\n\t\t<div class=\"elementor-element elementor-element-bfdfcff e-con-full e-flex e-con e-child\" data-id=\"bfdfcff\" data-element_type=\"container\" data-e-type=\"container\">\n\t\t\t\t<div class=\"elementor-element elementor-element-e874a17 elementor-widget elementor-widget-image\" data-id=\"e874a17\" data-element_type=\"widget\" data-e-type=\"widget\" data-widget_type=\"image.default\">\n\t\t\t\t\t\t\t\t\t\t\t\t\t\t\t<img decoding=\"async\" width=\"1024\" height=\"682\" src=\"https:\/\/sunworldhotelwangfujing.com\/wp-content\/uploads\/2025\/07\/Sunworld-Hotel-Wangfujing-Beijing-20-1024x682.webp\" class=\"attachment-large size-large wp-image-5567\" alt=\"\" srcset=\"https:\/\/sunworldhotelwangfujing.com\/wp-content\/uploads\/2025\/07\/Sunworld-Hotel-Wangfujing-Beijing-20-1024x682.webp 1024w, https:\/\/sunworldhotelwangfujing.com\/wp-content\/uploads\/2025\/07\/Sunworld-Hotel-Wangfujing-Beijing-20-300x200.webp 300w, https:\/\/sunworldhotelwangfujing.com\/wp-content\/uploads\/2025\/07\/Sunworld-Hotel-Wangfujing-Beijing-20-768x512.webp 768w, https:\/\/sunworldhotelwangfujing.com\/wp-content\/uploads\/2025\/07\/Sunworld-Hotel-Wangfujing-Beijing-20-18x12.webp 18w, https:\/\/sunworldhotelwangfujing.com\/wp-content\/uploads\/2025\/07\/Sunworld-Hotel-Wangfujing-Beijing-20.webp 1280w\" sizes=\"(max-width: 1024px) 100vw, 1024px\" \/>\t\t\t\t\t\t\t\t\t\t\t\t\t\t\t<\/div>\n\t\t\t\t<\/div>\n\t\t\t\t\t<\/div>\n\t\t\t\t<\/div>\n\t\t<div class=\"elementor-element elementor-element-8dc9fa9 e-flex e-con-boxed e-con e-parent\" data-id=\"8dc9fa9\" data-element_type=\"container\" data-e-type=\"container\">\n\t\t\t\t\t<div class=\"e-con-inner\">\n\t\t\t\t<div class=\"elementor-element elementor-element-6b42d56 elementor-widget elementor-widget-nuss-heading\" data-id=\"6b42d56\" data-element_type=\"widget\" data-e-type=\"widget\" data-widget_type=\"nuss-heading.default\">\n\t\t\t\t<div class=\"elementor-widget-container\">\n\t\t\t\t\t\t\t<div class=\"nuss-modern-heading\">\r\n\t\t\t\t\t\t<div class=\"heading-secondary-wrap\">\r\n\t\t\t\t<h3 class=\"heading-secondary elementor-heading-title\">Venez go\u00fbter la diff\u00e9rence <\/h3>\t\t\t<\/div>\r\n\t\t\r\n\t\t\t\r\n\t\t\t\r\n\t\t\t\t\t<\/div>\r\n\t\t\t\t\t<\/div>\n\t\t\t\t<\/div>\n\t\t\t\t<div class=\"elementor-element elementor-element-ffea837 elementor-widget elementor-widget-text-editor\" data-id=\"ffea837\" data-element_type=\"widget\" data-e-type=\"widget\" data-widget_type=\"text-editor.default\">\n\t\t\t\t\t\t\t\t\t<p>Que vous ayez envie des \u00e9pices audacieuses de la cuisine du Sichuan, des saveurs d\u00e9licates des plats cantonais ou de la familiarit\u00e9 r\u00e9confortante des plats occidentaux, le restaurant de <strong>H\u00f4tel Sunworld P\u00e9kin <\/strong> promet un voyage culinaire m\u00e9morable. Notre \u00e9quipe est fi\u00e8re de servir des repas qui vont au-del\u00e0 de la simple simple restauration\u00a0: ils offrent un avant-go\u00fbt de la culture, de la chaleur et de l&#039;hospitalit\u00e9 qui d\u00e9finissent notre marque.<\/p><p>Alors, venez nous rendre visite \u00e0 <strong>N\u00b0 88, rue Dengshikou <\/strong> et offrez-vous un repas qui satisfera bien plus que votre app\u00e9tit. Au Sunworld Hotel Beijing, chaque plat est pr\u00e9par\u00e9 avec soin, chaque client est accueilli comme un membre de la famille et chaque repas est une raison suppl\u00e9mentaire de tomber amoureux de la ville.<\/p><div class=\"my-2\">\u00a0<\/div><div class=\"py-2 my-3\"><hr \/><\/div><p><strong>R\u00e9servez votre s\u00e9jour d\u00e8s aujourd&#039;hui et d\u00e9couvrez pourquoi notre restaurant est en passe de devenir une destination incontournable du district de Dongcheng. Vos papilles et vos souvenirs de voyage vous en seront reconnaissants. <\/strong><\/p>\t\t\t\t\t\t\t\t<\/div>\n\t\t\t\t\t<\/div>\n\t\t\t\t<\/div>\n\t\t\t\t<\/div>","protected":false},"excerpt":{"rendered":"<p>Savor the Flavors of Tradition &amp; Global Cuisine at Sunworld Hotel Beijing\u2019s On-Site Restaurant Nestled in the heart of China\u2019s capital at No. 88 Dengshikou Street, Dongcheng District (Beijing, 100006) , the Sunworld Hotel Beijing offers more than just a convenient location and elegant accommodations \u2014 it is home to a culinary experience that delights [&hellip;]<\/p>\n","protected":false},"author":1,"featured_media":0,"parent":0,"menu_order":0,"comment_status":"closed","ping_status":"closed","template":"","meta":{"footnotes":""},"class_list":["post-612","page","type-page","status-publish","hentry","post-no-thumbnail"],"_links":{"self":[{"href":"https:\/\/sunworldhotelwangfujing.com\/fr\/wp-json\/wp\/v2\/pages\/612","targetHints":{"allow":["GET"]}}],"collection":[{"href":"https:\/\/sunworldhotelwangfujing.com\/fr\/wp-json\/wp\/v2\/pages"}],"about":[{"href":"https:\/\/sunworldhotelwangfujing.com\/fr\/wp-json\/wp\/v2\/types\/page"}],"author":[{"embeddable":true,"href":"https:\/\/sunworldhotelwangfujing.com\/fr\/wp-json\/wp\/v2\/users\/1"}],"replies":[{"embeddable":true,"href":"https:\/\/sunworldhotelwangfujing.com\/fr\/wp-json\/wp\/v2\/comments?post=612"}],"version-history":[{"count":0,"href":"https:\/\/sunworldhotelwangfujing.com\/fr\/wp-json\/wp\/v2\/pages\/612\/revisions"}],"wp:attachment":[{"href":"https:\/\/sunworldhotelwangfujing.com\/fr\/wp-json\/wp\/v2\/media?parent=612"}],"curies":[{"name":"wp","href":"https:\/\/api.w.org\/{rel}","templated":true}]}}