{"id":2109,"date":"2021-03-26T08:35:58","date_gmt":"2021-03-26T08:35:58","guid":{"rendered":"http:\/\/localhost\/nuss\/?page_id=536"},"modified":"2025-12-04T09:14:12","modified_gmt":"2025-12-04T09:14:12","slug":"salle-de-reunion","status":"publish","type":"page","link":"https:\/\/sunworldhotelwangfujing.com\/fr\/salle-de-reunion\/","title":{"rendered":"Installations commerciales"},"content":{"rendered":"<div data-elementor-type=\"wp-page\" data-elementor-id=\"2109\" class=\"elementor elementor-2109\">\n\t\t\t\t\t\t<section class=\"elementor-section elementor-top-section elementor-element elementor-element-bb2901b elementor-section-boxed elementor-section-gap-beside-yes elementor-section-height-default elementor-section-height-default elementor-section-column-vertical-align-stretch\" data-id=\"bb2901b\" data-element_type=\"section\" data-e-type=\"section\">\n\t\t\t\t\t\t<div class=\"elementor-container elementor-column-gap-extended\">\n\t\t\t\t\t<div class=\"elementor-column elementor-col-100 elementor-top-column elementor-element elementor-element-1919db9\" data-id=\"1919db9\" data-element_type=\"column\" data-e-type=\"column\">\n\t\t\t<div class=\"elementor-widget-wrap elementor-element-populated\">\n\t\t\t\t\t\t<div class=\"elementor-element elementor-element-41a7b9c elementor-widget__width-initial elementor-invisible elementor-widget elementor-widget-text-editor\" data-id=\"41a7b9c\" data-element_type=\"widget\" data-e-type=\"widget\" data-settings=\"{&quot;_animation&quot;:&quot;nussFadeInUp&quot;}\" data-widget_type=\"text-editor.default\">\n\t\t\t\t\t\t\t\t\t<p>\u00c0 <strong>H\u00f4tel Sunworld P\u00e9kin <\/strong>, situ\u00e9 \u00e0 <strong>No. 88, rue Dengshikou, district de Dongcheng (P\u00e9kin, 100006) <\/strong>Nous comprenons que les voyageurs d&#039;affaires ont besoin de bien plus qu&#039;un simple endroit o\u00f9 se reposer\u00a0: ils recherchent un m\u00e9lange harmonieux de confort, de connectivit\u00e9 et de commodit\u00e9 pour rester productifs lors de leurs d\u00e9placements. Figurant parmi les h\u00f4tels les plus strat\u00e9giquement situ\u00e9s de P\u00e9kin, le Sunworld Hotel est fier de proposer une gamme compl\u00e8te de services. <strong>installations et services aux entreprises <\/strong> Con\u00e7u pour r\u00e9pondre aux exigences des professionnels modernes d&#039;aujourd&#039;hui.<\/p>\t\t\t\t\t\t\t\t<\/div>\n\t\t\t\t\t<\/div>\n\t\t<\/div>\n\t\t\t\t\t<\/div>\n\t\t<\/section>\n\t\t\t\t<section class=\"elementor-section elementor-top-section elementor-element elementor-element-fad87ed elementor-section-boxed elementor-section-gap-beside-yes elementor-section-height-default elementor-section-height-default elementor-section-column-vertical-align-stretch\" data-id=\"fad87ed\" data-element_type=\"section\" data-e-type=\"section\">\n\t\t\t\t\t\t<div class=\"elementor-container elementor-column-gap-extended\">\n\t\t\t\t\t<div class=\"elementor-column elementor-col-50 elementor-top-column elementor-element elementor-element-9b3c6b5\" data-id=\"9b3c6b5\" data-element_type=\"column\" data-e-type=\"column\">\n\t\t\t<div class=\"elementor-widget-wrap elementor-element-populated\">\n\t\t\t\t\t\t<div class=\"elementor-element elementor-element-ce91d58 elementor-invisible nuss-elementor-loading nuss-slide-in-right elementor-widget elementor-widget-image\" data-id=\"ce91d58\" data-element_type=\"widget\" data-e-type=\"widget\" data-settings=\"{&quot;_animation&quot;:&quot;nussSlideInRight&quot;}\" data-widget_type=\"image.default\">\n\t\t\t\t\t\t\t\t\t\t\t\t\t\t\t<img fetchpriority=\"high\" decoding=\"async\" width=\"1280\" height=\"853\" src=\"https:\/\/sunworldhotelwangfujing.com\/wp-content\/uploads\/2025\/07\/Sunworld-Hotel-Wangfujing-Beijing-4.webp\" class=\"attachment-full size-full wp-image-5551\" alt=\"\" srcset=\"https:\/\/sunworldhotelwangfujing.com\/wp-content\/uploads\/2025\/07\/Sunworld-Hotel-Wangfujing-Beijing-4.webp 1280w, https:\/\/sunworldhotelwangfujing.com\/wp-content\/uploads\/2025\/07\/Sunworld-Hotel-Wangfujing-Beijing-4-300x200.webp 300w, https:\/\/sunworldhotelwangfujing.com\/wp-content\/uploads\/2025\/07\/Sunworld-Hotel-Wangfujing-Beijing-4-1024x682.webp 1024w, https:\/\/sunworldhotelwangfujing.com\/wp-content\/uploads\/2025\/07\/Sunworld-Hotel-Wangfujing-Beijing-4-768x512.webp 768w, https:\/\/sunworldhotelwangfujing.com\/wp-content\/uploads\/2025\/07\/Sunworld-Hotel-Wangfujing-Beijing-4-18x12.webp 18w\" sizes=\"(max-width: 1280px) 100vw, 1280px\" \/>\t\t\t\t\t\t\t\t\t\t\t\t\t\t\t<\/div>\n\t\t\t\t\t<\/div>\n\t\t<\/div>\n\t\t\t\t<div class=\"elementor-column elementor-col-50 elementor-top-column elementor-element elementor-element-27e1142\" data-id=\"27e1142\" data-element_type=\"column\" data-e-type=\"column\">\n\t\t\t<div class=\"elementor-widget-wrap elementor-element-populated\">\n\t\t\t\t\t\t<div class=\"elementor-element elementor-element-8980a07 elementor-invisible elementor-widget elementor-widget-heading\" data-id=\"8980a07\" data-element_type=\"widget\" data-e-type=\"widget\" data-settings=\"{&quot;_animation&quot;:&quot;nussFadeInUp&quot;}\" data-widget_type=\"heading.default\">\n\t\t\t\t\t<h2 class=\"elementor-heading-title elementor-size-default\">Des salles de r\u00e9union ultramodernes pour tous les besoins <\/h2>\t\t\t\t<\/div>\n\t\t\t\t<div class=\"elementor-element elementor-element-46af239 elementor-invisible elementor-widget elementor-widget-text-editor\" data-id=\"46af239\" data-element_type=\"widget\" data-e-type=\"widget\" data-settings=\"{&quot;_animation&quot;:&quot;nussFadeInUp&quot;}\" data-widget_type=\"text-editor.default\">\n\t\t\t\t\t\t\t\t\t<p data-spm-anchor-id=\"a2ty_o01.29997173.0.i39.3c1ec921Rt8uS3\">Que vous organisiez une petite r\u00e9union d&#039;\u00e9quipe, une pr\u00e9sentation client ou un atelier d&#039;entreprise, notre h\u00f4tel propose <strong data-spm-anchor-id=\"a2ty_o01.29997173.0.i37.3c1ec921Rt8uS3\">salles de r\u00e9union bien \u00e9quip\u00e9es <\/strong> con\u00e7us pour r\u00e9pondre aux besoins de votre entreprise. Ces espaces polyvalents sont \u00e9quip\u00e9s <strong>Internet sans fil haut d\u00e9bit <\/strong>, <strong>projecteurs LED <\/strong>, <strong>\u00e9crans plats HD <\/strong>, <strong>syst\u00e8mes d&#039;audioconf\u00e9rence <\/strong>et des rideaux occultants pour une concentration et une efficacit\u00e9 optimales. Nos coordinateurs d&#039;\u00e9v\u00e9nements exp\u00e9riment\u00e9s sont \u00e0 votre disposition pour vous aider \u00e0 l&#039;installation, au support technique et \u00e0 l&#039;organisation de la restauration, afin que chaque \u00e9v\u00e9nement soit une r\u00e9ussite.<\/p>\t\t\t\t\t\t\t\t<\/div>\n\t\t\t\t\t<\/div>\n\t\t<\/div>\n\t\t\t\t\t<\/div>\n\t\t<\/section>\n\t\t\t\t<section class=\"elementor-section elementor-top-section elementor-element elementor-element-9645f63 elementor-section-boxed elementor-section-gap-beside-yes elementor-section-height-default elementor-section-height-default elementor-section-column-vertical-align-stretch\" data-id=\"9645f63\" data-element_type=\"section\" data-e-type=\"section\">\n\t\t\t\t\t\t<div class=\"elementor-container elementor-column-gap-extended\">\n\t\t\t\t\t<div class=\"elementor-column elementor-col-50 elementor-top-column elementor-element elementor-element-1855656\" data-id=\"1855656\" data-element_type=\"column\" data-e-type=\"column\">\n\t\t\t<div class=\"elementor-widget-wrap elementor-element-populated\">\n\t\t\t\t\t\t<div class=\"elementor-element elementor-element-14fd369 elementor-invisible elementor-widget elementor-widget-heading\" data-id=\"14fd369\" data-element_type=\"widget\" data-e-type=\"widget\" data-settings=\"{&quot;_animation&quot;:&quot;nussFadeInUp&quot;}\" data-widget_type=\"heading.default\">\n\t\t\t\t\t<h2 class=\"elementor-heading-title elementor-size-default\">Connectivit\u00e9 haut d\u00e9bit et espaces de travail conviviaux <\/h2>\t\t\t\t<\/div>\n\t\t\t\t<div class=\"elementor-element elementor-element-e29928c elementor-invisible elementor-widget elementor-widget-text-editor\" data-id=\"e29928c\" data-element_type=\"widget\" data-e-type=\"widget\" data-settings=\"{&quot;_animation&quot;:&quot;nussFadeInUp&quot;}\" data-widget_type=\"text-editor.default\">\n\t\t\t\t\t\t\t\t\t<p data-spm-anchor-id=\"a2ty_o01.29997173.0.i41.3c1ec921Rt8uS3\">Dans le monde des affaires actuel, o\u00f9 tout va tr\u00e8s vite, rester connect\u00e9 est essentiel. Au Sunworld Hotel Beijing, nous veillons \u00e0 ce que vous ne manquiez rien. Profitez-en\u00a0! <strong>Wi-Fi haut d\u00e9bit gratuit <\/strong> Dans tout l&#039;h\u00f4tel, y compris les chambres, les espaces communs, les restaurants et les salles de conf\u00e9rence. Gr\u00e2ce \u00e0 une couverture r\u00e9seau stable et performante et \u00e0 de multiples points d&#039;acc\u00e8s, notre r\u00e9seau prend en charge la visioconf\u00e9rence, les transferts de fichiers volumineux et la communication en temps r\u00e9el sur plusieurs fuseaux horaires.<\/p><p data-spm-anchor-id=\"a2ty_o01.29997173.0.i42.3c1ec921Rt8uS3\">Pour un travail ind\u00e9pendant ou des s\u00e9ances collaboratives, les invit\u00e9s peuvent profiter de notre <strong>centre d&#039;affaires d\u00e9di\u00e9 <\/strong>, qui offre <strong>postes de travail ergonomiques <\/strong>, <strong>services d&#039;impression, de num\u00e9risation et de t\u00e9l\u00e9copie <\/strong>, ainsi que <strong>options de location d&#039;ordinateurs portables <\/strong> Sur demande. Que vous pr\u00e9pariez des rapports, r\u00e9pondiez \u00e0 des courriels ou finalisiez des contrats, notre centre d&#039;affaires offre un environnement calme et professionnel propice \u00e0 la productivit\u00e9.<\/p>\t\t\t\t\t\t\t\t<\/div>\n\t\t\t\t\t<\/div>\n\t\t<\/div>\n\t\t\t\t<div class=\"elementor-column elementor-col-50 elementor-top-column elementor-element elementor-element-ec6e38d\" data-id=\"ec6e38d\" data-element_type=\"column\" data-e-type=\"column\">\n\t\t\t<div class=\"elementor-widget-wrap elementor-element-populated\">\n\t\t\t\t\t\t<div class=\"elementor-element elementor-element-477bc87 elementor-invisible nuss-elementor-loading nuss-slide-in-left elementor-widget elementor-widget-image\" data-id=\"477bc87\" data-element_type=\"widget\" data-e-type=\"widget\" data-settings=\"{&quot;_animation&quot;:&quot;nussSlideInLeft&quot;}\" data-widget_type=\"image.default\">\n\t\t\t\t\t\t\t\t\t\t\t\t\t\t\t<img decoding=\"async\" width=\"1280\" height=\"853\" src=\"https:\/\/sunworldhotelwangfujing.com\/wp-content\/uploads\/2025\/07\/Sunworld-Hotel-Wangfujing-Beijing-19.webp\" class=\"attachment-full size-full wp-image-5566\" alt=\"\" srcset=\"https:\/\/sunworldhotelwangfujing.com\/wp-content\/uploads\/2025\/07\/Sunworld-Hotel-Wangfujing-Beijing-19.webp 1280w, https:\/\/sunworldhotelwangfujing.com\/wp-content\/uploads\/2025\/07\/Sunworld-Hotel-Wangfujing-Beijing-19-300x200.webp 300w, https:\/\/sunworldhotelwangfujing.com\/wp-content\/uploads\/2025\/07\/Sunworld-Hotel-Wangfujing-Beijing-19-1024x682.webp 1024w, https:\/\/sunworldhotelwangfujing.com\/wp-content\/uploads\/2025\/07\/Sunworld-Hotel-Wangfujing-Beijing-19-768x512.webp 768w, https:\/\/sunworldhotelwangfujing.com\/wp-content\/uploads\/2025\/07\/Sunworld-Hotel-Wangfujing-Beijing-19-18x12.webp 18w\" sizes=\"(max-width: 1280px) 100vw, 1280px\" \/>\t\t\t\t\t\t\t\t\t\t\t\t\t\t\t<\/div>\n\t\t\t\t\t<\/div>\n\t\t<\/div>\n\t\t\t\t\t<\/div>\n\t\t<\/section>\n\t\t\t\t<section class=\"elementor-section elementor-top-section elementor-element elementor-element-c0ea697 elementor-section-boxed elementor-section-gap-beside-yes elementor-section-height-default elementor-section-height-default elementor-section-column-vertical-align-stretch\" data-id=\"c0ea697\" data-element_type=\"section\" data-e-type=\"section\">\n\t\t\t\t\t\t<div class=\"elementor-container elementor-column-gap-extended\">\n\t\t\t\t\t<div class=\"elementor-column elementor-col-50 elementor-top-column elementor-element elementor-element-37c5d65\" data-id=\"37c5d65\" data-element_type=\"column\" data-e-type=\"column\">\n\t\t\t<div class=\"elementor-widget-wrap elementor-element-populated\">\n\t\t\t\t\t\t<div class=\"elementor-element elementor-element-28a7909 elementor-invisible nuss-elementor-loading nuss-slide-in-right elementor-widget elementor-widget-image\" data-id=\"28a7909\" data-element_type=\"widget\" data-e-type=\"widget\" data-settings=\"{&quot;_animation&quot;:&quot;nussSlideInRight&quot;}\" data-widget_type=\"image.default\">\n\t\t\t\t\t\t\t\t\t\t\t\t\t\t\t<img decoding=\"async\" width=\"1280\" height=\"853\" src=\"https:\/\/sunworldhotelwangfujing.com\/wp-content\/uploads\/2025\/07\/Sunworld-Hotel-Wangfujing-Beijing-14.webp\" class=\"attachment-full size-full wp-image-5561\" alt=\"\" srcset=\"https:\/\/sunworldhotelwangfujing.com\/wp-content\/uploads\/2025\/07\/Sunworld-Hotel-Wangfujing-Beijing-14.webp 1280w, https:\/\/sunworldhotelwangfujing.com\/wp-content\/uploads\/2025\/07\/Sunworld-Hotel-Wangfujing-Beijing-14-300x200.webp 300w, https:\/\/sunworldhotelwangfujing.com\/wp-content\/uploads\/2025\/07\/Sunworld-Hotel-Wangfujing-Beijing-14-1024x682.webp 1024w, https:\/\/sunworldhotelwangfujing.com\/wp-content\/uploads\/2025\/07\/Sunworld-Hotel-Wangfujing-Beijing-14-768x512.webp 768w, https:\/\/sunworldhotelwangfujing.com\/wp-content\/uploads\/2025\/07\/Sunworld-Hotel-Wangfujing-Beijing-14-18x12.webp 18w\" sizes=\"(max-width: 1280px) 100vw, 1280px\" \/>\t\t\t\t\t\t\t\t\t\t\t\t\t\t\t<\/div>\n\t\t\t\t\t<\/div>\n\t\t<\/div>\n\t\t\t\t<div class=\"elementor-column elementor-col-50 elementor-top-column elementor-element elementor-element-3df0a0e\" data-id=\"3df0a0e\" data-element_type=\"column\" data-e-type=\"column\">\n\t\t\t<div class=\"elementor-widget-wrap elementor-element-populated\">\n\t\t\t\t\t\t<div class=\"elementor-element elementor-element-451710b elementor-invisible elementor-widget elementor-widget-heading\" data-id=\"451710b\" data-element_type=\"widget\" data-e-type=\"widget\" data-settings=\"{&quot;_animation&quot;:&quot;nussFadeInUp&quot;}\" data-widget_type=\"heading.default\">\n\t\t\t\t\t<h2 class=\"elementor-heading-title elementor-size-default\">Assistance voyage fluide pour les voyageurs d&#039;affaires <\/h2>\t\t\t\t<\/div>\n\t\t\t\t<div class=\"elementor-element elementor-element-76c0a67 elementor-invisible elementor-widget elementor-widget-text-editor\" data-id=\"76c0a67\" data-element_type=\"widget\" data-e-type=\"widget\" data-settings=\"{&quot;_animation&quot;:&quot;nussFadeInUp&quot;}\" data-widget_type=\"text-editor.default\">\n\t\t\t\t\t\t\t\t\t<p data-spm-anchor-id=\"a2ty_o01.29997173.0.i43.3c1ec921Rt8uS3\">Nous savons que le temps est un facteur essentiel pour les voyageurs d&#039;affaires. C&#039;est pourquoi l&#039;h\u00f4tel Sunworld propose <strong>enregistrement et d\u00e9part express <\/strong>, <strong>Assistance \u00e0 la r\u00e9ception 24h\/24 <\/strong>, et <strong>services de conciergerie personnalis\u00e9s <\/strong> Pour optimiser votre emploi du temps. De l&#039;organisation du transport \u00e0 la coordination des r\u00e9unions hors site, notre \u00e9quipe multilingue s&#039;engage \u00e0 assurer le bon d\u00e9roulement de votre voyage.<\/p><div class=\"my-2\">\u00a0<\/div><p data-spm-anchor-id=\"a2ty_o01.29997173.0.i45.3c1ec921Rt8uS3\">Notre emplacement central \u00e0 <strong>District de Dongcheng <\/strong>\u2014 \u00e0 quelques minutes des principaux bureaux gouvernementaux, des ambassades et des centres commerciaux \u2014 fait de nous un choix privil\u00e9gi\u00e9 pour les professionnels nationaux et internationaux. <strong>Place Tiananmen <\/strong>, <strong>Avenue des affaires de Wangfujing <\/strong>, et <strong>Quartier central des affaires de P\u00e9kin <\/strong> assure un acc\u00e8s facile aux principaux quartiers d&#039;affaires, tandis que les stations de m\u00e9tro \u00e0 proximit\u00e9 offrent des connexions rapides aux plus grands centres de congr\u00e8s et institutions financi\u00e8res de la ville.<\/p>\t\t\t\t\t\t\t\t<\/div>\n\t\t\t\t\t<\/div>\n\t\t<\/div>\n\t\t\t\t\t<\/div>\n\t\t<\/section>\n\t\t\t\t<section class=\"elementor-section elementor-top-section elementor-element elementor-element-b0860a2 elementor-section-boxed elementor-section-gap-beside-yes elementor-section-height-default elementor-section-height-default elementor-section-column-vertical-align-stretch\" data-id=\"b0860a2\" data-element_type=\"section\" data-e-type=\"section\">\n\t\t\t\t\t\t<div class=\"elementor-container elementor-column-gap-extended\">\n\t\t\t\t\t<div class=\"elementor-column elementor-col-50 elementor-top-column elementor-element elementor-element-4e1e694\" data-id=\"4e1e694\" data-element_type=\"column\" data-e-type=\"column\">\n\t\t\t<div class=\"elementor-widget-wrap elementor-element-populated\">\n\t\t\t\t\t\t<div class=\"elementor-element elementor-element-c62d72d elementor-invisible elementor-widget elementor-widget-heading\" data-id=\"c62d72d\" data-element_type=\"widget\" data-e-type=\"widget\" data-settings=\"{&quot;_animation&quot;:&quot;nussFadeInUp&quot;}\" data-widget_type=\"heading.default\">\n\t\t\t\t\t<h2 class=\"elementor-heading-title elementor-size-default\">Restauration sur place pour stimuler la productivit\u00e9 <\/h2>\t\t\t\t<\/div>\n\t\t\t\t<div class=\"elementor-element elementor-element-c1255f1 elementor-invisible elementor-widget elementor-widget-text-editor\" data-id=\"c1255f1\" data-element_type=\"widget\" data-e-type=\"widget\" data-settings=\"{&quot;_animation&quot;:&quot;nussFadeInUp&quot;}\" data-widget_type=\"text-editor.default\">\n\t\t\t\t\t\t\t\t\t<p data-spm-anchor-id=\"a2ty_o01.29997173.0.i46.3c1ec921Rt8uS3\">Une journ\u00e9e de travail r\u00e9ussie commence par un bon repas. Notre <strong>restaurant et salon sur place <\/strong> Nous proposons une vari\u00e9t\u00e9 de petits-d\u00e9jeuners sains et \u00e9nergisants, des repas l\u00e9gers et un service de caf\u00e9, parfaits pour les r\u00e9unions d&#039;affaires informelles ou les pauses rapides entre deux rendez-vous. Un service en chambre est \u00e9galement disponible pour ceux qui pr\u00e9f\u00e8rent travailler tranquillement dans l&#039;intimit\u00e9 de leur chambre.<\/p><div class=\"my-2\">\u00a0<\/div><h3 data-spm-anchor-id=\"a2ty_o01.29997173.0.i48.3c1ec921Rt8uS3\">Pourquoi choisir l&#039;h\u00f4tel Sunworld pour vos voyages d&#039;affaires ?<\/h3><ul data-spm-anchor-id=\"a2ty_o01.29997173.0.i49.3c1ec921Rt8uS3\"><li>\u2714 Emplacement privil\u00e9gi\u00e9 au c\u0153ur du quartier historique et d&#039;affaires de P\u00e9kin<\/li><li>\u2714 Salles de r\u00e9union et de conf\u00e9rence enti\u00e8rement \u00e9quip\u00e9es avec une technologie audiovisuelle moderne<\/li><li>\u2714 Wi-Fi fiable et haut d\u00e9bit dans tout l&#039;h\u00f4tel<\/li><li>\u2714 Centre d&#039;affaires d\u00e9di\u00e9 avec services d&#039;impression et de bureau<\/li><li>\u2714 Personnel d&#039;assistance multilingue disponible 24h\/24 et 7j\/7 pour une assistance personnalis\u00e9e<\/li><li>\u2714 Proximit\u00e9 des principales attractions, des centres de transport et des centres d&#039;affaires<\/li><li>\u2714 Chambres confortables et insonoris\u00e9es, id\u00e9ales pour le travail \u00e0 distance ou le repos<\/li><\/ul>\t\t\t\t\t\t\t\t<\/div>\n\t\t\t\t\t<\/div>\n\t\t<\/div>\n\t\t\t\t<div class=\"elementor-column elementor-col-50 elementor-top-column elementor-element elementor-element-122aa5a\" data-id=\"122aa5a\" data-element_type=\"column\" data-e-type=\"column\">\n\t\t\t<div class=\"elementor-widget-wrap elementor-element-populated\">\n\t\t\t\t\t\t<div class=\"elementor-element elementor-element-eb3765e elementor-invisible nuss-elementor-loading nuss-slide-in-left elementor-widget elementor-widget-image\" data-id=\"eb3765e\" data-element_type=\"widget\" data-e-type=\"widget\" data-settings=\"{&quot;_animation&quot;:&quot;nussSlideInLeft&quot;}\" data-widget_type=\"image.default\">\n\t\t\t\t\t\t\t\t\t\t\t\t\t\t\t<img loading=\"lazy\" decoding=\"async\" width=\"1280\" height=\"838\" src=\"https:\/\/sunworldhotelwangfujing.com\/wp-content\/uploads\/2025\/07\/Sunworld-Hotel-Wangfujing-Beijing-9.webp\" class=\"attachment-full size-full wp-image-5556\" alt=\"\" srcset=\"https:\/\/sunworldhotelwangfujing.com\/wp-content\/uploads\/2025\/07\/Sunworld-Hotel-Wangfujing-Beijing-9.webp 1280w, https:\/\/sunworldhotelwangfujing.com\/wp-content\/uploads\/2025\/07\/Sunworld-Hotel-Wangfujing-Beijing-9-300x196.webp 300w, https:\/\/sunworldhotelwangfujing.com\/wp-content\/uploads\/2025\/07\/Sunworld-Hotel-Wangfujing-Beijing-9-1024x670.webp 1024w, https:\/\/sunworldhotelwangfujing.com\/wp-content\/uploads\/2025\/07\/Sunworld-Hotel-Wangfujing-Beijing-9-768x503.webp 768w, https:\/\/sunworldhotelwangfujing.com\/wp-content\/uploads\/2025\/07\/Sunworld-Hotel-Wangfujing-Beijing-9-18x12.webp 18w\" sizes=\"(max-width: 1280px) 100vw, 1280px\" \/>\t\t\t\t\t\t\t\t\t\t\t\t\t\t\t<\/div>\n\t\t\t\t\t<\/div>\n\t\t<\/div>\n\t\t\t\t\t<\/div>\n\t\t<\/section>\n\t\t\t\t<\/div>","protected":false},"excerpt":{"rendered":"<p>At Sunworld Hotel Beijing , located at No. 88 Dengshikou Street, Dongcheng District (Beijing, 100006) , we understand that business travelers require more than just a place to rest\u2014they need a seamless blend of comfort, connectivity, and convenience to stay productive while on the move. As one of Beijing&#8217;s most strategically positioned hotels, Sunworld Hotel [&hellip;]<\/p>\n","protected":false},"author":1,"featured_media":0,"parent":0,"menu_order":0,"comment_status":"closed","ping_status":"closed","template":"","meta":{"footnotes":""},"class_list":["post-2109","page","type-page","status-publish","hentry","post-no-thumbnail"],"_links":{"self":[{"href":"https:\/\/sunworldhotelwangfujing.com\/fr\/wp-json\/wp\/v2\/pages\/2109","targetHints":{"allow":["GET"]}}],"collection":[{"href":"https:\/\/sunworldhotelwangfujing.com\/fr\/wp-json\/wp\/v2\/pages"}],"about":[{"href":"https:\/\/sunworldhotelwangfujing.com\/fr\/wp-json\/wp\/v2\/types\/page"}],"author":[{"embeddable":true,"href":"https:\/\/sunworldhotelwangfujing.com\/fr\/wp-json\/wp\/v2\/users\/1"}],"replies":[{"embeddable":true,"href":"https:\/\/sunworldhotelwangfujing.com\/fr\/wp-json\/wp\/v2\/comments?post=2109"}],"version-history":[{"count":0,"href":"https:\/\/sunworldhotelwangfujing.com\/fr\/wp-json\/wp\/v2\/pages\/2109\/revisions"}],"wp:attachment":[{"href":"https:\/\/sunworldhotelwangfujing.com\/fr\/wp-json\/wp\/v2\/media?parent=2109"}],"curies":[{"name":"wp","href":"https:\/\/api.w.org\/{rel}","templated":true}]}}