{"id":2108,"date":"2021-03-26T06:46:16","date_gmt":"2021-03-26T06:46:16","guid":{"rendered":"http:\/\/localhost\/nuss\/?page_id=437"},"modified":"2025-12-04T09:15:17","modified_gmt":"2025-12-04T09:15:17","slug":"spa","status":"publish","type":"page","link":"https:\/\/sunworldhotelwangfujing.com\/fr\/spa\/","title":{"rendered":"Spa"},"content":{"rendered":"<div data-elementor-type=\"wp-page\" data-elementor-id=\"2108\" class=\"elementor elementor-2108\">\n\t\t\t\t\t\t<section class=\"elementor-section elementor-top-section elementor-element elementor-element-e56a0cd elementor-section-boxed elementor-section-gap-beside-yes elementor-section-height-default elementor-section-height-default elementor-section-column-vertical-align-stretch\" data-id=\"e56a0cd\" data-element_type=\"section\" data-e-type=\"section\">\n\t\t\t\t\t\t<div class=\"elementor-container elementor-column-gap-extended\">\n\t\t\t\t\t<div class=\"elementor-column elementor-col-100 elementor-top-column elementor-element elementor-element-0b4465f\" data-id=\"0b4465f\" data-element_type=\"column\" data-e-type=\"column\">\n\t\t\t<div class=\"elementor-widget-wrap elementor-element-populated\">\n\t\t\t\t\t\t<div class=\"elementor-element elementor-element-c5bfb65 elementor-widget__width-initial elementor-invisible elementor-widget elementor-widget-text-editor\" data-id=\"c5bfb65\" data-element_type=\"widget\" data-e-type=\"widget\" data-settings=\"{&quot;_animation&quot;:&quot;nussFadeInUp&quot;}\" data-widget_type=\"text-editor.default\">\n\t\t\t\t\t\t\t\t\t<p data-spm-anchor-id=\"a2ty_o01.29997173.0.i106.3c1ec921Rt8uS3\">Au c\u0153ur du paysage urbain anim\u00e9 de P\u00e9kin, trouver un espace propice \u00e0 la tranquillit\u00e9 est rare. Mais au Sunworld Hotel, nous avons cr\u00e9\u00e9 une oasis o\u00f9 le luxe moderne rencontre les arts th\u00e9rapeutiques traditionnels chinois. Que vous soyez en voyage d&#039;affaires, de tourisme ou d&#039;immersion culturelle, nos installations bien-\u00eatre sont soigneusement con\u00e7ues pour vous offrir une \u00e9vasion holistique loin des contraintes du quotidien.<\/p>\t\t\t\t\t\t\t\t<\/div>\n\t\t\t\t\t<\/div>\n\t\t<\/div>\n\t\t\t\t\t<\/div>\n\t\t<\/section>\n\t\t<div class=\"elementor-element elementor-element-118eab0 e-flex e-con-boxed e-con e-parent\" data-id=\"118eab0\" data-element_type=\"container\" data-e-type=\"container\">\n\t\t\t\t\t<div class=\"e-con-inner\">\n\t\t\t\t<div class=\"elementor-element elementor-element-08dcd7f elementor-widget elementor-widget-image\" data-id=\"08dcd7f\" data-element_type=\"widget\" data-e-type=\"widget\" data-widget_type=\"image.default\">\n\t\t\t\t\t\t\t\t\t\t\t\t\t\t\t<img fetchpriority=\"high\" decoding=\"async\" width=\"1024\" height=\"640\" src=\"https:\/\/sunworldhotelwangfujing.com\/wp-content\/uploads\/2025\/07\/Sunworld-Hotel-Wangfujing-Beijing-11-1024x640.webp\" class=\"attachment-large size-large wp-image-5558\" alt=\"\" srcset=\"https:\/\/sunworldhotelwangfujing.com\/wp-content\/uploads\/2025\/07\/Sunworld-Hotel-Wangfujing-Beijing-11-1024x640.webp 1024w, https:\/\/sunworldhotelwangfujing.com\/wp-content\/uploads\/2025\/07\/Sunworld-Hotel-Wangfujing-Beijing-11-300x188.webp 300w, https:\/\/sunworldhotelwangfujing.com\/wp-content\/uploads\/2025\/07\/Sunworld-Hotel-Wangfujing-Beijing-11-768x480.webp 768w, https:\/\/sunworldhotelwangfujing.com\/wp-content\/uploads\/2025\/07\/Sunworld-Hotel-Wangfujing-Beijing-11-18x12.webp 18w, https:\/\/sunworldhotelwangfujing.com\/wp-content\/uploads\/2025\/07\/Sunworld-Hotel-Wangfujing-Beijing-11.webp 1280w\" sizes=\"(max-width: 1024px) 100vw, 1024px\" \/>\t\t\t\t\t\t\t\t\t\t\t\t\t\t\t<\/div>\n\t\t\t\t\t<\/div>\n\t\t\t\t<\/div>\n\t\t<div class=\"elementor-element elementor-element-bae79b7 e-flex e-con-boxed e-con e-parent\" data-id=\"bae79b7\" data-element_type=\"container\" data-e-type=\"container\">\n\t\t\t\t\t<div class=\"e-con-inner\">\n\t\t\t\t<div class=\"elementor-element elementor-element-97afb62 elementor-widget elementor-widget-text-editor\" data-id=\"97afb62\" data-element_type=\"widget\" data-e-type=\"widget\" data-widget_type=\"text-editor.default\">\n\t\t\t\t\t\t\t\t\t<h4>Un sanctuaire con\u00e7u pour la s\u00e9r\u00e9nit\u00e9<\/h4><p>Entrez dans notre <strong>Spa bien-\u00eatre <\/strong>, o\u00f9 un \u00e9clairage tamis\u00e9, des ar\u00f4mes apaisants et une musique apaisante donnent le ton \u00e0 la d\u00e9tente. L&#039;ambiance s&#039;inspire \u00e0 la fois <strong>Philosophies orientales du bien-\u00eatre <\/strong> et <strong>conception de spa contemporain <\/strong>, alliant harmonieusement authenticit\u00e9 et confort moderne. D\u00e8s votre entr\u00e9e, vous oublierez le stress du voyage et de la vie urbaine.<\/p><p data-spm-anchor-id=\"a2ty_o01.29997173.0.i109.3c1ec921Rt8uS3\">Nos salles de soins sont spacieuses, insonoris\u00e9es et \u00e9quip\u00e9es d&#039;\u00e9quipements haut de gamme pour garantir votre intimit\u00e9 et votre confort. Chaque s\u00e9ance est men\u00e9e par <strong>th\u00e9rapeutes exp\u00e9riment\u00e9s et form\u00e9s professionnellement <\/strong> qui se sp\u00e9cialisent \u00e0 la fois dans les th\u00e9rapies traditionnelles chinoises et dans les techniques de bien-\u00eatre internationales.<\/p><h4 data-spm-anchor-id=\"a2ty_o01.29997173.0.i107.3c1ec921Rt8uS3\">La gu\u00e9rison traditionnelle rencontre le luxe moderne<\/h4><p>Au c\u0153ur de notre philosophie bien-\u00eatre se trouve la conviction que la v\u00e9ritable relaxation passe par le fait de traiter le corps et l&#039;esprit comme un tout. C&#039;est pourquoi notre gamme de services comprend\u00a0:<\/p><ul><li><strong>Acupression traditionnelle chinoise et massage Tui Na <\/strong>:Th\u00e9rapies des tissus profonds ancr\u00e9es dans des pratiques s\u00e9culaires pour soulager les tensions musculaires, am\u00e9liorer la circulation et restaurer le flux d&#039;\u00e9nergie.<\/li><li><strong>Massage d&#039;aromath\u00e9rapie <\/strong>:M\u00e9langes d&#039;huiles essentielles personnalis\u00e9s adapt\u00e9s \u00e0 votre humeur et \u00e0 vos besoins, offrant une relaxation profonde et un \u00e9quilibre \u00e9motionnel.<\/li><li><strong>Soins du visage <\/strong>:En utilisant des produits de soins de la peau de haute qualit\u00e9, nos soins du visage ciblent l&#039;hydratation, l&#039;anti-\u00e2ge et la purification de la peau pour un teint \u00e9clatant.<\/li><li><strong>Gommages et enveloppements corporels <\/strong>: Des soins exfoliants qui laissent votre peau fra\u00eeche et soyeuse.<\/li><li><strong>R\u00e9flexologie plantaire <\/strong>:Une m\u00e9thode th\u00e9rapeutique ax\u00e9e sur les points de pression dans les pieds pour favoriser la sant\u00e9 globale et l&#039;harmonie interne.<\/li><li><strong>Sauna et hammams <\/strong>:Id\u00e9al pour la d\u00e9toxification et la r\u00e9cup\u00e9ration musculaire apr\u00e8s une longue journ\u00e9e d&#039;exploration de P\u00e9kin.<\/li><\/ul><p>Que vous optiez pour une s\u00e9ance de d\u00e9stressage rapide ou pour un parcours bien-\u00eatre d&#039;une journ\u00e9e compl\u00e8te, notre spa propose une approche personnalis\u00e9e des soins personnels.<\/p><h4>Services gratuits pour une relaxation holistique<\/h4><p>Au-del\u00e0 de nos offres de soins, l&#039;espace bien-\u00eatre propose \u00e9galement <strong>sauna et hammams <\/strong>, <strong>salons de d\u00e9tente <\/strong>, et <strong>coins tisaneries <\/strong>, vous permettant de prolonger votre exp\u00e9rience au-del\u00e0 de la table de massage. Nous encourageons les clients \u00e0 prendre leur temps avant et apr\u00e8s les soins, \u00e0 s&#039;impr\u00e9gner de l&#039;atmosph\u00e8re et \u00e0 laisser les bienfaits s&#039;infiltrer pleinement dans leur corps.<\/p><p>Nous fournissons \u00e9galement <strong>exercices de respiration guid\u00e9s <\/strong>, <strong>s\u00e9ances d&#039;\u00e9tirements l\u00e9gers <\/strong>, et <strong>espaces de m\u00e9ditation calmes <\/strong> sur demande \u2014 parfait pour les voyageurs en qu\u00eate de clart\u00e9 mentale et de paix int\u00e9rieure au milieu du rythme rapide de la vie urbaine.<\/p><h4>Id\u00e9alement situ\u00e9 pour les voyageurs en qu\u00eate d&#039;\u00e9quilibre<\/h4><p>Situ\u00e9 dans le <strong>district de Dongcheng, riche en histoire <\/strong>Le Sunworld Hotel Beijing est entour\u00e9 de certains des monuments les plus embl\u00e9matiques de la capitale, notamment <strong>Place Tiananmen <\/strong>, le <strong>Cit\u00e9 interdite <\/strong>, et <strong>Rue commer\u00e7ante de Wangfujing <\/strong>Apr\u00e8s une journ\u00e9e compl\u00e8te d&#039;exploration ou de r\u00e9unions, retourner dans nos installations de bien-\u00eatre devient le moyen id\u00e9al pour se d\u00e9tendre et se ressourcer.<\/p><p>La commodit\u00e9 d&#039;\u00eatre \u00e0 quelques minutes des principales attractions de P\u00e9kin, combin\u00e9e \u00e0 la s\u00e9r\u00e9nit\u00e9 de notre environnement de bien-\u00eatre, fait du Sunworld Hotel une destination unique pour les voyageurs qui appr\u00e9cient \u00e0 la fois l&#039;aventure et les soins personnels.<\/p><h4>Engagement envers la propret\u00e9 et la s\u00e9curit\u00e9<\/h4><p>Votre bien-\u00eatre est notre priorit\u00e9 absolue. Nos installations bien-\u00eatre respectent les normes d&#039;hygi\u00e8ne les plus strictes, avec une d\u00e9sinfection r\u00e9guli\u00e8re de tous les \u00e9quipements, du linge et des espaces communs. Tous les th\u00e9rapeutes suivent des protocoles sanitaires stricts et des rendez-vous priv\u00e9s sont propos\u00e9s pour garantir la distanciation sociale et un suivi personnalis\u00e9.<\/p><p>Nous proposons \u00e9galement <strong>produits \u00e9cologiques <\/strong> et <strong>ingr\u00e9dients naturels <\/strong> dans la mesure du possible, refl\u00e9tant notre engagement en faveur de la durabilit\u00e9 et de la sant\u00e9 holistique.<\/p><div class=\"py-2 my-3\"><hr \/><\/div><h3>Pourquoi choisir nos installations de bien-\u00eatre ?<\/h3><ul><li>\u2705 Th\u00e9rapeutes experts form\u00e9s aux traditions de bien-\u00eatre orientales et occidentales<\/li><li>\u2705 Th\u00e9rapies de gu\u00e9rison chinoises authentiques comme le Tui Na, l&#039;acupression et la r\u00e9flexologie<\/li><li>\u2705 Ambiance luxueuse con\u00e7ue pour la d\u00e9tente et la clart\u00e9 mentale<\/li><li>\u2705 Acc\u00e8s gratuit au sauna, au hammam et au salon de tisanerie<\/li><li>\u2705 Emplacement strat\u00e9gique \u00e0 proximit\u00e9 des principales attractions de P\u00e9kin<\/li><li>\u2705 Normes \u00e9lev\u00e9es de propret\u00e9 et de s\u00e9curit\u00e9 avec des pratiques \u00e9co-responsables<\/li><\/ul><p>Que vous vous remettiez du d\u00e9calage horaire, que vous soulagiez la fatigue musculaire apr\u00e8s une journ\u00e9e de marche dans d&#039;anciens palais ou que vous ayez simplement envie d&#039;un moment de paix, notre <strong>installations de bien-\u00eatre au Sunworld Hotel Beijing <\/strong> offrent la retraite parfaite.<\/p><div class=\"py-2 my-3\"><hr \/><\/div><p data-spm-anchor-id=\"a2ty_o01.29997173.0.i102.3c1ec921Rt8uS3\"><strong data-spm-anchor-id=\"a2ty_o01.29997173.0.i104.3c1ec921Rt8uS3\">R\u00e9servez votre s\u00e9jour d\u00e8s aujourd&#039;hui et d\u00e9couvrez le pouvoir transformateur du bien-\u00eatre holistique au c\u0153ur de la capitale chinoise. Au Sunworld Hotel Beijing, nous ne nous contentons pas de vous offrir un endroit o\u00f9 dormir\u00a0: nous vous invitons \u00e0 vous ressourcer, \u00e0 vous d\u00e9tendre et \u00e0 vous red\u00e9couvrir. <\/strong><\/p>\t\t\t\t\t\t\t\t<\/div>\n\t\t\t\t\t<\/div>\n\t\t\t\t<\/div>\n\t\t\t\t<\/div>","protected":false},"excerpt":{"rendered":"<p>In the midst of Beijing\u2019s bustling urban landscape, finding a space that nurtures tranquility can be rare \u2014 but at Sunworld Hotel, we\u2019ve created an oasis where modern luxury meets traditional Chinese healing arts. Whether you&#8217;re visiting for business, sightseeing, or cultural immersion, our wellness facilities are thoughtfully curated to offer a holistic escape from [&hellip;]<\/p>\n","protected":false},"author":1,"featured_media":0,"parent":0,"menu_order":0,"comment_status":"closed","ping_status":"closed","template":"","meta":{"footnotes":""},"class_list":["post-2108","page","type-page","status-publish","hentry","post-no-thumbnail"],"_links":{"self":[{"href":"https:\/\/sunworldhotelwangfujing.com\/fr\/wp-json\/wp\/v2\/pages\/2108","targetHints":{"allow":["GET"]}}],"collection":[{"href":"https:\/\/sunworldhotelwangfujing.com\/fr\/wp-json\/wp\/v2\/pages"}],"about":[{"href":"https:\/\/sunworldhotelwangfujing.com\/fr\/wp-json\/wp\/v2\/types\/page"}],"author":[{"embeddable":true,"href":"https:\/\/sunworldhotelwangfujing.com\/fr\/wp-json\/wp\/v2\/users\/1"}],"replies":[{"embeddable":true,"href":"https:\/\/sunworldhotelwangfujing.com\/fr\/wp-json\/wp\/v2\/comments?post=2108"}],"version-history":[{"count":0,"href":"https:\/\/sunworldhotelwangfujing.com\/fr\/wp-json\/wp\/v2\/pages\/2108\/revisions"}],"wp:attachment":[{"href":"https:\/\/sunworldhotelwangfujing.com\/fr\/wp-json\/wp\/v2\/media?parent=2108"}],"curies":[{"name":"wp","href":"https:\/\/api.w.org\/{rel}","templated":true}]}}