{"id":2104,"date":"2021-03-23T09:33:48","date_gmt":"2021-03-23T09:33:48","guid":{"rendered":"http:\/\/localhost\/nuss\/?page_id=167"},"modified":"2025-12-04T09:14:47","modified_gmt":"2025-12-04T09:14:47","slug":"notre-histoire","status":"publish","type":"page","link":"https:\/\/sunworldhotelwangfujing.com\/fr\/notre-histoire\/","title":{"rendered":"Notre histoire"},"content":{"rendered":"<div data-elementor-type=\"wp-page\" data-elementor-id=\"2104\" class=\"elementor elementor-2104\">\n\t\t\t\t\t\t<section class=\"elementor-section elementor-top-section elementor-element elementor-element-8f5bb9d elementor-section-boxed elementor-section-gap-beside-yes elementor-section-height-default elementor-section-height-default elementor-section-column-vertical-align-stretch\" data-id=\"8f5bb9d\" data-element_type=\"section\" data-e-type=\"section\">\n\t\t\t\t\t\t<div class=\"elementor-container elementor-column-gap-extended\">\n\t\t\t\t\t<div class=\"elementor-column elementor-col-100 elementor-top-column elementor-element elementor-element-7ec4215\" data-id=\"7ec4215\" data-element_type=\"column\" data-e-type=\"column\">\n\t\t\t<div class=\"elementor-widget-wrap elementor-element-populated\">\n\t\t\t\t\t\t<div class=\"elementor-element elementor-element-edd9d03 elementor-widget__width-initial elementor-invisible elementor-widget elementor-widget-text-editor\" data-id=\"edd9d03\" data-element_type=\"widget\" data-e-type=\"widget\" data-settings=\"{&quot;_animation&quot;:&quot;nussFadeInUp&quot;}\" data-widget_type=\"text-editor.default\">\n\t\t\t\t\t\t\t\t\t<p>Notre histoire \u2013 Le voyage du Sunworld Hotel Beijing<\/p>\t\t\t\t\t\t\t\t<\/div>\n\t\t\t\t\t<\/div>\n\t\t<\/div>\n\t\t\t\t\t<\/div>\n\t\t<\/section>\n\t\t<div class=\"elementor-element elementor-element-58eb78b e-flex e-con-boxed e-con e-parent\" data-id=\"58eb78b\" data-element_type=\"container\" data-e-type=\"container\">\n\t\t\t\t\t<div class=\"e-con-inner\">\n\t\t\t\t<div class=\"elementor-element elementor-element-b3151e7 elementor-widget elementor-widget-text-editor\" data-id=\"b3151e7\" data-element_type=\"widget\" data-e-type=\"widget\" data-widget_type=\"text-editor.default\">\n\t\t\t\t\t\t\t\t\t<p>Au c\u0153ur de l&#039;une des villes les plus riches historiquement et culturellement dynamiques du monde, le Sunworld Hotel Beijing est un symbole d&#039;hospitalit\u00e9 moderne ancr\u00e9e dans la tradition, le service et l&#039;innovation. Situ\u00e9 au 88, rue Dengshikou, district de Dongcheng (P\u00e9kin, 100006)**, notre h\u00f4tel est bien plus qu&#039;un simple lieu de s\u00e9jour\u00a0: il est l&#039;aboutissement d&#039;une vision\u00a0: cr\u00e9er une destination accueillante o\u00f9 les voyageurs du monde entier pourront d\u00e9couvrir la chaleur de l&#039;hospitalit\u00e9 chinoise tout en profitant du confort d&#039;un design contemporain et de commodit\u00e9s.<\/p><p>#### Un h\u00e9ritage ancr\u00e9 dans l&#039;excellence<\/p><p>L&#039;histoire du Sunworld Hotel Beijing commence par une id\u00e9e simple mais puissante\u00a0: offrir \u00e0 ses clients un m\u00e9lange harmonieux de confort, d&#039;accessibilit\u00e9 et d&#039;authenticit\u00e9 culturelle. Membre du groupe Sunworld Hospitality Group, en pleine expansion et reconnu pour son engagement envers la qualit\u00e9 et la satisfaction de ses clients en Asie, l&#039;\u00e9tablissement p\u00e9kinois a \u00e9t\u00e9 cr\u00e9\u00e9 pour accueillir aussi bien les visiteurs internationaux que les voyageurs nationaux \u00e0 la recherche d&#039;un h\u00e9bergement fiable et de qualit\u00e9 dans le c\u0153ur historique de la ville.<\/p><p>D\u00e8s le d\u00e9but, notre mission a \u00e9t\u00e9 claire : offrir une exp\u00e9rience client inoubliable gr\u00e2ce \u00e0 un service personnalis\u00e9, un emplacement strat\u00e9gique et des espaces soigneusement con\u00e7us qui refl\u00e8tent \u00e0 la fois la modernit\u00e9 et le charme profond\u00e9ment enracin\u00e9 de P\u00e9kin elle-m\u00eame.<\/p><p>#### Choisir le c\u0153ur de l&#039;histoire et de la culture<\/p><p>Pour choisir l&#039;emplacement id\u00e9al du Sunworld Hotel Beijing, nous savions qu&#039;il ne se limitait pas \u00e0 la commodit\u00e9\u00a0: il devait \u00eatre inspirant. C&#039;est pourquoi nous avons choisi la rue Dengshikou, dans le district de Dongcheng, un quartier charg\u00e9 d&#039;histoire et entour\u00e9 de monuments parmi les plus embl\u00e9matiques de la capitale. \u00c0 deux pas de la place Tian&#039;anmen, de la Cit\u00e9 interdite et de la rue commer\u00e7ante Wangfujing, notre h\u00f4tel offre \u00e0 ses clients un acc\u00e8s direct au pass\u00e9 imp\u00e9rial et au dynamisme actuel de P\u00e9kin.<\/p><p>Cet emplacement privil\u00e9gi\u00e9 n&#039;a pas \u00e9t\u00e9 choisi par hasard\u00a0; il refl\u00e8te notre conviction que le voyage doit \u00eatre synonyme de connexion, non seulement avec les lieux, mais aussi avec les gens, la culture et les exp\u00e9riences. Que vous soyez ici pour affaires, pour les loisirs ou pour explorer, s\u00e9journer au Sunworld Hotel vous permettra de vous immerger dans l&#039;\u00e2me de P\u00e9kin.<\/p><p>#### Construire une maison loin de chez soi<\/p><p>Depuis notre ouverture, nous avons travaill\u00e9 sans rel\u00e2che pour cr\u00e9er un espace o\u00f9 l&#039;on se sent comme \u00e0 la maison. Notre \u00e9quipe comprend que chaque voyageur est unique, qu&#039;il arrive apr\u00e8s un vol long-courrier, se pr\u00e9pare pour une r\u00e9union importante ou parte pour son premier voyage en Chine. C&#039;est pourquoi nous avons con\u00e7u notre h\u00f4tel dans un souci de praticit\u00e9 et de confort.<\/p><p>Des chambres et suites \u00e9l\u00e9gantes \u00e0 notre restaurant sur place servant des sp\u00e9cialit\u00e9s locales et internationales, chaque d\u00e9tail a \u00e9t\u00e9 pens\u00e9 pour sublimer votre s\u00e9jour. Nous avons investi dans des \u00e9quipements de pointe tels que le Wi-Fi haut d\u00e9bit, une conciergerie 24h\/24 et 7j\/7, des salles de r\u00e9union et notre spa bien-\u00eatre signature, pour que chaque client reparte ressourc\u00e9, connect\u00e9 et inspir\u00e9.<\/p><p>#### Grandir avec un objectif<\/p><p>Au fil des ans, le Sunworld Hotel Beijing a non seulement gagn\u00e9 en r\u00e9putation, mais aussi en ambition. Nous sommes fiers d&#039;avoir accueilli des milliers de clients venus des quatre coins du monde\u00a0: hommes d&#039;affaires, familles, voyageurs en solo, diplomates, \u00e9tudiants et aventuriers. Leurs retours ont fa\u00e7onn\u00e9 notre \u00e9volution, nous aidant \u00e0 peaufiner nos services, \u00e0 am\u00e9liorer nos installations et \u00e0 renforcer notre engagement en faveur du d\u00e9veloppement durable, du service client et de l&#039;engagement communautaire.<\/p><p>Nous nous effor\u00e7ons continuellement de respecter nos valeurs d&#039;**int\u00e9grit\u00e9, d&#039;innovation et d&#039;inclusion**, en veillant \u00e0 ce que chaque client, quelle que soit son origine, son parcours ou la raison de sa visite, se sente respect\u00e9, valoris\u00e9 et bien pris en charge.<\/p><p>#### Regard vers l&#039;avenir<\/p><p>Alors que nous poursuivons notre aventure, nous restons concentr\u00e9s sur l&#039;essentiel\u00a0: nos clients. Au Sunworld Hotel Beijing, nous pensons que l&#039;hospitalit\u00e9 ne se r\u00e9sume pas \u00e0 la fourniture d&#039;une chambre, mais \u00e0 la cr\u00e9ation de moments pr\u00e9cieux. Qu&#039;il s&#039;agisse du sourire d&#039;un membre du personnel qui se souvient de votre nom, de l&#039;ar\u00f4me d&#039;un petit-d\u00e9jeuner fra\u00eechement servi chaque matin ou de la tranquillit\u00e9 d&#039;esprit de savoir que vous s\u00e9journez dans l&#039;un des h\u00f4tels les plus r\u00e9put\u00e9s de P\u00e9kin, ce sont ces d\u00e9tails qui d\u00e9finissent notre histoire.<\/p><p>Merci de faire partie de notre aventure. Nous avons h\u00e2te de vous accueillir prochainement au Sunworld Hotel Beijing, o\u00f9 tradition et modernit\u00e9 se rencontrent, et o\u00f9 chaque client participe \u00e0 notre h\u00e9ritage en constante \u00e9volution.<\/p><p>\u2014<\/p><p>**Venez d\u00e9couvrir l&#039;histoire de ce s\u00e9jour. R\u00e9servez votre s\u00e9jour avec nous d\u00e8s aujourd&#039;hui.**<\/p>\t\t\t\t\t\t\t\t<\/div>\n\t\t\t\t\t<\/div>\n\t\t\t\t<\/div>\n\t\t\t\t<\/div>","protected":false},"excerpt":{"rendered":"<p>Our Story \u2013 The Journey of Sunworld Hotel Beijing At the heart of one of the world\u2019s most historically rich and culturally vibrant cities, **Sunworld Hotel Beijing** stands as a symbol of modern hospitality rooted in tradition, service, and innovation. Located at **No. 88 Dengshikou Street, Dongcheng District (Beijing, 100006)**, our hotel is more than [&hellip;]<\/p>\n","protected":false},"author":1,"featured_media":0,"parent":0,"menu_order":0,"comment_status":"closed","ping_status":"closed","template":"","meta":{"footnotes":""},"class_list":["post-2104","page","type-page","status-publish","hentry","post-no-thumbnail"],"_links":{"self":[{"href":"https:\/\/sunworldhotelwangfujing.com\/fr\/wp-json\/wp\/v2\/pages\/2104","targetHints":{"allow":["GET"]}}],"collection":[{"href":"https:\/\/sunworldhotelwangfujing.com\/fr\/wp-json\/wp\/v2\/pages"}],"about":[{"href":"https:\/\/sunworldhotelwangfujing.com\/fr\/wp-json\/wp\/v2\/types\/page"}],"author":[{"embeddable":true,"href":"https:\/\/sunworldhotelwangfujing.com\/fr\/wp-json\/wp\/v2\/users\/1"}],"replies":[{"embeddable":true,"href":"https:\/\/sunworldhotelwangfujing.com\/fr\/wp-json\/wp\/v2\/comments?post=2104"}],"version-history":[{"count":0,"href":"https:\/\/sunworldhotelwangfujing.com\/fr\/wp-json\/wp\/v2\/pages\/2104\/revisions"}],"wp:attachment":[{"href":"https:\/\/sunworldhotelwangfujing.com\/fr\/wp-json\/wp\/v2\/media?parent=2104"}],"curies":[{"name":"wp","href":"https:\/\/api.w.org\/{rel}","templated":true}]}}