{"id":612,"date":"2021-03-26T10:04:13","date_gmt":"2021-03-26T10:04:13","guid":{"rendered":"http:\/\/localhost\/nuss\/?page_id=612"},"modified":"2025-12-04T09:14:56","modified_gmt":"2025-12-04T09:14:56","slug":"restaurante","status":"publish","type":"page","link":"https:\/\/sunworldhotelwangfujing.com\/es\/restaurante\/","title":{"rendered":"Restaurante"},"content":{"rendered":"<div data-elementor-type=\"wp-page\" data-elementor-id=\"612\" class=\"elementor elementor-612\">\n\t\t\t\t\t\t<section class=\"elementor-section elementor-top-section elementor-element elementor-element-e2effe8 elementor-section-boxed elementor-section-gap-beside-yes elementor-section-height-default elementor-section-height-default elementor-section-column-vertical-align-stretch\" data-id=\"e2effe8\" data-element_type=\"section\" data-e-type=\"section\">\n\t\t\t\t\t\t<div class=\"elementor-container elementor-column-gap-extended\">\n\t\t\t\t\t<div class=\"elementor-column elementor-col-100 elementor-top-column elementor-element elementor-element-e18f688\" data-id=\"e18f688\" data-element_type=\"column\" data-e-type=\"column\">\n\t\t\t<div class=\"elementor-widget-wrap elementor-element-populated\">\n\t\t\t\t\t\t<div class=\"elementor-element elementor-element-6db146d elementor-widget__width-initial elementor-invisible elementor-widget elementor-widget-text-editor\" data-id=\"6db146d\" data-element_type=\"widget\" data-e-type=\"widget\" data-settings=\"{&quot;_animation&quot;:&quot;nussFadeInUp&quot;}\" data-widget_type=\"text-editor.default\">\n\t\t\t\t\t\t\t\t\t<p>Disfrute de los sabores de la tradici\u00f3n y la cocina global en el restaurante del Sunworld Hotel Beijing<\/p>\t\t\t\t\t\t\t\t<\/div>\n\t\t\t\t\t<\/div>\n\t\t<\/div>\n\t\t\t\t\t<\/div>\n\t\t<\/section>\n\t\t<div class=\"elementor-element elementor-element-4f691db e-flex e-con-boxed e-con e-parent\" data-id=\"4f691db\" data-element_type=\"container\" data-e-type=\"container\">\n\t\t\t\t\t<div class=\"e-con-inner\">\n\t\t<div class=\"elementor-element elementor-element-0a085d6 e-con-full e-flex e-con e-child\" data-id=\"0a085d6\" data-element_type=\"container\" data-e-type=\"container\">\n\t\t\t\t<div class=\"elementor-element elementor-element-438a8ed elementor-widget elementor-widget-text-editor\" data-id=\"438a8ed\" data-element_type=\"widget\" data-e-type=\"widget\" data-widget_type=\"text-editor.default\">\n\t\t\t\t\t\t\t\t\t<p data-spm-anchor-id=\"a2ty_o01.29997173.0.i58.3c1ec921Rt8uS3\">Ubicado en el coraz\u00f3n de la capital de China en <strong>Calle Dengshikou n\u00ba 88, distrito de Dongcheng (Pek\u00edn, 100006) <\/strong>, el <strong>Hotel Sunworld de Pek\u00edn <\/strong> Ofrece mucho m\u00e1s que una ubicaci\u00f3n conveniente y un alojamiento elegante: es el hogar de una experiencia culinaria que deleita tanto a hu\u00e9spedes como a comensales locales. Nuestro restaurante, cuidadosamente dise\u00f1ado con comodidad y elegancia en mente, es un centro para la nutrici\u00f3n, la relajaci\u00f3n y la exploraci\u00f3n cultural a trav\u00e9s de la gastronom\u00eda.<\/p><p data-spm-anchor-id=\"a2ty_o01.29997173.0.i59.3c1ec921Rt8uS3\">Ya sea que comience el d\u00eda con un abundante desayuno antes de explorar la Ciudad Prohibida, disfrute de un almuerzo satisfactorio despu\u00e9s de una ma\u00f1ana de reuniones o se relaje con una deliciosa cena despu\u00e9s de un largo d\u00eda de turismo, nuestro restaurante est\u00e1 dise\u00f1ado para satisfacer sus necesidades con estilo y sabor.<\/p>\t\t\t\t\t\t\t\t<\/div>\n\t\t\t\t<\/div>\n\t\t<div class=\"elementor-element elementor-element-d1d0c67 e-con-full e-flex e-con e-child\" data-id=\"d1d0c67\" data-element_type=\"container\" data-e-type=\"container\">\n\t\t\t\t<div class=\"elementor-element elementor-element-0f936b8 elementor-widget elementor-widget-image\" data-id=\"0f936b8\" data-element_type=\"widget\" data-e-type=\"widget\" data-widget_type=\"image.default\">\n\t\t\t\t\t\t\t\t\t\t\t\t\t\t\t<img fetchpriority=\"high\" decoding=\"async\" width=\"1024\" height=\"682\" src=\"https:\/\/sunworldhotelwangfujing.com\/wp-content\/uploads\/2025\/07\/Sunworld-Hotel-Wangfujing-Beijing-23-1024x682.webp\" class=\"attachment-large size-large wp-image-5570\" alt=\"\" srcset=\"https:\/\/sunworldhotelwangfujing.com\/wp-content\/uploads\/2025\/07\/Sunworld-Hotel-Wangfujing-Beijing-23-1024x682.webp 1024w, https:\/\/sunworldhotelwangfujing.com\/wp-content\/uploads\/2025\/07\/Sunworld-Hotel-Wangfujing-Beijing-23-300x200.webp 300w, https:\/\/sunworldhotelwangfujing.com\/wp-content\/uploads\/2025\/07\/Sunworld-Hotel-Wangfujing-Beijing-23-768x512.webp 768w, https:\/\/sunworldhotelwangfujing.com\/wp-content\/uploads\/2025\/07\/Sunworld-Hotel-Wangfujing-Beijing-23-18x12.webp 18w, https:\/\/sunworldhotelwangfujing.com\/wp-content\/uploads\/2025\/07\/Sunworld-Hotel-Wangfujing-Beijing-23.webp 1280w\" sizes=\"(max-width: 1024px) 100vw, 1024px\" \/>\t\t\t\t\t\t\t\t\t\t\t\t\t\t\t<\/div>\n\t\t\t\t<\/div>\n\t\t\t\t\t<\/div>\n\t\t\t\t<\/div>\n\t\t<div class=\"elementor-element elementor-element-abb8f30 e-flex e-con-boxed e-con e-parent\" data-id=\"abb8f30\" data-element_type=\"container\" data-e-type=\"container\">\n\t\t\t\t\t<div class=\"e-con-inner\">\n\t\t<div class=\"elementor-element elementor-element-6fe7cd9 e-con-full e-flex e-con e-child\" data-id=\"6fe7cd9\" data-element_type=\"container\" data-e-type=\"container\">\n\t\t\t\t<div class=\"elementor-element elementor-element-b504cf1 elementor-widget elementor-widget-image\" data-id=\"b504cf1\" data-element_type=\"widget\" data-e-type=\"widget\" data-widget_type=\"image.default\">\n\t\t\t\t\t\t\t\t\t\t\t\t\t\t\t<img decoding=\"async\" width=\"572\" height=\"853\" src=\"https:\/\/sunworldhotelwangfujing.com\/wp-content\/uploads\/2025\/07\/Sunworld-Hotel-Wangfujing-Beijing-28.webp\" class=\"attachment-large size-large wp-image-5575\" alt=\"\" srcset=\"https:\/\/sunworldhotelwangfujing.com\/wp-content\/uploads\/2025\/07\/Sunworld-Hotel-Wangfujing-Beijing-28.webp 572w, https:\/\/sunworldhotelwangfujing.com\/wp-content\/uploads\/2025\/07\/Sunworld-Hotel-Wangfujing-Beijing-28-201x300.webp 201w, https:\/\/sunworldhotelwangfujing.com\/wp-content\/uploads\/2025\/07\/Sunworld-Hotel-Wangfujing-Beijing-28-8x12.webp 8w\" sizes=\"(max-width: 572px) 100vw, 572px\" \/>\t\t\t\t\t\t\t\t\t\t\t\t\t\t\t<\/div>\n\t\t\t\t<\/div>\n\t\t<div class=\"elementor-element elementor-element-3e84584 e-con-full e-flex e-con e-child\" data-id=\"3e84584\" data-element_type=\"container\" data-e-type=\"container\">\n\t\t\t\t<div class=\"elementor-element elementor-element-58b065e elementor-widget elementor-widget-text-editor\" data-id=\"58b065e\" data-element_type=\"widget\" data-e-type=\"widget\" data-widget_type=\"text-editor.default\">\n\t\t\t\t\t\t\t\t\t<h4 data-spm-anchor-id=\"a2ty_o01.29997173.0.i61.3c1ec921Rt8uS3\">Un viaje culinario arraigado en la autenticidad<\/h4><p data-spm-anchor-id=\"a2ty_o01.29997173.0.i60.3c1ec921Rt8uS3\">En el Hotel Sunworld de Pek\u00edn, creemos que la gastronom\u00eda es una de las formas m\u00e1s aut\u00e9nticas de vivir un destino, y nuestro restaurante refleja esta filosof\u00eda. Nuestro men\u00fa es una cuidada selecci\u00f3n de... <strong>cocina tradicional china <\/strong>, mostrando especialidades regionales de todo el pa\u00eds y <strong>platos internacionales <\/strong> que satisfacen gustos globales. Desde sabrosos dim sum y pato pekin\u00e9s hasta pastas al estilo occidental, carnes a la parrilla y ensaladas frescas, hay algo para todos los gustos.<\/p><p>Nuestros chefs aportan a\u00f1os de experiencia y pasi\u00f3n a la cocina, utilizando <strong>ingredientes frescos de origen local <\/strong> Para crear comidas que no solo sean sabrosas, sino tambi\u00e9n saludables y visualmente atractivas. Cada plato cuenta una historia, ya sea la herencia centenaria de una receta cl\u00e1sica de Pek\u00edn o el toque moderno de un plato internacional muy apreciado.<\/p><h4>Una experiencia gastron\u00f3mica dise\u00f1ada para la comodidad y conveniencia<\/h4><p>El ambiente de nuestro restaurante complementa la rica oferta culinaria. Con un ambiente c\u00e1lido y acogedor, una decoraci\u00f3n contempor\u00e1nea y un servicio atento, cenar aqu\u00ed es como un respiro del bullicio de la ciudad. Ya sea que viaje solo, en familia o en grupo de negocios, nuestra distribuci\u00f3n garantiza una experiencia c\u00f3moda para todo tipo de hu\u00e9spedes.<\/p><p data-spm-anchor-id=\"a2ty_o01.29997173.0.i62.3c1ec921Rt8uS3\">Abierto todos los d\u00edas para <strong>desayuno, almuerzo y cena <\/strong>, el restaurante tambi\u00e9n ofrece <strong>servicio de habitaciones <\/strong>, para que pueda disfrutar de una comida en la privacidad de su habitaci\u00f3n despu\u00e9s de un largo viaje o un d\u00eda completo explorando las principales atracciones de Beijing. El <strong>momento conveniente <\/strong>, <strong>servicio eficiente <\/strong>, y <strong>variedad de opciones <\/strong> lo convierte en uno de los favoritos tanto entre los hu\u00e9spedes del hotel como entre los visitantes cercanos.<\/p>\t\t\t\t\t\t\t\t<\/div>\n\t\t\t\t<\/div>\n\t\t\t\t\t<\/div>\n\t\t\t\t<\/div>\n\t\t<div class=\"elementor-element elementor-element-e80eb9f e-flex e-con-boxed e-con e-parent\" data-id=\"e80eb9f\" data-element_type=\"container\" data-e-type=\"container\">\n\t\t\t\t\t<div class=\"e-con-inner\">\n\t\t<div class=\"elementor-element elementor-element-a67b618 e-con-full e-flex e-con e-child\" data-id=\"a67b618\" data-element_type=\"container\" data-e-type=\"container\">\n\t\t\t\t<div class=\"elementor-element elementor-element-1b02627 elementor-widget elementor-widget-text-editor\" data-id=\"1b02627\" data-element_type=\"widget\" data-e-type=\"widget\" data-widget_type=\"text-editor.default\">\n\t\t\t\t\t\t\t\t\t<h4 data-spm-anchor-id=\"a2ty_o01.29997173.0.i64.3c1ec921Rt8uS3\">Perfectamente posicionado para la exploraci\u00f3n<\/h4><p>Gracias a nuestra ubicaci\u00f3n privilegiada en <strong>Distrito de Dongch\u00e9ng <\/strong>, a solo minutos de <strong>Plaza de Tiananm\u00e9n <\/strong>, el <strong>Ciudad Prohibida <\/strong>, y <strong>Calle comercial Wangfujing <\/strong>Muchos viajeros eligen empezar o terminar el d\u00eda con una comida en nuestro restaurante. Es el lugar perfecto para reponer fuerzas entre visitas a los monumentos hist\u00f3ricos de Pek\u00edn o para relajarse con una taza de t\u00e9 reci\u00e9n hecho mientras planean su pr\u00f3xima aventura.<\/p><p>Los profesionales de negocios locales, los turistas e incluso los hu\u00e9spedes que regresan con frecuencia elogian nuestro restaurante por su <strong>calidad constante <\/strong>, <strong>sabores aut\u00e9nticos <\/strong>, y <strong>entorno c\u00f3modo <\/strong>Rese\u00f1as en plataformas como <strong>TripAdvisor <\/strong>, <strong>Booking.com <\/strong>, y <strong>Agoda <\/strong> A menudo resaltan la <strong>porciones generosas <\/strong>, <strong>ambiente limpio <\/strong>, y <strong>personal atento <\/strong> que contribuyen a una experiencia gastron\u00f3mica placentera.<\/p><h4>Sostenibilidad y calidad que puedes saborear<\/h4><p data-spm-anchor-id=\"a2ty_o01.29997173.0.i63.3c1ec921Rt8uS3\">Adem\u00e1s de ofrecer un men\u00fa diverso y delicioso, estamos comprometidos a mantener altos est\u00e1ndares de <strong>seguridad alimentaria, higiene y sostenibilidad <\/strong>Trabajamos estrechamente con proveedores de confianza para garantizar que nuestros ingredientes sean frescos, de origen \u00e9tico y respetuosos con el medio ambiente. Esta dedicaci\u00f3n a la calidad se refleja en cada bocado y subraya nuestro compromiso de brindar una experiencia gastron\u00f3mica que haga sentir bien a nuestros comensales.<\/p>\t\t\t\t\t\t\t\t<\/div>\n\t\t\t\t<\/div>\n\t\t<div class=\"elementor-element elementor-element-bfdfcff e-con-full e-flex e-con e-child\" data-id=\"bfdfcff\" data-element_type=\"container\" data-e-type=\"container\">\n\t\t\t\t<div class=\"elementor-element elementor-element-e874a17 elementor-widget elementor-widget-image\" data-id=\"e874a17\" data-element_type=\"widget\" data-e-type=\"widget\" data-widget_type=\"image.default\">\n\t\t\t\t\t\t\t\t\t\t\t\t\t\t\t<img decoding=\"async\" width=\"1024\" height=\"682\" src=\"https:\/\/sunworldhotelwangfujing.com\/wp-content\/uploads\/2025\/07\/Sunworld-Hotel-Wangfujing-Beijing-20-1024x682.webp\" class=\"attachment-large size-large wp-image-5567\" alt=\"\" srcset=\"https:\/\/sunworldhotelwangfujing.com\/wp-content\/uploads\/2025\/07\/Sunworld-Hotel-Wangfujing-Beijing-20-1024x682.webp 1024w, https:\/\/sunworldhotelwangfujing.com\/wp-content\/uploads\/2025\/07\/Sunworld-Hotel-Wangfujing-Beijing-20-300x200.webp 300w, https:\/\/sunworldhotelwangfujing.com\/wp-content\/uploads\/2025\/07\/Sunworld-Hotel-Wangfujing-Beijing-20-768x512.webp 768w, https:\/\/sunworldhotelwangfujing.com\/wp-content\/uploads\/2025\/07\/Sunworld-Hotel-Wangfujing-Beijing-20-18x12.webp 18w, https:\/\/sunworldhotelwangfujing.com\/wp-content\/uploads\/2025\/07\/Sunworld-Hotel-Wangfujing-Beijing-20.webp 1280w\" sizes=\"(max-width: 1024px) 100vw, 1024px\" \/>\t\t\t\t\t\t\t\t\t\t\t\t\t\t\t<\/div>\n\t\t\t\t<\/div>\n\t\t\t\t\t<\/div>\n\t\t\t\t<\/div>\n\t\t<div class=\"elementor-element elementor-element-8dc9fa9 e-flex e-con-boxed e-con e-parent\" data-id=\"8dc9fa9\" data-element_type=\"container\" data-e-type=\"container\">\n\t\t\t\t\t<div class=\"e-con-inner\">\n\t\t\t\t<div class=\"elementor-element elementor-element-6b42d56 elementor-widget elementor-widget-nuss-heading\" data-id=\"6b42d56\" data-element_type=\"widget\" data-e-type=\"widget\" data-widget_type=\"nuss-heading.default\">\n\t\t\t\t<div class=\"elementor-widget-container\">\n\t\t\t\t\t\t\t<div class=\"nuss-modern-heading\">\r\n\t\t\t\t\t\t<div class=\"heading-secondary-wrap\">\r\n\t\t\t\t<h3 class=\"heading-secondary elementor-heading-title\">Ven a probar la diferencia <\/h3>\t\t\t<\/div>\r\n\t\t\r\n\t\t\t\r\n\t\t\t\r\n\t\t\t\t\t<\/div>\r\n\t\t\t\t\t<\/div>\n\t\t\t\t<\/div>\n\t\t\t\t<div class=\"elementor-element elementor-element-ffea837 elementor-widget elementor-widget-text-editor\" data-id=\"ffea837\" data-element_type=\"widget\" data-e-type=\"widget\" data-widget_type=\"text-editor.default\">\n\t\t\t\t\t\t\t\t\t<p>Ya sea que est\u00e9 deseando las especias audaces de la cocina de Sichuan, los sabores delicados de los platos cantoneses o la reconfortante familiaridad de la comida occidental, el restaurante en <strong>Hotel Sunworld de Pek\u00edn <\/strong> Promete una experiencia culinaria inolvidable. Nuestro equipo se enorgullece de servir comidas que van m\u00e1s all\u00e1 de lo simple: ofrecen una muestra de la cultura, la calidez y la hospitalidad que definen nuestra marca.<\/p><p>As\u00ed que, ven a visitarnos a <strong>Calle Dengshikou n.\u00b0 88 <\/strong> Y del\u00e9itese con una comida que satisface m\u00e1s que solo su apetito. En el Sunworld Hotel Beijing, cada plato se prepara con esmero, cada hu\u00e9sped es recibido como familia y cada comida es una raz\u00f3n m\u00e1s para enamorarse de la ciudad.<\/p><div class=\"my-2\">\u00a0<\/div><div class=\"py-2 my-3\"><hr \/><\/div><p><strong>Reserve su estancia hoy mismo y descubra por qu\u00e9 nuestro restaurante se est\u00e1 convirtiendo en un destino imprescindible en el distrito de Dongcheng. Su paladar y sus recuerdos de viaje se lo agradecer\u00e1n. <\/strong><\/p>\t\t\t\t\t\t\t\t<\/div>\n\t\t\t\t\t<\/div>\n\t\t\t\t<\/div>\n\t\t\t\t<\/div>","protected":false},"excerpt":{"rendered":"<p>Savor the Flavors of Tradition &amp; Global Cuisine at Sunworld Hotel Beijing\u2019s On-Site Restaurant Nestled in the heart of China\u2019s capital at No. 88 Dengshikou Street, Dongcheng District (Beijing, 100006) , the Sunworld Hotel Beijing offers more than just a convenient location and elegant accommodations \u2014 it is home to a culinary experience that delights [&hellip;]<\/p>\n","protected":false},"author":1,"featured_media":0,"parent":0,"menu_order":0,"comment_status":"closed","ping_status":"closed","template":"","meta":{"footnotes":""},"class_list":["post-612","page","type-page","status-publish","hentry","post-no-thumbnail"],"_links":{"self":[{"href":"https:\/\/sunworldhotelwangfujing.com\/es\/wp-json\/wp\/v2\/pages\/612","targetHints":{"allow":["GET"]}}],"collection":[{"href":"https:\/\/sunworldhotelwangfujing.com\/es\/wp-json\/wp\/v2\/pages"}],"about":[{"href":"https:\/\/sunworldhotelwangfujing.com\/es\/wp-json\/wp\/v2\/types\/page"}],"author":[{"embeddable":true,"href":"https:\/\/sunworldhotelwangfujing.com\/es\/wp-json\/wp\/v2\/users\/1"}],"replies":[{"embeddable":true,"href":"https:\/\/sunworldhotelwangfujing.com\/es\/wp-json\/wp\/v2\/comments?post=612"}],"version-history":[{"count":0,"href":"https:\/\/sunworldhotelwangfujing.com\/es\/wp-json\/wp\/v2\/pages\/612\/revisions"}],"wp:attachment":[{"href":"https:\/\/sunworldhotelwangfujing.com\/es\/wp-json\/wp\/v2\/media?parent=612"}],"curies":[{"name":"wp","href":"https:\/\/api.w.org\/{rel}","templated":true}]}}