{"id":2108,"date":"2021-03-26T06:46:16","date_gmt":"2021-03-26T06:46:16","guid":{"rendered":"http:\/\/localhost\/nuss\/?page_id=437"},"modified":"2025-12-04T09:15:17","modified_gmt":"2025-12-04T09:15:17","slug":"spa","status":"publish","type":"page","link":"https:\/\/sunworldhotelwangfujing.com\/es\/spa\/","title":{"rendered":"Spa"},"content":{"rendered":"<div data-elementor-type=\"wp-page\" data-elementor-id=\"2108\" class=\"elementor elementor-2108\">\n\t\t\t\t\t\t<section class=\"elementor-section elementor-top-section elementor-element elementor-element-e56a0cd elementor-section-boxed elementor-section-gap-beside-yes elementor-section-height-default elementor-section-height-default elementor-section-column-vertical-align-stretch\" data-id=\"e56a0cd\" data-element_type=\"section\" data-e-type=\"section\">\n\t\t\t\t\t\t<div class=\"elementor-container elementor-column-gap-extended\">\n\t\t\t\t\t<div class=\"elementor-column elementor-col-100 elementor-top-column elementor-element elementor-element-0b4465f\" data-id=\"0b4465f\" data-element_type=\"column\" data-e-type=\"column\">\n\t\t\t<div class=\"elementor-widget-wrap elementor-element-populated\">\n\t\t\t\t\t\t<div class=\"elementor-element elementor-element-c5bfb65 elementor-widget__width-initial elementor-invisible elementor-widget elementor-widget-text-editor\" data-id=\"c5bfb65\" data-element_type=\"widget\" data-e-type=\"widget\" data-settings=\"{&quot;_animation&quot;:&quot;nussFadeInUp&quot;}\" data-widget_type=\"text-editor.default\">\n\t\t\t\t\t\t\t\t\t<p data-spm-anchor-id=\"a2ty_o01.29997173.0.i106.3c1ec921Rt8uS3\">En medio del bullicio urbano de Pek\u00edn, encontrar un espacio que promueva la tranquilidad puede ser dif\u00edcil, pero en el Hotel Sunworld hemos creado un oasis donde el lujo moderno se fusiona con las artes curativas tradicionales chinas. Ya sea que viaje por negocios, turismo o por inmersi\u00f3n cultural, nuestras instalaciones de bienestar est\u00e1n cuidadosamente dise\u00f1adas para ofrecerle una escapada hol\u00edstica de las exigencias de la vida diaria.<\/p>\t\t\t\t\t\t\t\t<\/div>\n\t\t\t\t\t<\/div>\n\t\t<\/div>\n\t\t\t\t\t<\/div>\n\t\t<\/section>\n\t\t<div class=\"elementor-element elementor-element-118eab0 e-flex e-con-boxed e-con e-parent\" data-id=\"118eab0\" data-element_type=\"container\" data-e-type=\"container\">\n\t\t\t\t\t<div class=\"e-con-inner\">\n\t\t\t\t<div class=\"elementor-element elementor-element-08dcd7f elementor-widget elementor-widget-image\" data-id=\"08dcd7f\" data-element_type=\"widget\" data-e-type=\"widget\" data-widget_type=\"image.default\">\n\t\t\t\t\t\t\t\t\t\t\t\t\t\t\t<img fetchpriority=\"high\" decoding=\"async\" width=\"1024\" height=\"640\" src=\"https:\/\/sunworldhotelwangfujing.com\/wp-content\/uploads\/2025\/07\/Sunworld-Hotel-Wangfujing-Beijing-11-1024x640.webp\" class=\"attachment-large size-large wp-image-5558\" alt=\"\" srcset=\"https:\/\/sunworldhotelwangfujing.com\/wp-content\/uploads\/2025\/07\/Sunworld-Hotel-Wangfujing-Beijing-11-1024x640.webp 1024w, https:\/\/sunworldhotelwangfujing.com\/wp-content\/uploads\/2025\/07\/Sunworld-Hotel-Wangfujing-Beijing-11-300x188.webp 300w, https:\/\/sunworldhotelwangfujing.com\/wp-content\/uploads\/2025\/07\/Sunworld-Hotel-Wangfujing-Beijing-11-768x480.webp 768w, https:\/\/sunworldhotelwangfujing.com\/wp-content\/uploads\/2025\/07\/Sunworld-Hotel-Wangfujing-Beijing-11-18x12.webp 18w, https:\/\/sunworldhotelwangfujing.com\/wp-content\/uploads\/2025\/07\/Sunworld-Hotel-Wangfujing-Beijing-11.webp 1280w\" sizes=\"(max-width: 1024px) 100vw, 1024px\" \/>\t\t\t\t\t\t\t\t\t\t\t\t\t\t\t<\/div>\n\t\t\t\t\t<\/div>\n\t\t\t\t<\/div>\n\t\t<div class=\"elementor-element elementor-element-bae79b7 e-flex e-con-boxed e-con e-parent\" data-id=\"bae79b7\" data-element_type=\"container\" data-e-type=\"container\">\n\t\t\t\t\t<div class=\"e-con-inner\">\n\t\t\t\t<div class=\"elementor-element elementor-element-97afb62 elementor-widget elementor-widget-text-editor\" data-id=\"97afb62\" data-element_type=\"widget\" data-e-type=\"widget\" data-widget_type=\"text-editor.default\">\n\t\t\t\t\t\t\t\t\t<h4>Un santuario dise\u00f1ado para la serenidad<\/h4><p>Entra en nuestro <strong>Spa de bienestar <\/strong>, donde la iluminaci\u00f3n tenue, los aromas relajantes y la m\u00fasica relajante crean el ambiente perfecto para la relajaci\u00f3n. El ambiente est\u00e1 inspirado en ambos... <strong>Filosof\u00edas orientales de bienestar <\/strong> y <strong>dise\u00f1o de spa contempor\u00e1neo <\/strong>, garantizando una combinaci\u00f3n perfecta de autenticidad y confort moderno. Desde el momento en que entre, sentir\u00e1 c\u00f3mo se desvanece el estr\u00e9s del viaje y la vida urbana.<\/p><p data-spm-anchor-id=\"a2ty_o01.29997173.0.i109.3c1ec921Rt8uS3\">Nuestras salas de tratamiento son espaciosas, insonorizadas y equipadas con servicios de primera calidad para garantizar su m\u00e1xima privacidad y comodidad. Cada sesi\u00f3n es impartida por <strong>terapeutas experimentados y capacitados profesionalmente <\/strong> que se especializan tanto en terapias tradicionales chinas como en t\u00e9cnicas internacionales de bienestar.<\/p><h4 data-spm-anchor-id=\"a2ty_o01.29997173.0.i107.3c1ec921Rt8uS3\">La curaci\u00f3n tradicional se fusiona con el lujo moderno<\/h4><p>En el centro de nuestra filosof\u00eda de bienestar se encuentra la convicci\u00f3n de que la verdadera relajaci\u00f3n proviene de tratar cuerpo, mente y esp\u00edritu como uno solo. Por eso, nuestra oferta de servicios incluye:<\/p><ul><li><strong>Acupresi\u00f3n tradicional china y masaje Tui Na <\/strong>:Terapias de tejido profundo basadas en pr\u00e1cticas centenarias para aliviar la tensi\u00f3n muscular, mejorar la circulaci\u00f3n y restaurar el flujo de energ\u00eda.<\/li><li><strong>Masaje de aromaterapia <\/strong>Mezclas de aceites esenciales personalizadas adaptadas a su estado de \u00e1nimo y necesidades, que ofrecen relajaci\u00f3n profunda y equilibrio emocional.<\/li><li><strong>Tratamientos faciales <\/strong>Utilizando productos de cuidado de la piel de alta calidad, nuestros tratamientos faciales se centran en la hidrataci\u00f3n, el antienvejecimiento y la purificaci\u00f3n de la piel para una tez radiante.<\/li><li><strong>Exfoliaciones y envolturas corporales <\/strong>:Tratamientos exfoliantes que dejan tu piel fresca y suave como la seda.<\/li><li><strong>Reflexolog\u00eda podal <\/strong>:Un m\u00e9todo terap\u00e9utico centrado en los puntos de presi\u00f3n de los pies para promover la salud general y la armon\u00eda interna.<\/li><li><strong>Sauna y ba\u00f1os de vapor <\/strong>:Ideal para la desintoxicaci\u00f3n y la recuperaci\u00f3n muscular despu\u00e9s de un largo d\u00eda explorando Beijing.<\/li><\/ul><p>Ya sea que opte por una sesi\u00f3n r\u00e1pida para desestresarse o por un viaje de bienestar de un d\u00eda completo, nuestro spa ofrece un enfoque personalizado para el cuidado personal.<\/p><h4>Servicios gratuitos para la relajaci\u00f3n hol\u00edstica<\/h4><p>M\u00e1s all\u00e1 de nuestra oferta de tratamientos, el \u00e1rea de bienestar tambi\u00e9n cuenta con <strong>sauna y ba\u00f1os de vapor <\/strong>, <strong>salones de relajaci\u00f3n <\/strong>, y <strong>rincones de t\u00e9 de hierbas <\/strong>, permiti\u00e9ndole extender su experiencia m\u00e1s all\u00e1 de la camilla de masaje. Se anima a los hu\u00e9spedes a tomarse su tiempo antes y despu\u00e9s de los tratamientos, disfrutando del ambiente y permitiendo que los beneficios se integren plenamente en sus cuerpos.<\/p><p>Tambi\u00e9n ofrecemos <strong>ejercicios de respiraci\u00f3n guiada <\/strong>, <strong>sesiones de estiramiento ligero <\/strong>, y <strong>espacios tranquilos de meditaci\u00f3n <\/strong> A pedido: perfecto para viajeros que buscan claridad mental y paz interior en medio del ritmo acelerado de la vida de la ciudad.<\/p><h4>Perfectamente ubicado para viajeros que buscan equilibrio<\/h4><p>Ubicado en el <strong>Distrito Dongcheng, hist\u00f3ricamente rico <\/strong>El Sunworld Hotel Beijing est\u00e1 rodeado de algunos de los lugares m\u00e1s emblem\u00e1ticos de la capital, incluidos <strong>Plaza de Tiananm\u00e9n <\/strong>, el <strong>Ciudad Prohibida <\/strong>, y <strong>Calle comercial Wangfujing <\/strong>Despu\u00e9s de un d\u00eda completo de exploraci\u00f3n o reuniones, regresar a nuestras instalaciones de bienestar es la manera ideal de relajarse y recargar energ\u00edas.<\/p><p>La comodidad de estar a solo minutos de las principales atracciones de Beijing, combinada con la serenidad de nuestro entorno de bienestar, hace del Sunworld Hotel un destino \u00fanico para los viajeros que valoran tanto la aventura como el cuidado personal.<\/p><h4>Compromiso con la limpieza y la seguridad<\/h4><p>Su bienestar es nuestra m\u00e1xima prioridad. Nuestras instalaciones de bienestar cumplen con los m\u00e1s altos est\u00e1ndares de higiene, con la desinfecci\u00f3n regular de todo el equipo, la ropa de cama y las \u00e1reas comunes. Todos los terapeutas siguen estrictos protocolos de salud y ofrecemos citas privadas para garantizar el distanciamiento social y una atenci\u00f3n personalizada.<\/p><p>Tambi\u00e9n ofrecemos <strong>productos ecol\u00f3gicos <\/strong> y <strong>ingredientes naturales <\/strong> siempre que sea posible, reflejando nuestro compromiso con la sostenibilidad y la salud hol\u00edstica.<\/p><div class=\"py-2 my-3\"><hr \/><\/div><h3>\u00bfPor qu\u00e9 elegir nuestras instalaciones de bienestar?<\/h3><ul><li>\u2705 Terapeutas expertos capacitados en tradiciones de bienestar orientales y occidentales<\/li><li>\u2705 Terapias curativas chinas aut\u00e9nticas como Tui Na, acupresi\u00f3n y reflexolog\u00eda.<\/li><li>\u2705 Ambiente lujoso dise\u00f1ado para la relajaci\u00f3n y la claridad mental.<\/li><li>\u2705 Acceso gratuito a sauna, ba\u00f1o de vapor y sal\u00f3n de t\u00e9 de hierbas<\/li><li>\u2705 Ubicaci\u00f3n estrat\u00e9gica cerca de las principales atracciones de Beijing<\/li><li>\u2705 Altos est\u00e1ndares de limpieza y seguridad con pr\u00e1cticas ecol\u00f3gicas.<\/li><\/ul><p>Ya sea que se est\u00e9 recuperando del jet lag, aliviando la fatiga muscular despu\u00e9s de un d\u00eda de caminar por palacios antiguos o simplemente anhelando un momento de paz, nuestro <strong>Instalaciones de bienestar en el Sunworld Hotel Beijing <\/strong> Ofrece el refugio perfecto.<\/p><div class=\"py-2 my-3\"><hr \/><\/div><p data-spm-anchor-id=\"a2ty_o01.29997173.0.i102.3c1ec921Rt8uS3\"><strong data-spm-anchor-id=\"a2ty_o01.29997173.0.i104.3c1ec921Rt8uS3\">Reserve su estancia hoy mismo y experimente el poder transformador del bienestar hol\u00edstico en el coraz\u00f3n de la capital de China. En el Sunworld Hotel Beijing, no solo ofrecemos un lugar para dormir: le invitamos a sanar, relajarse y redescubrirse a s\u00ed mismo. <\/strong><\/p>\t\t\t\t\t\t\t\t<\/div>\n\t\t\t\t\t<\/div>\n\t\t\t\t<\/div>\n\t\t\t\t<\/div>","protected":false},"excerpt":{"rendered":"<p>In the midst of Beijing\u2019s bustling urban landscape, finding a space that nurtures tranquility can be rare \u2014 but at Sunworld Hotel, we\u2019ve created an oasis where modern luxury meets traditional Chinese healing arts. Whether you&#8217;re visiting for business, sightseeing, or cultural immersion, our wellness facilities are thoughtfully curated to offer a holistic escape from [&hellip;]<\/p>\n","protected":false},"author":1,"featured_media":0,"parent":0,"menu_order":0,"comment_status":"closed","ping_status":"closed","template":"","meta":{"footnotes":""},"class_list":["post-2108","page","type-page","status-publish","hentry","post-no-thumbnail"],"_links":{"self":[{"href":"https:\/\/sunworldhotelwangfujing.com\/es\/wp-json\/wp\/v2\/pages\/2108","targetHints":{"allow":["GET"]}}],"collection":[{"href":"https:\/\/sunworldhotelwangfujing.com\/es\/wp-json\/wp\/v2\/pages"}],"about":[{"href":"https:\/\/sunworldhotelwangfujing.com\/es\/wp-json\/wp\/v2\/types\/page"}],"author":[{"embeddable":true,"href":"https:\/\/sunworldhotelwangfujing.com\/es\/wp-json\/wp\/v2\/users\/1"}],"replies":[{"embeddable":true,"href":"https:\/\/sunworldhotelwangfujing.com\/es\/wp-json\/wp\/v2\/comments?post=2108"}],"version-history":[{"count":0,"href":"https:\/\/sunworldhotelwangfujing.com\/es\/wp-json\/wp\/v2\/pages\/2108\/revisions"}],"wp:attachment":[{"href":"https:\/\/sunworldhotelwangfujing.com\/es\/wp-json\/wp\/v2\/media?parent=2108"}],"curies":[{"name":"wp","href":"https:\/\/api.w.org\/{rel}","templated":true}]}}