{"id":2104,"date":"2021-03-23T09:33:48","date_gmt":"2021-03-23T09:33:48","guid":{"rendered":"http:\/\/localhost\/nuss\/?page_id=167"},"modified":"2025-12-04T09:14:47","modified_gmt":"2025-12-04T09:14:47","slug":"nuestra-historia","status":"publish","type":"page","link":"https:\/\/sunworldhotelwangfujing.com\/es\/nuestra-historia\/","title":{"rendered":"Nuestra historia"},"content":{"rendered":"<div data-elementor-type=\"wp-page\" data-elementor-id=\"2104\" class=\"elementor elementor-2104\">\n\t\t\t\t\t\t<section class=\"elementor-section elementor-top-section elementor-element elementor-element-8f5bb9d elementor-section-boxed elementor-section-gap-beside-yes elementor-section-height-default elementor-section-height-default elementor-section-column-vertical-align-stretch\" data-id=\"8f5bb9d\" data-element_type=\"section\" data-e-type=\"section\">\n\t\t\t\t\t\t<div class=\"elementor-container elementor-column-gap-extended\">\n\t\t\t\t\t<div class=\"elementor-column elementor-col-100 elementor-top-column elementor-element elementor-element-7ec4215\" data-id=\"7ec4215\" data-element_type=\"column\" data-e-type=\"column\">\n\t\t\t<div class=\"elementor-widget-wrap elementor-element-populated\">\n\t\t\t\t\t\t<div class=\"elementor-element elementor-element-edd9d03 elementor-widget__width-initial elementor-invisible elementor-widget elementor-widget-text-editor\" data-id=\"edd9d03\" data-element_type=\"widget\" data-e-type=\"widget\" data-settings=\"{&quot;_animation&quot;:&quot;nussFadeInUp&quot;}\" data-widget_type=\"text-editor.default\">\n\t\t\t\t\t\t\t\t\t<p>Nuestra historia: el viaje del Sunworld Hotel Beijing<\/p>\t\t\t\t\t\t\t\t<\/div>\n\t\t\t\t\t<\/div>\n\t\t<\/div>\n\t\t\t\t\t<\/div>\n\t\t<\/section>\n\t\t<div class=\"elementor-element elementor-element-58eb78b e-flex e-con-boxed e-con e-parent\" data-id=\"58eb78b\" data-element_type=\"container\" data-e-type=\"container\">\n\t\t\t\t\t<div class=\"e-con-inner\">\n\t\t\t\t<div class=\"elementor-element elementor-element-b3151e7 elementor-widget elementor-widget-text-editor\" data-id=\"b3151e7\" data-element_type=\"widget\" data-e-type=\"widget\" data-widget_type=\"text-editor.default\">\n\t\t\t\t\t\t\t\t\t<p>En el coraz\u00f3n de una de las ciudades con mayor riqueza hist\u00f3rica y mayor vitalidad cultural del mundo, el **Sunworld Hotel Beijing** se erige como un s\u00edmbolo de hospitalidad moderna, arraigada en la tradici\u00f3n, el servicio y la innovaci\u00f3n. Ubicado en la **calle Dengshikou n.\u00b0 88, distrito de Dongcheng (Pek\u00edn, 100006)**, nuestro hotel es m\u00e1s que un simple alojamiento: es la culminaci\u00f3n de una visi\u00f3n: crear un destino acogedor donde viajeros de todo el mundo puedan experimentar la calidez de la hospitalidad china mientras disfrutan de la comodidad del dise\u00f1o contempor\u00e1neo.<\/p><p>#### Un legado arraigado en la excelencia<\/p><p>La historia del Sunworld Hotel Beijing comienza con una idea simple pero poderosa: ofrecer a sus hu\u00e9spedes una combinaci\u00f3n perfecta de comodidad, accesibilidad y autenticidad cultural. Como parte del creciente **Sunworld Hospitality Group**, conocido por su compromiso con la calidad y la satisfacci\u00f3n del cliente en toda Asia, el hotel de Beijing se fund\u00f3 para atender tanto a visitantes internacionales como a viajeros nacionales que buscan un alojamiento confiable y de alta calidad en el centro hist\u00f3rico de la ciudad.<\/p><p>Desde el principio, nuestra misi\u00f3n ha sido clara: brindar una experiencia inolvidable a nuestros hu\u00e9spedes a trav\u00e9s de un servicio personalizado, una ubicaci\u00f3n estrat\u00e9gica y espacios cuidadosamente dise\u00f1ados que reflejen tanto la modernidad como el profundo encanto de Beijing.<\/p><p>#### Elegir el coraz\u00f3n de la historia y la cultura<\/p><p>Al elegir la ubicaci\u00f3n perfecta para el Sunworld Hotel Beijing, sab\u00edamos que deb\u00eda ser m\u00e1s que simplemente conveniente: deb\u00eda ser inspiradora. Por eso elegimos la **calle Dengshikou** en el distrito de Dongcheng, una zona llena de historia y rodeada de algunos de los monumentos m\u00e1s emblem\u00e1ticos de la capital. A pocos pasos de la **Plaza de Tiananm\u00e9n**, la **Ciudad Prohibida** y la **calle comercial Wangfujing**, nuestro hotel ofrece a sus hu\u00e9spedes acceso directo al pasado imperial y al din\u00e1mico presente de Pek\u00edn.<\/p><p>Esta ubicaci\u00f3n privilegiada no fue elegida por casualidad; refleja nuestra convicci\u00f3n de que viajar debe ser una conexi\u00f3n, no solo con lugares, sino tambi\u00e9n con personas, cultura y experiencias. Ya sea que viaje por negocios, placer o para explorar, alojarse en el Hotel Sunworld significa sumergirse en el alma de Pek\u00edn.<\/p><p>#### Construyendo un hogar lejos del hogar<\/p><p>Desde nuestra apertura, hemos trabajado incansablemente para crear un espacio que se sienta como un verdadero **hogar lejos del hogar**. Nuestro equipo comprende que cada viajero es \u00fanico, ya sea que llegue despu\u00e9s de un vuelo de larga distancia, se prepare para una reuni\u00f3n importante o emprenda su primera visita a China. Por eso, dise\u00f1amos nuestro hotel pensando tanto en la practicidad como en la comodidad.<\/p><p>Desde habitaciones y suites elegantemente decoradas hasta nuestro restaurante, que sirve especialidades locales y platos internacionales, cada detalle ha sido cuidadosamente seleccionado para que su estancia sea inolvidable. Hemos invertido en servicios de vanguardia como **wifi de alta velocidad**, **conserjer\u00eda 24\/7**, **salas de reuniones** y nuestro exclusivo **Wellness Spa**; todo para garantizar que cada hu\u00e9sped se sienta renovado, conectado e inspirado.<\/p><p>#### Creciendo con prop\u00f3sito<\/p><p>Con los a\u00f1os, el Hotel Sunworld Beijing ha crecido no solo en reputaci\u00f3n, sino tambi\u00e9n en prop\u00f3sito. Nos enorgullece haber recibido a miles de hu\u00e9spedes de todo el mundo: ejecutivos, familias, viajeros solitarios, diplom\u00e1ticos, estudiantes y aventureros. Sus comentarios han marcado nuestra evoluci\u00f3n, ayud\u00e1ndonos a perfeccionar nuestros servicios, mejorar nuestras instalaciones y profundizar nuestro compromiso con la sostenibilidad, la atenci\u00f3n al cliente y la participaci\u00f3n comunitaria.<\/p><p>Nos esforzamos continuamente por defender nuestros valores de **integridad, innovaci\u00f3n e inclusi\u00f3n**, garantizando que cada hu\u00e9sped, independientemente de su origen, antecedentes o motivo de visita, se sienta respetado, valorado y bien atendido.<\/p><p>#### Mirando hacia el futuro<\/p><p>A medida que continuamos nuestra trayectoria, nos centramos en lo que m\u00e1s importa: **nuestros hu\u00e9spedes**. En el Sunworld Hotel Beijing, creemos que la hospitalidad no se trata solo de proporcionar una habitaci\u00f3n, sino de crear momentos que importan. Ya sea la sonrisa de un miembro del personal que recuerda su nombre, el aroma del desayuno reci\u00e9n hecho cada ma\u00f1ana o la tranquilidad de saber que se hospeda en uno de los hoteles m\u00e1s confiables de Beijing, estos son los detalles que definen nuestra historia.<\/p><p>Gracias por formar parte de nuestro viaje. Esperamos darle pronto la bienvenida al Sunworld Hotel Beijing, donde la tradici\u00f3n se fusiona con la modernidad, y cada hu\u00e9sped forma parte de nuestro legado en constante evoluci\u00f3n.<\/p><p>\u2014<\/p><p>**Ven a descubrir la historia detr\u00e1s de la estancia. Reserva tu viaje con nosotros hoy mismo.**<\/p>\t\t\t\t\t\t\t\t<\/div>\n\t\t\t\t\t<\/div>\n\t\t\t\t<\/div>\n\t\t\t\t<\/div>","protected":false},"excerpt":{"rendered":"<p>Our Story \u2013 The Journey of Sunworld Hotel Beijing At the heart of one of the world\u2019s most historically rich and culturally vibrant cities, **Sunworld Hotel Beijing** stands as a symbol of modern hospitality rooted in tradition, service, and innovation. Located at **No. 88 Dengshikou Street, Dongcheng District (Beijing, 100006)**, our hotel is more than [&hellip;]<\/p>\n","protected":false},"author":1,"featured_media":0,"parent":0,"menu_order":0,"comment_status":"closed","ping_status":"closed","template":"","meta":{"footnotes":""},"class_list":["post-2104","page","type-page","status-publish","hentry","post-no-thumbnail"],"_links":{"self":[{"href":"https:\/\/sunworldhotelwangfujing.com\/es\/wp-json\/wp\/v2\/pages\/2104","targetHints":{"allow":["GET"]}}],"collection":[{"href":"https:\/\/sunworldhotelwangfujing.com\/es\/wp-json\/wp\/v2\/pages"}],"about":[{"href":"https:\/\/sunworldhotelwangfujing.com\/es\/wp-json\/wp\/v2\/types\/page"}],"author":[{"embeddable":true,"href":"https:\/\/sunworldhotelwangfujing.com\/es\/wp-json\/wp\/v2\/users\/1"}],"replies":[{"embeddable":true,"href":"https:\/\/sunworldhotelwangfujing.com\/es\/wp-json\/wp\/v2\/comments?post=2104"}],"version-history":[{"count":0,"href":"https:\/\/sunworldhotelwangfujing.com\/es\/wp-json\/wp\/v2\/pages\/2104\/revisions"}],"wp:attachment":[{"href":"https:\/\/sunworldhotelwangfujing.com\/es\/wp-json\/wp\/v2\/media?parent=2104"}],"curies":[{"name":"wp","href":"https:\/\/api.w.org\/{rel}","templated":true}]}}