{"id":2103,"date":"2021-03-23T04:33:54","date_gmt":"2021-03-23T04:33:54","guid":{"rendered":"http:\/\/localhost\/nuss\/?page_id=103"},"modified":"2025-12-04T09:14:01","modified_gmt":"2025-12-04T09:14:01","slug":"sobre-nosotros","status":"publish","type":"page","link":"https:\/\/sunworldhotelwangfujing.com\/es\/sobre-nosotros\/","title":{"rendered":"Sobre nosotros"},"content":{"rendered":"<div data-elementor-type=\"wp-page\" data-elementor-id=\"2103\" class=\"elementor elementor-2103\">\n\t\t\t\t\t\t<section class=\"elementor-section elementor-top-section elementor-element elementor-element-8f5bb9d elementor-section-boxed elementor-section-gap-beside-yes elementor-section-height-default elementor-section-height-default elementor-section-column-vertical-align-stretch\" data-id=\"8f5bb9d\" data-element_type=\"section\" data-e-type=\"section\">\n\t\t\t\t\t\t<div class=\"elementor-container elementor-column-gap-extended\">\n\t\t\t\t\t<div class=\"elementor-column elementor-col-100 elementor-top-column elementor-element elementor-element-7ec4215\" data-id=\"7ec4215\" data-element_type=\"column\" data-e-type=\"column\">\n\t\t\t<div class=\"elementor-widget-wrap elementor-element-populated\">\n\t\t\t\t\t\t<div class=\"elementor-element elementor-element-edd9d03 elementor-widget__width-initial elementor-invisible elementor-widget elementor-widget-text-editor\" data-id=\"edd9d03\" data-element_type=\"widget\" data-e-type=\"widget\" data-settings=\"{&quot;_animation&quot;:&quot;nussFadeInUp&quot;}\" data-widget_type=\"text-editor.default\">\n\t\t\t\t\t\t\t\t\t<p>Perfectamente ubicado a tiro de piedra de lugares emblem\u00e1ticos como la Ciudad Prohibida, la Plaza de Tiananmen y la calle Wangfujing, este exquisito hotel ofrece una combinaci\u00f3n ideal de inmersi\u00f3n cultural y lujo contempor\u00e1neo tanto para viajeros de negocios como de placer.<\/p>\t\t\t\t\t\t\t\t<\/div>\n\t\t\t\t\t<\/div>\n\t\t<\/div>\n\t\t\t\t\t<\/div>\n\t\t<\/section>\n\t\t\t\t<section class=\"elementor-section elementor-top-section elementor-element elementor-element-22f368b elementor-section-boxed elementor-section-gap-beside-yes elementor-section-height-default elementor-section-height-default elementor-section-column-vertical-align-stretch\" data-id=\"22f368b\" data-element_type=\"section\" data-e-type=\"section\">\n\t\t\t\t\t\t<div class=\"elementor-container elementor-column-gap-extended\">\n\t\t\t\t\t<div class=\"elementor-column elementor-col-50 elementor-top-column elementor-element elementor-element-cd50ecf\" data-id=\"cd50ecf\" data-element_type=\"column\" data-e-type=\"column\">\n\t\t\t<div class=\"elementor-widget-wrap elementor-element-populated\">\n\t\t\t\t\t\t<div class=\"elementor-element elementor-element-e8c92e2 elementor-invisible elementor-widget elementor-widget-text-editor\" data-id=\"e8c92e2\" data-element_type=\"widget\" data-e-type=\"widget\" data-settings=\"{&quot;_animation&quot;:&quot;nussFadeInUp&quot;}\" data-widget_type=\"text-editor.default\">\n\t\t\t\t\t\t\t\t\t<p>Ya sea que est\u00e9 explorando la rica historia de la capital de China o asistiendo a reuniones importantes, Sunworld Hotel Beijing garantiza una estad\u00eda inolvidable con sus comodidades de clase mundial, servicio excepcional y ubicaci\u00f3n privilegiada.<\/p>\t\t\t\t\t\t\t\t<\/div>\n\t\t\t\t\t<\/div>\n\t\t<\/div>\n\t\t\t\t<div class=\"elementor-column elementor-col-50 elementor-top-column elementor-element elementor-element-414be75\" data-id=\"414be75\" data-element_type=\"column\" data-e-type=\"column\">\n\t\t\t<div class=\"elementor-widget-wrap elementor-element-populated\">\n\t\t\t\t\t\t<div class=\"elementor-element elementor-element-1d6e131 elementor-invisible nuss-elementor-loading nuss-slide-in-left elementor-widget elementor-widget-image\" data-id=\"1d6e131\" data-element_type=\"widget\" data-e-type=\"widget\" data-settings=\"{&quot;_animation&quot;:&quot;nussSlideInLeft&quot;}\" data-widget_type=\"image.default\">\n\t\t\t\t\t\t\t\t\t\t\t\t\t\t\t<img fetchpriority=\"high\" decoding=\"async\" width=\"1280\" height=\"853\" src=\"https:\/\/sunworldhotelwangfujing.com\/wp-content\/uploads\/2025\/07\/Sunworld-Hotel-Wangfujing-Beijing-55.webp\" class=\"attachment-full size-full wp-image-5602\" alt=\"\" srcset=\"https:\/\/sunworldhotelwangfujing.com\/wp-content\/uploads\/2025\/07\/Sunworld-Hotel-Wangfujing-Beijing-55.webp 1280w, https:\/\/sunworldhotelwangfujing.com\/wp-content\/uploads\/2025\/07\/Sunworld-Hotel-Wangfujing-Beijing-55-300x200.webp 300w, https:\/\/sunworldhotelwangfujing.com\/wp-content\/uploads\/2025\/07\/Sunworld-Hotel-Wangfujing-Beijing-55-1024x682.webp 1024w, https:\/\/sunworldhotelwangfujing.com\/wp-content\/uploads\/2025\/07\/Sunworld-Hotel-Wangfujing-Beijing-55-768x512.webp 768w, https:\/\/sunworldhotelwangfujing.com\/wp-content\/uploads\/2025\/07\/Sunworld-Hotel-Wangfujing-Beijing-55-18x12.webp 18w\" sizes=\"(max-width: 1280px) 100vw, 1280px\" \/>\t\t\t\t\t\t\t\t\t\t\t\t\t\t\t<\/div>\n\t\t\t\t\t<\/div>\n\t\t<\/div>\n\t\t\t\t\t<\/div>\n\t\t<\/section>\n\t\t\t\t<section class=\"elementor-section elementor-top-section elementor-element elementor-element-2393bc4 elementor-section-height-min-height elementor-section-stretched elementor-section-full_width elementor-section-items-stretch elementor-section-height-default elementor-section-column-vertical-align-stretch\" data-id=\"2393bc4\" data-element_type=\"section\" data-e-type=\"section\" data-settings=\"{&quot;stretch_section&quot;:&quot;section-stretched&quot;}\">\n\t\t\t\t\t\t<div class=\"elementor-container elementor-column-gap-no\">\n\t\t\t\t\t<div class=\"elementor-column elementor-col-50 elementor-top-column elementor-element elementor-element-41b487e\" data-id=\"41b487e\" data-element_type=\"column\" data-e-type=\"column\">\n\t\t\t<div class=\"elementor-widget-wrap elementor-element-populated\">\n\t\t\t\t\t\t<div class=\"elementor-element elementor-element-d12a3c0 elementor-widget__width-initial elementor-widget-mobile__width-inherit elementor-invisible nuss-elementor-loading nuss-slide-in-right elementor-widget elementor-widget-image\" data-id=\"d12a3c0\" data-element_type=\"widget\" data-e-type=\"widget\" data-settings=\"{&quot;_animation&quot;:&quot;nussSlideInRight&quot;}\" data-widget_type=\"image.default\">\n\t\t\t\t\t\t\t\t\t\t\t\t\t\t\t<img decoding=\"async\" width=\"1280\" height=\"853\" src=\"https:\/\/sunworldhotelwangfujing.com\/wp-content\/uploads\/2025\/07\/Sunworld-Hotel-Wangfujing-Beijing-71.webp\" class=\"attachment-full size-full wp-image-5618\" alt=\"\" srcset=\"https:\/\/sunworldhotelwangfujing.com\/wp-content\/uploads\/2025\/07\/Sunworld-Hotel-Wangfujing-Beijing-71.webp 1280w, https:\/\/sunworldhotelwangfujing.com\/wp-content\/uploads\/2025\/07\/Sunworld-Hotel-Wangfujing-Beijing-71-300x200.webp 300w, https:\/\/sunworldhotelwangfujing.com\/wp-content\/uploads\/2025\/07\/Sunworld-Hotel-Wangfujing-Beijing-71-1024x682.webp 1024w, https:\/\/sunworldhotelwangfujing.com\/wp-content\/uploads\/2025\/07\/Sunworld-Hotel-Wangfujing-Beijing-71-768x512.webp 768w, https:\/\/sunworldhotelwangfujing.com\/wp-content\/uploads\/2025\/07\/Sunworld-Hotel-Wangfujing-Beijing-71-18x12.webp 18w\" sizes=\"(max-width: 1280px) 100vw, 1280px\" \/>\t\t\t\t\t\t\t\t\t\t\t\t\t\t\t<\/div>\n\t\t\t\t\t<\/div>\n\t\t<\/div>\n\t\t\t\t<div class=\"elementor-column elementor-col-50 elementor-top-column elementor-element elementor-element-281747b\" data-id=\"281747b\" data-element_type=\"column\" data-e-type=\"column\">\n\t\t\t<div class=\"elementor-widget-wrap elementor-element-populated\">\n\t\t\t\t\t\t<div class=\"elementor-element elementor-element-2ba7908 elementor-invisible elementor-widget elementor-widget-text-editor\" data-id=\"2ba7908\" data-element_type=\"widget\" data-e-type=\"widget\" data-settings=\"{&quot;_animation&quot;:&quot;nussFadeInUp&quot;}\" data-widget_type=\"text-editor.default\">\n\t\t\t\t\t\t\t\t\t<p>Como uno de los mejores alojamientos de Pek\u00edn, el Sunworld Hotel Beijing se enorgullece de ofrecer una experiencia impecable, adaptada a las necesidades de cada hu\u00e9sped. Sum\u00e9rjase en un mundo de elegancia al entrar en nuestro vest\u00edbulo de dise\u00f1o elegante, donde una c\u00e1lida hospitalidad le recibir\u00e1 en cada rinc\u00f3n. Nuestras habitaciones y suites, cuidadosamente dise\u00f1adas, ofrecen un remanso de confort, con mobiliario moderno, wifi de alta velocidad e impresionantes vistas del vibrante paisaje urbano. Cada detalle est\u00e1 meticulosamente cuidado para garantizar que su estancia sea no solo c\u00f3moda, sino tambi\u00e9n memorable.<\/p><p>Adem\u00e1s de las lujosas habitaciones, el Sunworld Hotel Beijing ofrece una variedad de instalaciones para mejorar su experiencia. Disfrute de exquisitas creaciones culinarias en nuestros restaurantes, donde le espera una fusi\u00f3n de aut\u00e9nticos sabores chinos y cocina internacional. Mant\u00e9ngase activo con acceso a nuestro gimnasio de \u00faltima generaci\u00f3n o rel\u00e1jese despu\u00e9s de un d\u00eda de turismo con un masaje relajante en nuestro spa. Para los viajeros de negocios, nuestras salas de reuniones totalmente equipadas y nuestro centro de negocios ofrecen el entorno perfecto para celebrar conferencias o cerrar importantes acuerdos con facilidad.<\/p>\t\t\t\t\t\t\t\t<\/div>\n\t\t\t\t\t<\/div>\n\t\t<\/div>\n\t\t\t\t\t<\/div>\n\t\t<\/section>\n\t\t\t\t<section class=\"elementor-section elementor-top-section elementor-element elementor-element-d1d4a0d elementor-section-height-min-height elementor-section-stretched elementor-section-full_width elementor-section-items-stretch elementor-section-height-default elementor-section-column-vertical-align-stretch\" data-id=\"d1d4a0d\" data-element_type=\"section\" data-e-type=\"section\" data-settings=\"{&quot;stretch_section&quot;:&quot;section-stretched&quot;}\">\n\t\t\t\t\t\t<div class=\"elementor-container elementor-column-gap-no\">\n\t\t\t\t\t<div class=\"elementor-column elementor-col-50 elementor-top-column elementor-element elementor-element-1d8cf73\" data-id=\"1d8cf73\" data-element_type=\"column\" data-e-type=\"column\">\n\t\t\t<div class=\"elementor-widget-wrap elementor-element-populated\">\n\t\t\t\t\t\t<div class=\"elementor-element elementor-element-35e4dd6 elementor-invisible elementor-widget elementor-widget-text-editor\" data-id=\"35e4dd6\" data-element_type=\"widget\" data-e-type=\"widget\" data-settings=\"{&quot;_animation&quot;:&quot;nussFadeInUp&quot;}\" data-widget_type=\"text-editor.default\">\n\t\t\t\t\t\t\t\t\t<p>Lo que realmente distingue al Sunworld Hotel Beijing es su inmejorable ubicaci\u00f3n en el hist\u00f3rico distrito de Dongcheng. Sum\u00e9rjase en la riqueza cultural de Pek\u00edn con f\u00e1cil acceso a algunas de las atracciones m\u00e1s preciadas de la ciudad. Pasee por la cercana calle Wangfujing, un animado centro comercial donde los mercados tradicionales se fusionan con las boutiques modernas. Marav\u00edllese con la majestuosidad arquitect\u00f3nica de la Ciudad Prohibida, declarada Patrimonio de la Humanidad por la UNESCO, o d\u00e9 un corto paseo hasta la Plaza de Tiananm\u00e9n para presenciar el latido de la historia pol\u00edtica y cultural de China. Con f\u00e1cil acceso al transporte p\u00fablico, incluida la estaci\u00f3n de metro Dengshikou, explorar las inmensas maravillas de Pek\u00edn nunca ha sido tan f\u00e1cil.<\/p><p>En el Sunworld Hotel Beijing, nos comprometemos a brindar un servicio personalizado que supere sus expectativas. Nuestro dedicado personal est\u00e1 siempre disponible para ayudarle con la organizaci\u00f3n de su viaje, recomendaciones locales o cualquier solicitud especial para garantizar que su estancia sea perfecta. Ya sea que visite Beijing para unas vacaciones familiares, una escapada rom\u00e1ntica o un viaje de negocios, nuestro hotel le ofrece la base ideal para disfrutar de lo mejor de esta din\u00e1mica ciudad.<\/p>\t\t\t\t\t\t\t\t<\/div>\n\t\t\t\t\t<\/div>\n\t\t<\/div>\n\t\t\t\t<div class=\"elementor-column elementor-col-50 elementor-top-column elementor-element elementor-element-3a25930\" data-id=\"3a25930\" data-element_type=\"column\" data-e-type=\"column\">\n\t\t\t<div class=\"elementor-widget-wrap elementor-element-populated\">\n\t\t\t\t\t\t<div class=\"elementor-element elementor-element-d838e99 elementor-widget__width-initial elementor-widget-mobile__width-inherit elementor-invisible nuss-elementor-loading nuss-slide-in-right elementor-widget elementor-widget-image\" data-id=\"d838e99\" data-element_type=\"widget\" data-e-type=\"widget\" data-settings=\"{&quot;_animation&quot;:&quot;nussSlideInRight&quot;}\" data-widget_type=\"image.default\">\n\t\t\t\t\t\t\t\t\t\t\t\t\t\t\t<img decoding=\"async\" width=\"1280\" height=\"853\" src=\"https:\/\/sunworldhotelwangfujing.com\/wp-content\/uploads\/2025\/07\/Sunworld-Hotel-Wangfujing-Beijing-58.webp\" class=\"attachment-full size-full wp-image-5605\" alt=\"\" srcset=\"https:\/\/sunworldhotelwangfujing.com\/wp-content\/uploads\/2025\/07\/Sunworld-Hotel-Wangfujing-Beijing-58.webp 1280w, https:\/\/sunworldhotelwangfujing.com\/wp-content\/uploads\/2025\/07\/Sunworld-Hotel-Wangfujing-Beijing-58-300x200.webp 300w, https:\/\/sunworldhotelwangfujing.com\/wp-content\/uploads\/2025\/07\/Sunworld-Hotel-Wangfujing-Beijing-58-1024x682.webp 1024w, https:\/\/sunworldhotelwangfujing.com\/wp-content\/uploads\/2025\/07\/Sunworld-Hotel-Wangfujing-Beijing-58-768x512.webp 768w, https:\/\/sunworldhotelwangfujing.com\/wp-content\/uploads\/2025\/07\/Sunworld-Hotel-Wangfujing-Beijing-58-18x12.webp 18w\" sizes=\"(max-width: 1280px) 100vw, 1280px\" \/>\t\t\t\t\t\t\t\t\t\t\t\t\t\t\t<\/div>\n\t\t\t\t\t<\/div>\n\t\t<\/div>\n\t\t\t\t\t<\/div>\n\t\t<\/section>\n\t\t<div class=\"elementor-element elementor-element-387dda0 e-flex e-con-boxed e-con e-parent\" data-id=\"387dda0\" data-element_type=\"container\" data-e-type=\"container\">\n\t\t\t\t\t<div class=\"e-con-inner\">\n\t\t\t\t<div class=\"elementor-element elementor-element-1455145 elementor-widget elementor-widget-text-editor\" data-id=\"1455145\" data-element_type=\"widget\" data-e-type=\"widget\" data-widget_type=\"text-editor.default\">\n\t\t\t\t\t\t\t\t\t<div class=\"markdown-SpwdOz __markdown\" dir=\"auto\"><p>Reserve hoy mismo su estancia en el Sunworld Hotel Beijing y emprenda un viaje de descubrimiento y relajaci\u00f3n en uno de los destinos m\u00e1s cautivadores del mundo. Con nuestro compromiso con la excelencia y una ubicaci\u00f3n que lo sit\u00faa en el centro de todo, le invitamos a hacer del Sunworld Hotel Beijing su segundo hogar en la capital de China. Experimente la perfecta armon\u00eda entre tradici\u00f3n y modernidad: su inolvidable aventura en Beijing comienza aqu\u00ed.<\/p><\/div>\t\t\t\t\t\t\t\t<\/div>\n\t\t\t\t\t<\/div>\n\t\t\t\t<\/div>\n\t\t\t\t<\/div>","protected":false},"excerpt":{"rendered":"<p>Perfectly positioned just a stone\u2019s throw away from iconic landmarks such as the Forbidden City, Tiananmen Square, and Wangfujing Street, this exquisite hotel offers an ideal blend of cultural immersion and contemporary luxury for both leisure and business travelers. Whether you\u2019re exploring the rich history of China\u2019s capital or attending important meetings, Sunworld Hotel Beijing [&hellip;]<\/p>\n","protected":false},"author":1,"featured_media":0,"parent":0,"menu_order":0,"comment_status":"closed","ping_status":"closed","template":"","meta":{"footnotes":""},"class_list":["post-2103","page","type-page","status-publish","hentry","post-no-thumbnail"],"_links":{"self":[{"href":"https:\/\/sunworldhotelwangfujing.com\/es\/wp-json\/wp\/v2\/pages\/2103","targetHints":{"allow":["GET"]}}],"collection":[{"href":"https:\/\/sunworldhotelwangfujing.com\/es\/wp-json\/wp\/v2\/pages"}],"about":[{"href":"https:\/\/sunworldhotelwangfujing.com\/es\/wp-json\/wp\/v2\/types\/page"}],"author":[{"embeddable":true,"href":"https:\/\/sunworldhotelwangfujing.com\/es\/wp-json\/wp\/v2\/users\/1"}],"replies":[{"embeddable":true,"href":"https:\/\/sunworldhotelwangfujing.com\/es\/wp-json\/wp\/v2\/comments?post=2103"}],"version-history":[{"count":0,"href":"https:\/\/sunworldhotelwangfujing.com\/es\/wp-json\/wp\/v2\/pages\/2103\/revisions"}],"wp:attachment":[{"href":"https:\/\/sunworldhotelwangfujing.com\/es\/wp-json\/wp\/v2\/media?parent=2103"}],"curies":[{"name":"wp","href":"https:\/\/api.w.org\/{rel}","templated":true}]}}