{"id":2109,"date":"2021-03-26T08:35:58","date_gmt":"2021-03-26T08:35:58","guid":{"rendered":"http:\/\/localhost\/nuss\/?page_id=536"},"modified":"2025-12-04T09:14:12","modified_gmt":"2025-12-04T09:14:12","slug":"tagungsraum","status":"publish","type":"page","link":"https:\/\/sunworldhotelwangfujing.com\/de\/tagungsraum\/","title":{"rendered":"Business-Einrichtungen"},"content":{"rendered":"<div data-elementor-type=\"wp-page\" data-elementor-id=\"2109\" class=\"elementor elementor-2109\">\n\t\t\t\t\t\t<section class=\"elementor-section elementor-top-section elementor-element elementor-element-bb2901b elementor-section-boxed elementor-section-gap-beside-yes elementor-section-height-default elementor-section-height-default elementor-section-column-vertical-align-stretch\" data-id=\"bb2901b\" data-element_type=\"section\" data-e-type=\"section\">\n\t\t\t\t\t\t<div class=\"elementor-container elementor-column-gap-extended\">\n\t\t\t\t\t<div class=\"elementor-column elementor-col-100 elementor-top-column elementor-element elementor-element-1919db9\" data-id=\"1919db9\" data-element_type=\"column\" data-e-type=\"column\">\n\t\t\t<div class=\"elementor-widget-wrap elementor-element-populated\">\n\t\t\t\t\t\t<div class=\"elementor-element elementor-element-41a7b9c elementor-widget__width-initial elementor-invisible elementor-widget elementor-widget-text-editor\" data-id=\"41a7b9c\" data-element_type=\"widget\" data-e-type=\"widget\" data-settings=\"{&quot;_animation&quot;:&quot;nussFadeInUp&quot;}\" data-widget_type=\"text-editor.default\">\n\t\t\t\t\t\t\t\t\t<p>Bei <strong>Sunworld Hotel Beijing <\/strong>, gelegen in <strong>Nr. 88 Dengshikou Street, Bezirk Dongcheng (Peking, 100006) <\/strong>Wir wissen, dass Gesch\u00e4ftsreisende mehr als nur einen Ort zum Ausruhen ben\u00f6tigen \u2013 sie brauchen eine nahtlose Kombination aus Komfort, Konnektivit\u00e4t und Bequemlichkeit, um auch unterwegs produktiv zu bleiben. Als eines der strategisch g\u00fcnstig gelegensten Hotels Pekings ist das Sunworld Hotel stolz darauf, eine umfassende Palette an <strong>Gesch\u00e4ftseinrichtungen und Dienstleistungen <\/strong> zugeschnitten auf die Anforderungen moderner Berufst\u00e4tiger von heute.<\/p>\t\t\t\t\t\t\t\t<\/div>\n\t\t\t\t\t<\/div>\n\t\t<\/div>\n\t\t\t\t\t<\/div>\n\t\t<\/section>\n\t\t\t\t<section class=\"elementor-section elementor-top-section elementor-element elementor-element-fad87ed elementor-section-boxed elementor-section-gap-beside-yes elementor-section-height-default elementor-section-height-default elementor-section-column-vertical-align-stretch\" data-id=\"fad87ed\" data-element_type=\"section\" data-e-type=\"section\">\n\t\t\t\t\t\t<div class=\"elementor-container elementor-column-gap-extended\">\n\t\t\t\t\t<div class=\"elementor-column elementor-col-50 elementor-top-column elementor-element elementor-element-9b3c6b5\" data-id=\"9b3c6b5\" data-element_type=\"column\" data-e-type=\"column\">\n\t\t\t<div class=\"elementor-widget-wrap elementor-element-populated\">\n\t\t\t\t\t\t<div class=\"elementor-element elementor-element-ce91d58 elementor-invisible nuss-elementor-loading nuss-slide-in-right elementor-widget elementor-widget-image\" data-id=\"ce91d58\" data-element_type=\"widget\" data-e-type=\"widget\" data-settings=\"{&quot;_animation&quot;:&quot;nussSlideInRight&quot;}\" data-widget_type=\"image.default\">\n\t\t\t\t\t\t\t\t\t\t\t\t\t\t\t<img fetchpriority=\"high\" decoding=\"async\" width=\"1280\" height=\"853\" src=\"https:\/\/sunworldhotelwangfujing.com\/wp-content\/uploads\/2025\/07\/Sunworld-Hotel-Wangfujing-Beijing-4.webp\" class=\"attachment-full size-full wp-image-5551\" alt=\"\" srcset=\"https:\/\/sunworldhotelwangfujing.com\/wp-content\/uploads\/2025\/07\/Sunworld-Hotel-Wangfujing-Beijing-4.webp 1280w, https:\/\/sunworldhotelwangfujing.com\/wp-content\/uploads\/2025\/07\/Sunworld-Hotel-Wangfujing-Beijing-4-300x200.webp 300w, https:\/\/sunworldhotelwangfujing.com\/wp-content\/uploads\/2025\/07\/Sunworld-Hotel-Wangfujing-Beijing-4-1024x682.webp 1024w, https:\/\/sunworldhotelwangfujing.com\/wp-content\/uploads\/2025\/07\/Sunworld-Hotel-Wangfujing-Beijing-4-768x512.webp 768w, https:\/\/sunworldhotelwangfujing.com\/wp-content\/uploads\/2025\/07\/Sunworld-Hotel-Wangfujing-Beijing-4-18x12.webp 18w\" sizes=\"(max-width: 1280px) 100vw, 1280px\" \/>\t\t\t\t\t\t\t\t\t\t\t\t\t\t\t<\/div>\n\t\t\t\t\t<\/div>\n\t\t<\/div>\n\t\t\t\t<div class=\"elementor-column elementor-col-50 elementor-top-column elementor-element elementor-element-27e1142\" data-id=\"27e1142\" data-element_type=\"column\" data-e-type=\"column\">\n\t\t\t<div class=\"elementor-widget-wrap elementor-element-populated\">\n\t\t\t\t\t\t<div class=\"elementor-element elementor-element-8980a07 elementor-invisible elementor-widget elementor-widget-heading\" data-id=\"8980a07\" data-element_type=\"widget\" data-e-type=\"widget\" data-settings=\"{&quot;_animation&quot;:&quot;nussFadeInUp&quot;}\" data-widget_type=\"heading.default\">\n\t\t\t\t\t<h2 class=\"elementor-heading-title elementor-size-default\">Hochmoderne Konferenzr\u00e4ume f\u00fcr jeden Bedarf <\/h2>\t\t\t\t<\/div>\n\t\t\t\t<div class=\"elementor-element elementor-element-46af239 elementor-invisible elementor-widget elementor-widget-text-editor\" data-id=\"46af239\" data-element_type=\"widget\" data-e-type=\"widget\" data-settings=\"{&quot;_animation&quot;:&quot;nussFadeInUp&quot;}\" data-widget_type=\"text-editor.default\">\n\t\t\t\t\t\t\t\t\t<p data-spm-anchor-id=\"a2ty_o01.29997173.0.i39.3c1ec921Rt8uS3\">Ob Sie ein kleines Teammeeting, eine Kundenpr\u00e4sentation oder einen Firmenworkshop veranstalten, unser Hotel bietet <strong data-spm-anchor-id=\"a2ty_o01.29997173.0.i37.3c1ec921Rt8uS3\">gut ausgestattete Tagungsr\u00e4ume <\/strong> Entwickelt, um Ihre Gesch\u00e4ftsanforderungen zu unterst\u00fctzen. Diese vielseitigen R\u00e4ume sind ausgestattet mit <strong>Highspeed-WLAN <\/strong>, <strong>LED-Projektoren <\/strong>, <strong>HD-Flachbildschirme <\/strong>, <strong>Audiokonferenzsysteme <\/strong>und Verdunkelungsvorh\u00e4nge sorgen f\u00fcr optimale Konzentration und Effizienz. Unsere erfahrenen Veranstaltungskoordinatoren unterst\u00fctzen Sie gerne beim Aufbau, der technischen Unterst\u00fctzung und der Organisation des Caterings und sorgen daf\u00fcr, dass jede Veranstaltung ein Erfolg wird.<\/p>\t\t\t\t\t\t\t\t<\/div>\n\t\t\t\t\t<\/div>\n\t\t<\/div>\n\t\t\t\t\t<\/div>\n\t\t<\/section>\n\t\t\t\t<section class=\"elementor-section elementor-top-section elementor-element elementor-element-9645f63 elementor-section-boxed elementor-section-gap-beside-yes elementor-section-height-default elementor-section-height-default elementor-section-column-vertical-align-stretch\" data-id=\"9645f63\" data-element_type=\"section\" data-e-type=\"section\">\n\t\t\t\t\t\t<div class=\"elementor-container elementor-column-gap-extended\">\n\t\t\t\t\t<div class=\"elementor-column elementor-col-50 elementor-top-column elementor-element elementor-element-1855656\" data-id=\"1855656\" data-element_type=\"column\" data-e-type=\"column\">\n\t\t\t<div class=\"elementor-widget-wrap elementor-element-populated\">\n\t\t\t\t\t\t<div class=\"elementor-element elementor-element-14fd369 elementor-invisible elementor-widget elementor-widget-heading\" data-id=\"14fd369\" data-element_type=\"widget\" data-e-type=\"widget\" data-settings=\"{&quot;_animation&quot;:&quot;nussFadeInUp&quot;}\" data-widget_type=\"heading.default\">\n\t\t\t\t\t<h2 class=\"elementor-heading-title elementor-size-default\">Hochgeschwindigkeitsverbindungen und arbeitsfreundliche R\u00e4ume <\/h2>\t\t\t\t<\/div>\n\t\t\t\t<div class=\"elementor-element elementor-element-e29928c elementor-invisible elementor-widget elementor-widget-text-editor\" data-id=\"e29928c\" data-element_type=\"widget\" data-e-type=\"widget\" data-settings=\"{&quot;_animation&quot;:&quot;nussFadeInUp&quot;}\" data-widget_type=\"text-editor.default\">\n\t\t\t\t\t\t\t\t\t<p data-spm-anchor-id=\"a2ty_o01.29997173.0.i41.3c1ec921Rt8uS3\">In der heutigen schnelllebigen Gesch\u00e4ftswelt ist es unerl\u00e4sslich, in Verbindung zu bleiben \u2013 und im Sunworld Hotel Beijing sorgen wir daf\u00fcr, dass Sie nichts verpassen. Genie\u00dfen Sie <strong>kostenloses Highspeed-WLAN <\/strong> Im gesamten Hotel, einschlie\u00dflich G\u00e4stezimmern, Gemeinschaftsbereichen, Restaurants und Konferenzr\u00e4umen. Dank starker, stabiler Signalabdeckung und mehrerer Zugangspunkte unterst\u00fctzt unser Netzwerk Videokonferenzen, die \u00dcbertragung gro\u00dfer Dateien und Echtzeitkommunikation \u00fcber Zeitzonen hinweg.<\/p><p data-spm-anchor-id=\"a2ty_o01.29997173.0.i42.3c1ec921Rt8uS3\">F\u00fcr eigenst\u00e4ndiges Arbeiten oder gemeinsame Sitzungen k\u00f6nnen die G\u00e4ste unsere <strong>eigenes Businesscenter <\/strong>, das bietet <strong>ergonomische Arbeitspl\u00e4tze <\/strong>, <strong>Druck-, Scan- und Faxdienste <\/strong>, sowie <strong>Laptop-Mietoptionen <\/strong> auf Anfrage. Egal, ob Sie Berichte erstellen, E-Mails beantworten oder Vertr\u00e4ge abschlie\u00dfen, unser Business Center bietet eine ruhige, professionelle Umgebung, die die Produktivit\u00e4t f\u00f6rdert.<\/p>\t\t\t\t\t\t\t\t<\/div>\n\t\t\t\t\t<\/div>\n\t\t<\/div>\n\t\t\t\t<div class=\"elementor-column elementor-col-50 elementor-top-column elementor-element elementor-element-ec6e38d\" data-id=\"ec6e38d\" data-element_type=\"column\" data-e-type=\"column\">\n\t\t\t<div class=\"elementor-widget-wrap elementor-element-populated\">\n\t\t\t\t\t\t<div class=\"elementor-element elementor-element-477bc87 elementor-invisible nuss-elementor-loading nuss-slide-in-left elementor-widget elementor-widget-image\" data-id=\"477bc87\" data-element_type=\"widget\" data-e-type=\"widget\" data-settings=\"{&quot;_animation&quot;:&quot;nussSlideInLeft&quot;}\" data-widget_type=\"image.default\">\n\t\t\t\t\t\t\t\t\t\t\t\t\t\t\t<img decoding=\"async\" width=\"1280\" height=\"853\" src=\"https:\/\/sunworldhotelwangfujing.com\/wp-content\/uploads\/2025\/07\/Sunworld-Hotel-Wangfujing-Beijing-19.webp\" class=\"attachment-full size-full wp-image-5566\" alt=\"\" srcset=\"https:\/\/sunworldhotelwangfujing.com\/wp-content\/uploads\/2025\/07\/Sunworld-Hotel-Wangfujing-Beijing-19.webp 1280w, https:\/\/sunworldhotelwangfujing.com\/wp-content\/uploads\/2025\/07\/Sunworld-Hotel-Wangfujing-Beijing-19-300x200.webp 300w, https:\/\/sunworldhotelwangfujing.com\/wp-content\/uploads\/2025\/07\/Sunworld-Hotel-Wangfujing-Beijing-19-1024x682.webp 1024w, https:\/\/sunworldhotelwangfujing.com\/wp-content\/uploads\/2025\/07\/Sunworld-Hotel-Wangfujing-Beijing-19-768x512.webp 768w, https:\/\/sunworldhotelwangfujing.com\/wp-content\/uploads\/2025\/07\/Sunworld-Hotel-Wangfujing-Beijing-19-18x12.webp 18w\" sizes=\"(max-width: 1280px) 100vw, 1280px\" \/>\t\t\t\t\t\t\t\t\t\t\t\t\t\t\t<\/div>\n\t\t\t\t\t<\/div>\n\t\t<\/div>\n\t\t\t\t\t<\/div>\n\t\t<\/section>\n\t\t\t\t<section class=\"elementor-section elementor-top-section elementor-element elementor-element-c0ea697 elementor-section-boxed elementor-section-gap-beside-yes elementor-section-height-default elementor-section-height-default elementor-section-column-vertical-align-stretch\" data-id=\"c0ea697\" data-element_type=\"section\" data-e-type=\"section\">\n\t\t\t\t\t\t<div class=\"elementor-container elementor-column-gap-extended\">\n\t\t\t\t\t<div class=\"elementor-column elementor-col-50 elementor-top-column elementor-element elementor-element-37c5d65\" data-id=\"37c5d65\" data-element_type=\"column\" data-e-type=\"column\">\n\t\t\t<div class=\"elementor-widget-wrap elementor-element-populated\">\n\t\t\t\t\t\t<div class=\"elementor-element elementor-element-28a7909 elementor-invisible nuss-elementor-loading nuss-slide-in-right elementor-widget elementor-widget-image\" data-id=\"28a7909\" data-element_type=\"widget\" data-e-type=\"widget\" data-settings=\"{&quot;_animation&quot;:&quot;nussSlideInRight&quot;}\" data-widget_type=\"image.default\">\n\t\t\t\t\t\t\t\t\t\t\t\t\t\t\t<img decoding=\"async\" width=\"1280\" height=\"853\" src=\"https:\/\/sunworldhotelwangfujing.com\/wp-content\/uploads\/2025\/07\/Sunworld-Hotel-Wangfujing-Beijing-14.webp\" class=\"attachment-full size-full wp-image-5561\" alt=\"\" srcset=\"https:\/\/sunworldhotelwangfujing.com\/wp-content\/uploads\/2025\/07\/Sunworld-Hotel-Wangfujing-Beijing-14.webp 1280w, https:\/\/sunworldhotelwangfujing.com\/wp-content\/uploads\/2025\/07\/Sunworld-Hotel-Wangfujing-Beijing-14-300x200.webp 300w, https:\/\/sunworldhotelwangfujing.com\/wp-content\/uploads\/2025\/07\/Sunworld-Hotel-Wangfujing-Beijing-14-1024x682.webp 1024w, https:\/\/sunworldhotelwangfujing.com\/wp-content\/uploads\/2025\/07\/Sunworld-Hotel-Wangfujing-Beijing-14-768x512.webp 768w, https:\/\/sunworldhotelwangfujing.com\/wp-content\/uploads\/2025\/07\/Sunworld-Hotel-Wangfujing-Beijing-14-18x12.webp 18w\" sizes=\"(max-width: 1280px) 100vw, 1280px\" \/>\t\t\t\t\t\t\t\t\t\t\t\t\t\t\t<\/div>\n\t\t\t\t\t<\/div>\n\t\t<\/div>\n\t\t\t\t<div class=\"elementor-column elementor-col-50 elementor-top-column elementor-element elementor-element-3df0a0e\" data-id=\"3df0a0e\" data-element_type=\"column\" data-e-type=\"column\">\n\t\t\t<div class=\"elementor-widget-wrap elementor-element-populated\">\n\t\t\t\t\t\t<div class=\"elementor-element elementor-element-451710b elementor-invisible elementor-widget elementor-widget-heading\" data-id=\"451710b\" data-element_type=\"widget\" data-e-type=\"widget\" data-settings=\"{&quot;_animation&quot;:&quot;nussFadeInUp&quot;}\" data-widget_type=\"heading.default\">\n\t\t\t\t\t<h2 class=\"elementor-heading-title elementor-size-default\">Nahtlose Reiseunterst\u00fctzung f\u00fcr Gesch\u00e4ftsreisende <\/h2>\t\t\t\t<\/div>\n\t\t\t\t<div class=\"elementor-element elementor-element-76c0a67 elementor-invisible elementor-widget elementor-widget-text-editor\" data-id=\"76c0a67\" data-element_type=\"widget\" data-e-type=\"widget\" data-settings=\"{&quot;_animation&quot;:&quot;nussFadeInUp&quot;}\" data-widget_type=\"text-editor.default\">\n\t\t\t\t\t\t\t\t\t<p data-spm-anchor-id=\"a2ty_o01.29997173.0.i43.3c1ec921Rt8uS3\">Wir wissen, dass Zeit f\u00fcr Gesch\u00e4ftsreisende von entscheidender Bedeutung ist. Deshalb bietet das Sunworld Hotel <strong>Express-Check-in und -Check-out <\/strong>, <strong>24-Stunden-Rezeption <\/strong>, Und <strong>personalisierte Concierge-Dienste <\/strong> Wir helfen Ihnen, Ihren Zeitplan zu optimieren. Von der Organisation des Transports bis zur Koordination externer Meetings \u2013 unser mehrsprachiges Personal sorgt daf\u00fcr, dass Ihre Reise reibungslos und effizient verl\u00e4uft.<\/p><div class=\"my-2\">\u00a0<\/div><p data-spm-anchor-id=\"a2ty_o01.29997173.0.i45.3c1ec921Rt8uS3\">Unsere zentrale Lage in <strong>Bezirk Dongcheng <\/strong>\u2013 nur wenige Minuten von wichtigen Regierungsb\u00fcros, Botschaften und Handelszentren entfernt \u2013 macht uns zu einer bevorzugten Wahl f\u00fcr in- und ausl\u00e4ndische Fachkr\u00e4fte. Die N\u00e4he zu <strong>Platz des Himmlischen Friedens <\/strong>, <strong>Wangfujing Business Avenue <\/strong>, Und <strong>Peking CBD <\/strong> gew\u00e4hrleistet einen einfachen Zugang zu den wichtigsten Gesch\u00e4ftsvierteln, w\u00e4hrend nahegelegene U-Bahn-Stationen eine schnelle Verbindung zu den gr\u00f6\u00dften Kongresszentren und Finanzinstituten der Stadt bieten.<\/p>\t\t\t\t\t\t\t\t<\/div>\n\t\t\t\t\t<\/div>\n\t\t<\/div>\n\t\t\t\t\t<\/div>\n\t\t<\/section>\n\t\t\t\t<section class=\"elementor-section elementor-top-section elementor-element elementor-element-b0860a2 elementor-section-boxed elementor-section-gap-beside-yes elementor-section-height-default elementor-section-height-default elementor-section-column-vertical-align-stretch\" data-id=\"b0860a2\" data-element_type=\"section\" data-e-type=\"section\">\n\t\t\t\t\t\t<div class=\"elementor-container elementor-column-gap-extended\">\n\t\t\t\t\t<div class=\"elementor-column elementor-col-50 elementor-top-column elementor-element elementor-element-4e1e694\" data-id=\"4e1e694\" data-element_type=\"column\" data-e-type=\"column\">\n\t\t\t<div class=\"elementor-widget-wrap elementor-element-populated\">\n\t\t\t\t\t\t<div class=\"elementor-element elementor-element-c62d72d elementor-invisible elementor-widget elementor-widget-heading\" data-id=\"c62d72d\" data-element_type=\"widget\" data-e-type=\"widget\" data-settings=\"{&quot;_animation&quot;:&quot;nussFadeInUp&quot;}\" data-widget_type=\"heading.default\">\n\t\t\t\t\t<h2 class=\"elementor-heading-title elementor-size-default\">Essen vor Ort zur Steigerung der Produktivit\u00e4t <\/h2>\t\t\t\t<\/div>\n\t\t\t\t<div class=\"elementor-element elementor-element-c1255f1 elementor-invisible elementor-widget elementor-widget-text-editor\" data-id=\"c1255f1\" data-element_type=\"widget\" data-e-type=\"widget\" data-settings=\"{&quot;_animation&quot;:&quot;nussFadeInUp&quot;}\" data-widget_type=\"text-editor.default\">\n\t\t\t\t\t\t\t\t\t<p data-spm-anchor-id=\"a2ty_o01.29997173.0.i46.3c1ec921Rt8uS3\">Ein erfolgreicher Arbeitstag beginnt mit einem guten Essen. <strong>Restaurant und Loungebereich vor Ort <\/strong> Wir bieten eine Auswahl an gesunden, energiespendenden Fr\u00fchst\u00fccksoptionen, leichten Mahlzeiten und Kaffeeservice \u2013 ideal f\u00fcr informelle Gesch\u00e4ftstreffen oder kurze Pausen zwischen Terminen. F\u00fcr alle, die ungest\u00f6rt in der Privatsph\u00e4re ihres Zimmers arbeiten m\u00f6chten, steht auch der Zimmerservice zur Verf\u00fcgung.<\/p><div class=\"my-2\">\u00a0<\/div><h3 data-spm-anchor-id=\"a2ty_o01.29997173.0.i48.3c1ec921Rt8uS3\">Warum sollten Sie sich bei Gesch\u00e4ftsreisen f\u00fcr das Sunworld Hotel entscheiden?<\/h3><ul data-spm-anchor-id=\"a2ty_o01.29997173.0.i49.3c1ec921Rt8uS3\"><li>\u2714 Erstklassige Lage im Herzen des historischen und gesch\u00e4ftlichen Viertels von Peking<\/li><li>\u2714 Voll ausgestattete Tagungs- und Konferenzr\u00e4ume mit moderner AV-Technik<\/li><li>\u2714 Zuverl\u00e4ssiges Highspeed-WLAN im gesamten Hotel<\/li><li>\u2714 Eigenes Business Center mit Druck- und B\u00fcroservices<\/li><li>\u2714 Mehrsprachiges Support-Personal rund um die Uhr f\u00fcr pers\u00f6nliche Unterst\u00fctzung<\/li><li>\u2714 N\u00e4he zu wichtigen Sehensw\u00fcrdigkeiten, Verkehrsknotenpunkten und Gesch\u00e4ftszentren<\/li><li>\u2714 Komfortable, schallisolierte G\u00e4stezimmer, ideal f\u00fcr Fernarbeit oder Erholung<\/li><\/ul>\t\t\t\t\t\t\t\t<\/div>\n\t\t\t\t\t<\/div>\n\t\t<\/div>\n\t\t\t\t<div class=\"elementor-column elementor-col-50 elementor-top-column elementor-element elementor-element-122aa5a\" data-id=\"122aa5a\" data-element_type=\"column\" data-e-type=\"column\">\n\t\t\t<div class=\"elementor-widget-wrap elementor-element-populated\">\n\t\t\t\t\t\t<div class=\"elementor-element elementor-element-eb3765e elementor-invisible nuss-elementor-loading nuss-slide-in-left elementor-widget elementor-widget-image\" data-id=\"eb3765e\" data-element_type=\"widget\" data-e-type=\"widget\" data-settings=\"{&quot;_animation&quot;:&quot;nussSlideInLeft&quot;}\" data-widget_type=\"image.default\">\n\t\t\t\t\t\t\t\t\t\t\t\t\t\t\t<img loading=\"lazy\" decoding=\"async\" width=\"1280\" height=\"838\" src=\"https:\/\/sunworldhotelwangfujing.com\/wp-content\/uploads\/2025\/07\/Sunworld-Hotel-Wangfujing-Beijing-9.webp\" class=\"attachment-full size-full wp-image-5556\" alt=\"\" srcset=\"https:\/\/sunworldhotelwangfujing.com\/wp-content\/uploads\/2025\/07\/Sunworld-Hotel-Wangfujing-Beijing-9.webp 1280w, https:\/\/sunworldhotelwangfujing.com\/wp-content\/uploads\/2025\/07\/Sunworld-Hotel-Wangfujing-Beijing-9-300x196.webp 300w, https:\/\/sunworldhotelwangfujing.com\/wp-content\/uploads\/2025\/07\/Sunworld-Hotel-Wangfujing-Beijing-9-1024x670.webp 1024w, https:\/\/sunworldhotelwangfujing.com\/wp-content\/uploads\/2025\/07\/Sunworld-Hotel-Wangfujing-Beijing-9-768x503.webp 768w, https:\/\/sunworldhotelwangfujing.com\/wp-content\/uploads\/2025\/07\/Sunworld-Hotel-Wangfujing-Beijing-9-18x12.webp 18w\" sizes=\"(max-width: 1280px) 100vw, 1280px\" \/>\t\t\t\t\t\t\t\t\t\t\t\t\t\t\t<\/div>\n\t\t\t\t\t<\/div>\n\t\t<\/div>\n\t\t\t\t\t<\/div>\n\t\t<\/section>\n\t\t\t\t<\/div>","protected":false},"excerpt":{"rendered":"<p>At Sunworld Hotel Beijing , located at No. 88 Dengshikou Street, Dongcheng District (Beijing, 100006) , we understand that business travelers require more than just a place to rest\u2014they need a seamless blend of comfort, connectivity, and convenience to stay productive while on the move. As one of Beijing&#8217;s most strategically positioned hotels, Sunworld Hotel [&hellip;]<\/p>\n","protected":false},"author":1,"featured_media":0,"parent":0,"menu_order":0,"comment_status":"closed","ping_status":"closed","template":"","meta":{"footnotes":""},"class_list":["post-2109","page","type-page","status-publish","hentry","post-no-thumbnail"],"_links":{"self":[{"href":"https:\/\/sunworldhotelwangfujing.com\/de\/wp-json\/wp\/v2\/pages\/2109","targetHints":{"allow":["GET"]}}],"collection":[{"href":"https:\/\/sunworldhotelwangfujing.com\/de\/wp-json\/wp\/v2\/pages"}],"about":[{"href":"https:\/\/sunworldhotelwangfujing.com\/de\/wp-json\/wp\/v2\/types\/page"}],"author":[{"embeddable":true,"href":"https:\/\/sunworldhotelwangfujing.com\/de\/wp-json\/wp\/v2\/users\/1"}],"replies":[{"embeddable":true,"href":"https:\/\/sunworldhotelwangfujing.com\/de\/wp-json\/wp\/v2\/comments?post=2109"}],"version-history":[{"count":0,"href":"https:\/\/sunworldhotelwangfujing.com\/de\/wp-json\/wp\/v2\/pages\/2109\/revisions"}],"wp:attachment":[{"href":"https:\/\/sunworldhotelwangfujing.com\/de\/wp-json\/wp\/v2\/media?parent=2109"}],"curies":[{"name":"wp","href":"https:\/\/api.w.org\/{rel}","templated":true}]}}