{"id":2108,"date":"2021-03-26T06:46:16","date_gmt":"2021-03-26T06:46:16","guid":{"rendered":"http:\/\/localhost\/nuss\/?page_id=437"},"modified":"2025-12-04T09:15:17","modified_gmt":"2025-12-04T09:15:17","slug":"spa","status":"publish","type":"page","link":"https:\/\/sunworldhotelwangfujing.com\/de\/spa\/","title":{"rendered":"Spa"},"content":{"rendered":"<div data-elementor-type=\"wp-page\" data-elementor-id=\"2108\" class=\"elementor elementor-2108\">\n\t\t\t\t\t\t<section class=\"elementor-section elementor-top-section elementor-element elementor-element-e56a0cd elementor-section-boxed elementor-section-gap-beside-yes elementor-section-height-default elementor-section-height-default elementor-section-column-vertical-align-stretch\" data-id=\"e56a0cd\" data-element_type=\"section\" data-e-type=\"section\">\n\t\t\t\t\t\t<div class=\"elementor-container elementor-column-gap-extended\">\n\t\t\t\t\t<div class=\"elementor-column elementor-col-100 elementor-top-column elementor-element elementor-element-0b4465f\" data-id=\"0b4465f\" data-element_type=\"column\" data-e-type=\"column\">\n\t\t\t<div class=\"elementor-widget-wrap elementor-element-populated\">\n\t\t\t\t\t\t<div class=\"elementor-element elementor-element-c5bfb65 elementor-widget__width-initial elementor-invisible elementor-widget elementor-widget-text-editor\" data-id=\"c5bfb65\" data-element_type=\"widget\" data-e-type=\"widget\" data-settings=\"{&quot;_animation&quot;:&quot;nussFadeInUp&quot;}\" data-widget_type=\"text-editor.default\">\n\t\t\t\t\t\t\t\t\t<p data-spm-anchor-id=\"a2ty_o01.29997173.0.i106.3c1ec921Rt8uS3\">Inmitten der gesch\u00e4ftigen Stadtlandschaft Pekings ist ein Ort der Ruhe selten \u2013 doch im Sunworld Hotel haben wir eine Oase geschaffen, in der moderner Luxus auf traditionelle chinesische Heilkunst trifft. Ob Sie gesch\u00e4ftlich unterwegs sind, Sightseeing machen oder die Kultur genie\u00dfen m\u00f6chten \u2013 unsere Wellnesseinrichtungen bieten Ihnen eine ganzheitliche Erholung vom Alltag.<\/p>\t\t\t\t\t\t\t\t<\/div>\n\t\t\t\t\t<\/div>\n\t\t<\/div>\n\t\t\t\t\t<\/div>\n\t\t<\/section>\n\t\t<div class=\"elementor-element elementor-element-118eab0 e-flex e-con-boxed e-con e-parent\" data-id=\"118eab0\" data-element_type=\"container\" data-e-type=\"container\">\n\t\t\t\t\t<div class=\"e-con-inner\">\n\t\t\t\t<div class=\"elementor-element elementor-element-08dcd7f elementor-widget elementor-widget-image\" data-id=\"08dcd7f\" data-element_type=\"widget\" data-e-type=\"widget\" data-widget_type=\"image.default\">\n\t\t\t\t\t\t\t\t\t\t\t\t\t\t\t<img fetchpriority=\"high\" decoding=\"async\" width=\"1024\" height=\"640\" src=\"https:\/\/sunworldhotelwangfujing.com\/wp-content\/uploads\/2025\/07\/Sunworld-Hotel-Wangfujing-Beijing-11-1024x640.webp\" class=\"attachment-large size-large wp-image-5558\" alt=\"\" srcset=\"https:\/\/sunworldhotelwangfujing.com\/wp-content\/uploads\/2025\/07\/Sunworld-Hotel-Wangfujing-Beijing-11-1024x640.webp 1024w, https:\/\/sunworldhotelwangfujing.com\/wp-content\/uploads\/2025\/07\/Sunworld-Hotel-Wangfujing-Beijing-11-300x188.webp 300w, https:\/\/sunworldhotelwangfujing.com\/wp-content\/uploads\/2025\/07\/Sunworld-Hotel-Wangfujing-Beijing-11-768x480.webp 768w, https:\/\/sunworldhotelwangfujing.com\/wp-content\/uploads\/2025\/07\/Sunworld-Hotel-Wangfujing-Beijing-11-18x12.webp 18w, https:\/\/sunworldhotelwangfujing.com\/wp-content\/uploads\/2025\/07\/Sunworld-Hotel-Wangfujing-Beijing-11.webp 1280w\" sizes=\"(max-width: 1024px) 100vw, 1024px\" \/>\t\t\t\t\t\t\t\t\t\t\t\t\t\t\t<\/div>\n\t\t\t\t\t<\/div>\n\t\t\t\t<\/div>\n\t\t<div class=\"elementor-element elementor-element-bae79b7 e-flex e-con-boxed e-con e-parent\" data-id=\"bae79b7\" data-element_type=\"container\" data-e-type=\"container\">\n\t\t\t\t\t<div class=\"e-con-inner\">\n\t\t\t\t<div class=\"elementor-element elementor-element-97afb62 elementor-widget elementor-widget-text-editor\" data-id=\"97afb62\" data-element_type=\"widget\" data-e-type=\"widget\" data-widget_type=\"text-editor.default\">\n\t\t\t\t\t\t\t\t\t<h4>Ein Zufluchtsort f\u00fcr Ruhe<\/h4><p>Treten Sie ein in unser <strong>Wellness Spa <\/strong>, wo sanfte Beleuchtung, beruhigende Aromen und beruhigende Musik den Ton f\u00fcr Entspannung angeben. Das Ambiente ist inspiriert von beiden <strong>\u00d6stliche Wellness-Philosophien <\/strong> Und <strong>zeitgen\u00f6ssisches Spa-Design <\/strong>und sorgt f\u00fcr eine nahtlose Mischung aus Authentizit\u00e4t und modernem Komfort. Sobald Sie eintreten, sp\u00fcren Sie, wie der Stress des Reisens und des Stadtlebens von Ihnen abf\u00e4llt.<\/p><p data-spm-anchor-id=\"a2ty_o01.29997173.0.i109.3c1ec921Rt8uS3\">Unsere Behandlungsr\u00e4ume sind ger\u00e4umig, schallisoliert und mit erstklassigen Annehmlichkeiten ausgestattet, um Ihnen gr\u00f6\u00dftm\u00f6gliche Privatsph\u00e4re und Komfort zu gew\u00e4hrleisten. Jede Sitzung wird von <strong>erfahrene, professionell ausgebildete Therapeuten <\/strong> die sowohl auf traditionelle chinesische Therapien als auch auf internationale Wellnesstechniken spezialisiert sind.<\/p><h4 data-spm-anchor-id=\"a2ty_o01.29997173.0.i107.3c1ec921Rt8uS3\">Traditionelle Heilung trifft auf modernen Luxus<\/h4><p>Der Kern unserer Wellness-Philosophie ist die \u00dcberzeugung, dass wahre Entspannung durch die gemeinsame Behandlung von K\u00f6rper, Geist und Seele entsteht. Deshalb umfasst unser Leistungsangebot:<\/p><ul><li><strong>Traditionelle chinesische Akupressur und Tui Na-Massage <\/strong>: Tiefengewebstherapien, die auf jahrhundertealten Praktiken basieren, um Muskelverspannungen zu l\u00f6sen, die Durchblutung zu verbessern und den Energiefluss wiederherzustellen.<\/li><li><strong>Aromatherapie-Massage <\/strong>: Individuelle Mischungen \u00e4therischer \u00d6le, abgestimmt auf Ihre Stimmung und Bed\u00fcrfnisse, f\u00fcr tiefe Entspannung und emotionale Ausgeglichenheit.<\/li><li><strong>Gesichtsbehandlungen <\/strong>: Unsere Gesichtsbehandlungen verwenden hochwertige Hautpflegeprodukte und zielen auf Feuchtigkeitsversorgung, Anti-Aging und Hautreinigung f\u00fcr einen strahlenden Teint ab.<\/li><li><strong>K\u00f6rperpeelings und Packungen <\/strong>: Peeling-Behandlungen, die Ihre Haut erfrischt und seidig glatt machen.<\/li><li><strong>Fu\u00dfreflexzonenmassage <\/strong>: Eine therapeutische Methode, die sich auf Druckpunkte in den F\u00fc\u00dfen konzentriert, um die allgemeine Gesundheit und innere Harmonie zu f\u00f6rdern.<\/li><li><strong>Sauna &amp; Dampfb\u00e4der <\/strong>: Ideal zur Entgiftung und Muskelregeneration nach einem langen Tag in Peking.<\/li><\/ul><p>Egal, ob Sie sich f\u00fcr eine kurze Entspannungssitzung oder eine ganzt\u00e4gige Wellnessreise entscheiden, unser Spa bietet einen personalisierten Ansatz zur Selbstpflege.<\/p><h4>Kostenlose Annehmlichkeiten f\u00fcr ganzheitliche Entspannung<\/h4><p>Neben unseren Behandlungsangeboten bietet der Wellnessbereich auch <strong>Sauna und Dampfb\u00e4der <\/strong>, <strong>Entspannungslounges <\/strong>, Und <strong>Kr\u00e4utertee-Ecken <\/strong>, sodass Sie Ihr Erlebnis \u00fcber die Massageliege hinaus erweitern k\u00f6nnen. Wir empfehlen unseren G\u00e4sten, sich vor und nach der Behandlung Zeit zu nehmen, die Atmosph\u00e4re zu genie\u00dfen und die wohltuende Wirkung voll und ganz in ihren K\u00f6rper einflie\u00dfen zu lassen.<\/p><p>Wir bieten auch <strong>gef\u00fchrte Atem\u00fcbungen <\/strong>, <strong>leichte Dehn\u00fcbungen <\/strong>, Und <strong>ruhige Meditationsr\u00e4ume <\/strong> auf Anfrage \u2013 perfekt f\u00fcr Reisende, die im hektischen Stadtleben geistige Klarheit und inneren Frieden suchen.<\/p><h4>Perfekt positioniert f\u00fcr Reisende auf der Suche nach Balance<\/h4><p>Befindet sich in der <strong>geschichtstr\u00e4chtiger Bezirk Dongcheng <\/strong>Das Sunworld Hotel Beijing ist von einigen der ber\u00fchmtesten Wahrzeichen der Hauptstadt umgeben \u2013 darunter <strong>Platz des Himmlischen Friedens <\/strong>, Die <strong>Verbotene Stadt <\/strong>, Und <strong>Wangfujing Einkaufsstra\u00dfe <\/strong>. Nach einem Tag voller Erkundungen oder Meetings ist die R\u00fcckkehr in unsere Wellnesseinrichtungen die ideale M\u00f6glichkeit, sich zu entspannen und neue Kraft zu tanken.<\/p><p>Die g\u00fcnstige Lage nur wenige Minuten von Pekings wichtigsten Sehensw\u00fcrdigkeiten entfernt \u2013 kombiniert mit der Ruhe unserer Wellness-Umgebung \u2013 macht das Sunworld Hotel zu einem einzigartigen Reiseziel f\u00fcr Reisende, die sowohl Abenteuer als auch Selbstf\u00fcrsorge sch\u00e4tzen.<\/p><h4>Verpflichtung zu Sauberkeit und Sicherheit<\/h4><p>Ihr Wohlbefinden hat f\u00fcr uns oberste Priorit\u00e4t. Unsere Wellnesseinrichtungen erf\u00fcllen h\u00f6chste Hygienestandards und reinigen regelm\u00e4\u00dfig alle Ger\u00e4te, W\u00e4sche und Gemeinschaftsbereiche. Alle Therapeuten befolgen strenge Gesundheitsprotokolle. Um die Einhaltung der Abstandsregeln und eine individuelle Betreuung zu gew\u00e4hrleisten, sind private Termine m\u00f6glich.<\/p><p>Wir bieten auch <strong>umweltfreundliche Produkte <\/strong> Und <strong>nat\u00fcrliche Inhaltsstoffe <\/strong> wo immer m\u00f6glich, was unser Engagement f\u00fcr Nachhaltigkeit und ganzheitliche Gesundheit widerspiegelt.<\/p><div class=\"py-2 my-3\"><hr \/><\/div><h3>Warum sollten Sie sich f\u00fcr unsere Wellnesseinrichtungen entscheiden?<\/h3><ul><li>\u2705 Erfahrene Therapeuten, die sowohl in \u00f6stlichen als auch in westlichen Wellness-Traditionen ausgebildet sind<\/li><li>\u2705 Authentische chinesische Heiltherapien wie Tui Na, Akupressur und Reflexzonenmassage<\/li><li>\u2705 Luxuri\u00f6ses Ambiente f\u00fcr Entspannung und geistige Klarheit<\/li><li>\u2705 Kostenloser Zugang zu Sauna, Dampfbad und Kr\u00e4utertee-Lounge<\/li><li>\u2705 Strategische Lage in der N\u00e4he der wichtigsten Sehensw\u00fcrdigkeiten Pekings<\/li><li>\u2705 Hohe Sauberkeits- und Sicherheitsstandards mit umweltbewussten Praktiken<\/li><\/ul><p>Ob Sie sich vom Jetlag erholen, Muskelerm\u00fcdung nach einem Tag in alten Pal\u00e4sten lindern oder sich einfach nach einem Moment der Ruhe sehnen, unsere <strong>Wellnesseinrichtungen im Sunworld Hotel Beijing <\/strong> bieten den perfekten R\u00fcckzugsort.<\/p><div class=\"py-2 my-3\"><hr \/><\/div><p data-spm-anchor-id=\"a2ty_o01.29997173.0.i102.3c1ec921Rt8uS3\"><strong data-spm-anchor-id=\"a2ty_o01.29997173.0.i104.3c1ec921Rt8uS3\">Buchen Sie noch heute Ihren Aufenthalt und erleben Sie die transformierende Kraft ganzheitlichen Wohlbefindens im Herzen der chinesischen Hauptstadt. Im Sunworld Hotel Beijing bieten wir Ihnen nicht nur einen Platz zum Schlafen \u2013 wir laden Sie ein, zu heilen, zu entspannen und sich selbst neu zu entdecken. <\/strong><\/p>\t\t\t\t\t\t\t\t<\/div>\n\t\t\t\t\t<\/div>\n\t\t\t\t<\/div>\n\t\t\t\t<\/div>","protected":false},"excerpt":{"rendered":"<p>In the midst of Beijing\u2019s bustling urban landscape, finding a space that nurtures tranquility can be rare \u2014 but at Sunworld Hotel, we\u2019ve created an oasis where modern luxury meets traditional Chinese healing arts. Whether you&#8217;re visiting for business, sightseeing, or cultural immersion, our wellness facilities are thoughtfully curated to offer a holistic escape from [&hellip;]<\/p>\n","protected":false},"author":1,"featured_media":0,"parent":0,"menu_order":0,"comment_status":"closed","ping_status":"closed","template":"","meta":{"footnotes":""},"class_list":["post-2108","page","type-page","status-publish","hentry","post-no-thumbnail"],"_links":{"self":[{"href":"https:\/\/sunworldhotelwangfujing.com\/de\/wp-json\/wp\/v2\/pages\/2108","targetHints":{"allow":["GET"]}}],"collection":[{"href":"https:\/\/sunworldhotelwangfujing.com\/de\/wp-json\/wp\/v2\/pages"}],"about":[{"href":"https:\/\/sunworldhotelwangfujing.com\/de\/wp-json\/wp\/v2\/types\/page"}],"author":[{"embeddable":true,"href":"https:\/\/sunworldhotelwangfujing.com\/de\/wp-json\/wp\/v2\/users\/1"}],"replies":[{"embeddable":true,"href":"https:\/\/sunworldhotelwangfujing.com\/de\/wp-json\/wp\/v2\/comments?post=2108"}],"version-history":[{"count":0,"href":"https:\/\/sunworldhotelwangfujing.com\/de\/wp-json\/wp\/v2\/pages\/2108\/revisions"}],"wp:attachment":[{"href":"https:\/\/sunworldhotelwangfujing.com\/de\/wp-json\/wp\/v2\/media?parent=2108"}],"curies":[{"name":"wp","href":"https:\/\/api.w.org\/{rel}","templated":true}]}}