{"id":2104,"date":"2021-03-23T09:33:48","date_gmt":"2021-03-23T09:33:48","guid":{"rendered":"http:\/\/localhost\/nuss\/?page_id=167"},"modified":"2025-12-04T09:14:47","modified_gmt":"2025-12-04T09:14:47","slug":"unsere-geschichte","status":"publish","type":"page","link":"https:\/\/sunworldhotelwangfujing.com\/de\/unsere-geschichte\/","title":{"rendered":"Unsere Geschichte"},"content":{"rendered":"<div data-elementor-type=\"wp-page\" data-elementor-id=\"2104\" class=\"elementor elementor-2104\">\n\t\t\t\t\t\t<section class=\"elementor-section elementor-top-section elementor-element elementor-element-8f5bb9d elementor-section-boxed elementor-section-gap-beside-yes elementor-section-height-default elementor-section-height-default elementor-section-column-vertical-align-stretch\" data-id=\"8f5bb9d\" data-element_type=\"section\" data-e-type=\"section\">\n\t\t\t\t\t\t<div class=\"elementor-container elementor-column-gap-extended\">\n\t\t\t\t\t<div class=\"elementor-column elementor-col-100 elementor-top-column elementor-element elementor-element-7ec4215\" data-id=\"7ec4215\" data-element_type=\"column\" data-e-type=\"column\">\n\t\t\t<div class=\"elementor-widget-wrap elementor-element-populated\">\n\t\t\t\t\t\t<div class=\"elementor-element elementor-element-edd9d03 elementor-widget__width-initial elementor-invisible elementor-widget elementor-widget-text-editor\" data-id=\"edd9d03\" data-element_type=\"widget\" data-e-type=\"widget\" data-settings=\"{&quot;_animation&quot;:&quot;nussFadeInUp&quot;}\" data-widget_type=\"text-editor.default\">\n\t\t\t\t\t\t\t\t\t<p>Unsere Geschichte \u2013 Die Reise des Sunworld Hotel Beijing<\/p>\t\t\t\t\t\t\t\t<\/div>\n\t\t\t\t\t<\/div>\n\t\t<\/div>\n\t\t\t\t\t<\/div>\n\t\t<\/section>\n\t\t<div class=\"elementor-element elementor-element-58eb78b e-flex e-con-boxed e-con e-parent\" data-id=\"58eb78b\" data-element_type=\"container\" data-e-type=\"container\">\n\t\t\t\t\t<div class=\"e-con-inner\">\n\t\t\t\t<div class=\"elementor-element elementor-element-b3151e7 elementor-widget elementor-widget-text-editor\" data-id=\"b3151e7\" data-element_type=\"widget\" data-e-type=\"widget\" data-widget_type=\"text-editor.default\">\n\t\t\t\t\t\t\t\t\t<p>Im Herzen einer der historisch reichsten und kulturell lebendigsten St\u00e4dte der Welt steht das **Sunworld Hotel Beijing** f\u00fcr moderne Gastfreundschaft, die auf Tradition, Service und Innovation basiert. Unser Hotel in der Dengshikou-Stra\u00dfe 88 im Bezirk Dongcheng (Peking, 100006) ist mehr als nur eine Unterkunft \u2013 es verk\u00f6rpert die Vision, ein einladendes Reiseziel zu schaffen, an dem Reisende aus aller Welt die W\u00e4rme chinesischer Gastfreundschaft erleben und gleichzeitig den Komfort modernen Designs und Komforts genie\u00dfen k\u00f6nnen.<\/p><p>#### Ein Erbe, das auf Exzellenz beruht<\/p><p>Die Geschichte des Sunworld Hotel Beijing begann mit einer einfachen, aber wirkungsvollen Idee: G\u00e4sten eine nahtlose Mischung aus Komfort, Barrierefreiheit und kultureller Authentizit\u00e4t zu bieten. Als Teil der wachsenden **Sunworld Hospitality Group**, die in ganz Asien f\u00fcr ihr Engagement f\u00fcr Qualit\u00e4t und G\u00e4stezufriedenheit bekannt ist, wurde das Hotel in Peking gegr\u00fcndet, um sowohl internationalen Besuchern als auch einheimischen Reisenden eine zuverl\u00e4ssige, hochwertige Unterkunft im historischen Stadtkern zu bieten.<\/p><p>Von Anfang an war unsere Mission klar: Wir m\u00f6chten unseren G\u00e4sten durch pers\u00f6nlichen Service, eine strategische Lage und durchdacht gestaltete R\u00e4ume, die sowohl Modernit\u00e4t als auch den tief verwurzelten Charme Pekings widerspiegeln, ein unvergessliches Erlebnis bieten.<\/p><p>#### Das Herz der Geschichte und Kultur w\u00e4hlen<\/p><p>Bei der Wahl des perfekten Standorts f\u00fcr das Sunworld Hotel Beijing war uns klar, dass er nicht nur praktisch, sondern auch inspirierend sein musste. Deshalb entschieden wir uns f\u00fcr die Dengshikou-Stra\u00dfe im Bezirk Dongcheng, ein geschichtstr\u00e4chtiges Viertel, umgeben von einigen der ber\u00fchmtesten Wahrzeichen der Hauptstadt. Nur wenige Schritte vom Tiananmen-Platz, der Verbotenen Stadt und der Wangfujing-Einkaufsstra\u00dfe entfernt, bietet unser Hotel seinen G\u00e4sten direkten Zugang zu Pekings kaiserlicher Vergangenheit und dynamischer Gegenwart.<\/p><p>Diese erstklassige Lage ist kein Zufall; sie spiegelt unsere \u00dcberzeugung wider, dass Reisen eine Verbindung sein sollte \u2013 nicht nur zu Orten, sondern auch zu Menschen, Kultur und Erlebnissen. Ob Sie gesch\u00e4ftlich, privat oder zum Erkunden hier sind \u2013 ein Aufenthalt im Sunworld Hotel bedeutet, in die Seele Pekings einzutauchen.<\/p><p>#### Ein zweites Zuhause schaffen<\/p><p>Seit unserer Er\u00f6ffnung haben wir unerm\u00fcdlich daran gearbeitet, einen Ort zu schaffen, der sich wie ein zweites Zuhause anf\u00fchlt. Unser Team wei\u00df, dass jeder Reisende einzigartig ist \u2013 egal, ob Sie nach einem Langstreckenflug ankommen, sich auf ein wichtiges Meeting vorbereiten oder zu Ihrem ersten Besuch in China aufbrechen. Deshalb haben wir unser Hotel sowohl praktisch als auch komfortabel gestaltet.<\/p><p>Von elegant eingerichteten G\u00e4stezimmern und Suiten bis hin zu unserem hauseigenen Restaurant, das sowohl lokale Spezialit\u00e4ten als auch internationale Klassiker serviert, wurde jedes Detail sorgf\u00e4ltig ausgew\u00e4hlt, um Ihren Aufenthalt zu versch\u00f6nern. Wir haben in hochmoderne Annehmlichkeiten wie **Highspeed-WLAN**, **Concierge-Service rund um die Uhr**, **Konferenzr\u00e4ume** und unser einzigartiges **Wellness-Spa** investiert \u2013 alles, um sicherzustellen, dass jeder Gast erfrischt, verbunden und inspiriert abreist.<\/p><p>#### Zielgerichtet wachsen<\/p><p>Im Laufe der Jahre hat das Sunworld Hotel Beijing nicht nur seinen Ruf, sondern auch seine Zielsetzungen verbessert. Wir sind stolz darauf, Tausende von G\u00e4sten aus aller Welt begr\u00fc\u00dfen zu d\u00fcrfen \u2013 Gesch\u00e4ftsleute, Familien, Alleinreisende, Diplomaten, Studenten und Abenteurer. Ihr Feedback hat unsere Entwicklung gepr\u00e4gt und uns geholfen, unsere Dienstleistungen zu verfeinern, unsere Einrichtungen zu verbessern und unser Engagement f\u00fcr Nachhaltigkeit, Kundenbetreuung und gesellschaftliches Engagement zu vertiefen.<\/p><p>Wir sind kontinuierlich bestrebt, unsere Werte **Integrit\u00e4t, Innovation und Inklusivit\u00e4t** aufrechtzuerhalten und sicherzustellen, dass sich jeder Gast \u2013 unabh\u00e4ngig von Herkunft, Hintergrund oder Besuchsgrund \u2013 respektiert, wertgesch\u00e4tzt und gut aufgehoben f\u00fchlt.<\/p><p>#### Vorausschauen<\/p><p>Auf unserem Weg konzentrieren wir uns auf das Wichtigste: unsere G\u00e4ste. Im Sunworld Hotel Beijing glauben wir, dass Gastfreundschaft nicht nur darin besteht, ein Zimmer zur Verf\u00fcgung zu stellen, sondern besondere Momente zu schaffen. Ob es das L\u00e4cheln eines Mitarbeiters ist, der sich an Ihren Namen erinnert, der Duft eines jeden Morgen frisch servierten Fr\u00fchst\u00fccks oder die Gewissheit, in einem der vertrauensw\u00fcrdigsten Hotels Pekings zu \u00fcbernachten \u2013 diese Details pr\u00e4gen unsere Geschichte.<\/p><p>Vielen Dank, dass Sie Teil unserer Reise sind. Wir freuen uns darauf, Sie bald im Sunworld Hotel Beijing begr\u00fc\u00dfen zu d\u00fcrfen \u2013 wo Tradition auf Moderne trifft und jeder Gast Teil unseres sich entwickelnden Erbes wird.<\/p><p>\u2014<\/p><p>**Entdecken Sie die Geschichte hinter dem Aufenthalt. Buchen Sie Ihre Reise noch heute bei uns.**<\/p>\t\t\t\t\t\t\t\t<\/div>\n\t\t\t\t\t<\/div>\n\t\t\t\t<\/div>\n\t\t\t\t<\/div>","protected":false},"excerpt":{"rendered":"<p>Our Story \u2013 The Journey of Sunworld Hotel Beijing At the heart of one of the world\u2019s most historically rich and culturally vibrant cities, **Sunworld Hotel Beijing** stands as a symbol of modern hospitality rooted in tradition, service, and innovation. Located at **No. 88 Dengshikou Street, Dongcheng District (Beijing, 100006)**, our hotel is more than [&hellip;]<\/p>\n","protected":false},"author":1,"featured_media":0,"parent":0,"menu_order":0,"comment_status":"closed","ping_status":"closed","template":"","meta":{"footnotes":""},"class_list":["post-2104","page","type-page","status-publish","hentry","post-no-thumbnail"],"_links":{"self":[{"href":"https:\/\/sunworldhotelwangfujing.com\/de\/wp-json\/wp\/v2\/pages\/2104","targetHints":{"allow":["GET"]}}],"collection":[{"href":"https:\/\/sunworldhotelwangfujing.com\/de\/wp-json\/wp\/v2\/pages"}],"about":[{"href":"https:\/\/sunworldhotelwangfujing.com\/de\/wp-json\/wp\/v2\/types\/page"}],"author":[{"embeddable":true,"href":"https:\/\/sunworldhotelwangfujing.com\/de\/wp-json\/wp\/v2\/users\/1"}],"replies":[{"embeddable":true,"href":"https:\/\/sunworldhotelwangfujing.com\/de\/wp-json\/wp\/v2\/comments?post=2104"}],"version-history":[{"count":0,"href":"https:\/\/sunworldhotelwangfujing.com\/de\/wp-json\/wp\/v2\/pages\/2104\/revisions"}],"wp:attachment":[{"href":"https:\/\/sunworldhotelwangfujing.com\/de\/wp-json\/wp\/v2\/media?parent=2104"}],"curies":[{"name":"wp","href":"https:\/\/api.w.org\/{rel}","templated":true}]}}